{"id":14483,"date":"2023-04-18T10:19:47","date_gmt":"2023-04-18T10:19:47","guid":{"rendered":"https:\/\/linas.lt\/?page_id=14483"},"modified":"2024-01-16T09:38:17","modified_gmt":"2024-01-16T07:38:17","slug":"es-projects","status":"publish","type":"page","link":"https:\/\/linas.lt\/en\/es-projects\/","title":{"rendered":"ES Projects"},"content":{"rendered":"<p>[vc_row][vc_column][vc_column_text]<img loading=\"lazy\" decoding=\"async\" class=\"wp-image-15365 alignleft\" src=\"https:\/\/linas.lt\/wp-content\/uploads\/2024\/01\/LT-Bendrai-finansuoja-Europos-Sajunga_POS-1024x215.jpg\" alt=\"\" width=\"706\" height=\"148\" srcset=\"https:\/\/linas.lt\/wp-content\/uploads\/2024\/01\/LT-Bendrai-finansuoja-Europos-Sajunga_POS-1024x215.jpg 1024w, https:\/\/linas.lt\/wp-content\/uploads\/2024\/01\/LT-Bendrai-finansuoja-Europos-Sajunga_POS-300x63.jpg 300w, https:\/\/linas.lt\/wp-content\/uploads\/2024\/01\/LT-Bendrai-finansuoja-Europos-Sajunga_POS-768x161.jpg 768w, https:\/\/linas.lt\/wp-content\/uploads\/2024\/01\/LT-Bendrai-finansuoja-Europos-Sajunga_POS-1536x322.jpg 1536w, https:\/\/linas.lt\/wp-content\/uploads\/2024\/01\/LT-Bendrai-finansuoja-Europos-Sajunga_POS-2048x430.jpg 2048w\" sizes=\"auto, (max-width: 706px) 100vw, 706px\" \/><\/p>\n<p>&nbsp;<\/p>\n<p>&nbsp;<\/p>\n<p>&nbsp;<\/p>\n<p>&nbsp;<\/p>\n<p>&nbsp;<\/p>\n<p><strong>Installation of Renewable Energy Generation Capacities<\/strong><\/p>\n<p>AB &#8220;Linas&#8221; is implementing the project &#8220;Installation of Renewable Energy Generation Capacities&#8221; partially funded by the European Union funds. The goal of the project is to increase the share of renewable energy resources in final energy consumption.<\/p>\n<p>During the project implementation, AB &#8220;Linas&#8221; will integrate an energy efficiency measure &#8211; a 1000 kW solar power plant, which will enable energy savings and reduce electricity costs (it is planned that the solar power plant will produce approximately 950.00 MWh per year). The implementation of the project will also contribute to mitigating the impact of climate change in Lithuania, addressing air pollution issues, and reducing dependence on imported energy resources.<\/p>\n<p>The total eligible cost of the project is 667,242.43 Euros.<\/p>\n<p>Funding allocated for the project implementation from the European Union funds is 149,226.67 Euros.<\/p>\n<p>Project start \u2013 October 10, 2023.<\/p>\n<p>The end of the project \u2013 2025. October 31<\/p>\n<p>[\/vc_column_text][\/vc_column][\/vc_row][vc_row][vc_column][vc_column_text]<strong>DIZAINO SPARNAI PROJECT<\/strong><\/p>\n<p>It is a project of non-financial support that brings together talents, knowledge, and experience to create globally<img loading=\"lazy\" decoding=\"async\" class=\"wp-image-14494 alignright\" src=\"https:\/\/linas.lt\/wp-content\/uploads\/2023\/04\/2.jpg\" alt=\"\" width=\"422\" height=\"264\" srcset=\"https:\/\/linas.lt\/wp-content\/uploads\/2023\/04\/2.jpg 813w, https:\/\/linas.lt\/wp-content\/uploads\/2023\/04\/2-300x187.jpg 300w, https:\/\/linas.lt\/wp-content\/uploads\/2023\/04\/2-768x480.jpg 768w\" sizes=\"auto, (max-width: 422px) 100vw, 422px\" \/> competitive\u00a0design products and services of the future that are based on the principles of innovation and the digital and circular economy.<\/p>\n<p>The main goal &#8211; Create fabric designs\/structures that allow innovative presentation of linen products from recycled yarns and allow customers to discover the benefits of &#8220;modern linen&#8221; by highlighting the sustainability aspects of linen.<\/p>\n<p>The project is funded by the European Regional Development Fund (as part of the European Union&#8217;s response to the COVID-19 pandemic) under the Operational Programme for Investment in European Union Funds 2014\u20132020.<\/p>\n<p>The amount of non-financial support allocated to the company is EUR\u00a026\u00a0285.<\/p>\n<p>The project is in progress until 31 January 2023.<\/p>\n<p>Project executor AB Linas.[\/vc_column_text][\/vc_column][\/vc_row]<\/p>\n","protected":false},"excerpt":{"rendered":"<p>[vc_row][vc_column][vc_column_text] &nbsp; &nbsp; &nbsp; &nbsp; &nbsp; Installation of Renewable Energy Generation Capacities AB &#8220;Linas&#8221; is implementing the project &#8220;Installation of Renewable Energy Generation Capacities&#8221; partially funded by the European Union funds. The goal of the project is to increase the share of renewable energy resources in final energy consumption. During the project implementation, AB &#8220;Linas&#8221; [&hellip;]<\/p>\n","protected":false},"author":1,"featured_media":0,"parent":0,"menu_order":0,"comment_status":"closed","ping_status":"closed","template":"","meta":{"_acf_changed":false,"footnotes":""},"class_list":["post-14483","page","type-page","status-publish","hentry"],"acf":[],"yoast_head":"<!-- This site is optimized with the Yoast SEO plugin v25.8 - https:\/\/yoast.com\/wordpress\/plugins\/seo\/ -->\n<title>ES Projects - linas.lt<\/title>\n<meta name=\"robots\" content=\"index, follow, max-snippet:-1, max-image-preview:large, max-video-preview:-1\" \/>\n<link rel=\"canonical\" href=\"https:\/\/linas.lt\/en\/es-projects\/\" \/>\n<meta property=\"og:locale\" content=\"en_US\" \/>\n<meta property=\"og:type\" content=\"article\" \/>\n<meta property=\"og:title\" content=\"ES Projects - linas.lt\" \/>\n<meta property=\"og:description\" content=\"[vc_row][vc_column][vc_column_text] &nbsp; &nbsp; &nbsp; &nbsp; &nbsp; Installation of Renewable Energy Generation Capacities AB &#8220;Linas&#8221; is implementing the project &#8220;Installation of Renewable Energy Generation Capacities&#8221; partially funded by the European Union funds. The goal of the project is to increase the share of renewable energy resources in final energy consumption. During the project implementation, AB &#8220;Linas&#8221; [&hellip;]\" \/>\n<meta property=\"og:url\" content=\"https:\/\/linas.lt\/en\/es-projects\/\" \/>\n<meta property=\"og:site_name\" content=\"linas.lt\" \/>\n<meta property=\"article:modified_time\" content=\"2024-01-16T07:38:17+00:00\" \/>\n<meta property=\"og:image\" content=\"https:\/\/linas.lt\/wp-content\/uploads\/2024\/01\/LT-Bendrai-finansuoja-Europos-Sajunga_POS-1024x215.jpg\" \/>\n<meta name=\"twitter:card\" content=\"summary_large_image\" \/>\n<meta name=\"twitter:label1\" content=\"Est. reading time\" \/>\n\t<meta name=\"twitter:data1\" content=\"2 minutes\" \/>\n<script type=\"application\/ld+json\" class=\"yoast-schema-graph\">{\"@context\":\"https:\/\/schema.org\",\"@graph\":[{\"@type\":\"WebPage\",\"@id\":\"https:\/\/linas.lt\/en\/es-projects\/\",\"url\":\"https:\/\/linas.lt\/en\/es-projects\/\",\"name\":\"ES Projects - linas.lt\",\"isPartOf\":{\"@id\":\"https:\/\/linas.lt\/en\/#website\"},\"primaryImageOfPage\":{\"@id\":\"https:\/\/linas.lt\/en\/es-projects\/#primaryimage\"},\"image\":{\"@id\":\"https:\/\/linas.lt\/en\/es-projects\/#primaryimage\"},\"thumbnailUrl\":\"https:\/\/linas.lt\/wp-content\/uploads\/2024\/01\/LT-Bendrai-finansuoja-Europos-Sajunga_POS-1024x215.jpg\",\"datePublished\":\"2023-04-18T10:19:47+00:00\",\"dateModified\":\"2024-01-16T07:38:17+00:00\",\"breadcrumb\":{\"@id\":\"https:\/\/linas.lt\/en\/es-projects\/#breadcrumb\"},\"inLanguage\":\"en-US\",\"potentialAction\":[{\"@type\":\"ReadAction\",\"target\":[\"https:\/\/linas.lt\/en\/es-projects\/\"]}]},{\"@type\":\"ImageObject\",\"inLanguage\":\"en-US\",\"@id\":\"https:\/\/linas.lt\/en\/es-projects\/#primaryimage\",\"url\":\"https:\/\/linas.lt\/wp-content\/uploads\/2024\/01\/LT-Bendrai-finansuoja-Europos-Sajunga_POS-1024x215.jpg\",\"contentUrl\":\"https:\/\/linas.lt\/wp-content\/uploads\/2024\/01\/LT-Bendrai-finansuoja-Europos-Sajunga_POS-1024x215.jpg\"},{\"@type\":\"BreadcrumbList\",\"@id\":\"https:\/\/linas.lt\/en\/es-projects\/#breadcrumb\",\"itemListElement\":[{\"@type\":\"ListItem\",\"position\":1,\"name\":\"Home\",\"item\":\"https:\/\/linas.lt\/en\/\"},{\"@type\":\"ListItem\",\"position\":2,\"name\":\"ES Projects\"}]},{\"@type\":\"WebSite\",\"@id\":\"https:\/\/linas.lt\/en\/#website\",\"url\":\"https:\/\/linas.lt\/en\/\",\"name\":\"linas.lt\",\"description\":\"Viena did\u017eiausi\u0173 lin\u0173 tekstil\u0117s gamintoj\u0173 Lietuvoje ir Baltijos valstyb\u0117se. Gilios tradicijos, ilgamet\u0117 darbo patirtis puosel\u0117jama nuo 1957 m.\",\"potentialAction\":[{\"@type\":\"SearchAction\",\"target\":{\"@type\":\"EntryPoint\",\"urlTemplate\":\"https:\/\/linas.lt\/en\/?s={search_term_string}\"},\"query-input\":{\"@type\":\"PropertyValueSpecification\",\"valueRequired\":true,\"valueName\":\"search_term_string\"}}],\"inLanguage\":\"en-US\"}]}<\/script>\n<!-- \/ Yoast SEO plugin. -->","yoast_head_json":{"title":"ES Projects - linas.lt","robots":{"index":"index","follow":"follow","max-snippet":"max-snippet:-1","max-image-preview":"max-image-preview:large","max-video-preview":"max-video-preview:-1"},"canonical":"https:\/\/linas.lt\/en\/es-projects\/","og_locale":"en_US","og_type":"article","og_title":"ES Projects - linas.lt","og_description":"[vc_row][vc_column][vc_column_text] &nbsp; &nbsp; &nbsp; &nbsp; &nbsp; Installation of Renewable Energy Generation Capacities AB &#8220;Linas&#8221; is implementing the project &#8220;Installation of Renewable Energy Generation Capacities&#8221; partially funded by the European Union funds. The goal of the project is to increase the share of renewable energy resources in final energy consumption. During the project implementation, AB &#8220;Linas&#8221; [&hellip;]","og_url":"https:\/\/linas.lt\/en\/es-projects\/","og_site_name":"linas.lt","article_modified_time":"2024-01-16T07:38:17+00:00","og_image":[{"url":"https:\/\/linas.lt\/wp-content\/uploads\/2024\/01\/LT-Bendrai-finansuoja-Europos-Sajunga_POS-1024x215.jpg","type":"","width":"","height":""}],"twitter_card":"summary_large_image","twitter_misc":{"Est. reading time":"2 minutes"},"schema":{"@context":"https:\/\/schema.org","@graph":[{"@type":"WebPage","@id":"https:\/\/linas.lt\/en\/es-projects\/","url":"https:\/\/linas.lt\/en\/es-projects\/","name":"ES Projects - linas.lt","isPartOf":{"@id":"https:\/\/linas.lt\/en\/#website"},"primaryImageOfPage":{"@id":"https:\/\/linas.lt\/en\/es-projects\/#primaryimage"},"image":{"@id":"https:\/\/linas.lt\/en\/es-projects\/#primaryimage"},"thumbnailUrl":"https:\/\/linas.lt\/wp-content\/uploads\/2024\/01\/LT-Bendrai-finansuoja-Europos-Sajunga_POS-1024x215.jpg","datePublished":"2023-04-18T10:19:47+00:00","dateModified":"2024-01-16T07:38:17+00:00","breadcrumb":{"@id":"https:\/\/linas.lt\/en\/es-projects\/#breadcrumb"},"inLanguage":"en-US","potentialAction":[{"@type":"ReadAction","target":["https:\/\/linas.lt\/en\/es-projects\/"]}]},{"@type":"ImageObject","inLanguage":"en-US","@id":"https:\/\/linas.lt\/en\/es-projects\/#primaryimage","url":"https:\/\/linas.lt\/wp-content\/uploads\/2024\/01\/LT-Bendrai-finansuoja-Europos-Sajunga_POS-1024x215.jpg","contentUrl":"https:\/\/linas.lt\/wp-content\/uploads\/2024\/01\/LT-Bendrai-finansuoja-Europos-Sajunga_POS-1024x215.jpg"},{"@type":"BreadcrumbList","@id":"https:\/\/linas.lt\/en\/es-projects\/#breadcrumb","itemListElement":[{"@type":"ListItem","position":1,"name":"Home","item":"https:\/\/linas.lt\/en\/"},{"@type":"ListItem","position":2,"name":"ES Projects"}]},{"@type":"WebSite","@id":"https:\/\/linas.lt\/en\/#website","url":"https:\/\/linas.lt\/en\/","name":"linas.lt","description":"Viena did\u017eiausi\u0173 lin\u0173 tekstil\u0117s gamintoj\u0173 Lietuvoje ir Baltijos valstyb\u0117se. Gilios tradicijos, ilgamet\u0117 darbo patirtis puosel\u0117jama nuo 1957 m.","potentialAction":[{"@type":"SearchAction","target":{"@type":"EntryPoint","urlTemplate":"https:\/\/linas.lt\/en\/?s={search_term_string}"},"query-input":{"@type":"PropertyValueSpecification","valueRequired":true,"valueName":"search_term_string"}}],"inLanguage":"en-US"}]}},"_links":{"self":[{"href":"https:\/\/linas.lt\/en\/wp-json\/wp\/v2\/pages\/14483","targetHints":{"allow":["GET"]}}],"collection":[{"href":"https:\/\/linas.lt\/en\/wp-json\/wp\/v2\/pages"}],"about":[{"href":"https:\/\/linas.lt\/en\/wp-json\/wp\/v2\/types\/page"}],"author":[{"embeddable":true,"href":"https:\/\/linas.lt\/en\/wp-json\/wp\/v2\/users\/1"}],"replies":[{"embeddable":true,"href":"https:\/\/linas.lt\/en\/wp-json\/wp\/v2\/comments?post=14483"}],"version-history":[{"count":8,"href":"https:\/\/linas.lt\/en\/wp-json\/wp\/v2\/pages\/14483\/revisions"}],"predecessor-version":[{"id":15380,"href":"https:\/\/linas.lt\/en\/wp-json\/wp\/v2\/pages\/14483\/revisions\/15380"}],"wp:attachment":[{"href":"https:\/\/linas.lt\/en\/wp-json\/wp\/v2\/media?parent=14483"}],"curies":[{"name":"wp","href":"https:\/\/api.w.org\/{rel}","templated":true}]}}