{"id":1819,"date":"2021-08-31T11:29:12","date_gmt":"2021-08-31T11:29:12","guid":{"rendered":"https:\/\/linas.lt\/?page_id=1819"},"modified":"2023-06-29T09:18:58","modified_gmt":"2023-06-29T09:18:58","slug":"about-us","status":"publish","type":"page","link":"https:\/\/linas.lt\/en\/about-us\/","title":{"rendered":"About us"},"content":{"rendered":"<p>[vc_row][vc_column][vc_column_text el_class=&#8221;boxefect&#8221;]UAB Linas LT is vertical integrated manufacturing company with following production stages: Yarn dyeing -&gt; Weaving -&gt; Finishing -&gt; Sewing -&gt; Packing.<\/p>\n<p><strong>WEAVING<\/strong><\/p>\n<p>Company is weaving pure linen and linen mix fabrics with jacquard and dobby weaving looms for garments, home textile or technical purposes, according to the customer\u2019s preferred fabric technical characteristics and the desired colors. The width of fabrics 140-300cm (limited possibilities for wide width fabric), the weight of fabric 80-400gr\/sqm.<\/p>\n<p>Equipment: 60 weaving looms<\/p>\n<p>Production volumes ~ 60 000 m\/month.<\/p>\n<p><strong>FINISHING<\/strong><\/p>\n<p>Following finishing can be performed on our or client\u2019s fabrics or products:<\/p>\n<ul>\n<li>Bleaching<\/li>\n<li>Dyeing<\/li>\n<li>Printing \u2013 flat printing up to 7 colors<\/li>\n<li>Softening \u2013 mechanical, chemical, Aero<\/li>\n<li>Preshrinkage \u2013 finishing to reduce shrinkage of the fabric<\/li>\n<li>Special finishes \u2013 see our SMART products<\/li>\n<li>Fabrics coating \u2013 one of the most exclusive finishes performed in the company; coating is the application of functional, protective or decorative layer on the surface of the material. By changing the fabric, chemicals or methods of coating, new exclusive effects with new application and new functions are obtained.<\/li>\n<li>Washing and dyeing of ready made items and garments.<\/li>\n<li>Yarn dyeing from natural fibers<\/li>\n<\/ul>\n<p>7 yarn deing and \u00a022 finishing equipment<\/p>\n<p>Production volumes for yarn dyeing ~ 22 000 kg\/month, for fabric finishing ~ 150 000 m\/month<\/p>\n<p>&nbsp;<\/p>\n<p><strong>SEWING<\/strong><\/p>\n<p>Sewing simple clothes and home textiles:<\/p>\n<ul>\n<li>Table linen (tablecloth, runners, napkins)<\/li>\n<li>Kitchen products (aprons, potholders, gloves, towels)<\/li>\n<li>Bedding<\/li>\n<li>Interior products (curtains, throws, pillows)<\/li>\n<li>Accessories (purses, bags, scarves, cosmetic bags)<\/li>\n<li>Products for sauna (robes, towels, pads on stools).<\/li>\n<\/ul>\n<p>Equipment: 55 sewing machines<\/p>\n<p>Production volumes ~ 78 000 pcs\/month.[\/vc_column_text][\/vc_column][\/vc_row][vc_row][vc_column][vc_column_text el_class=&#8221;boxefect&#8221;]<\/p>\n<h3>MAIN ACTIVITIES OF THE COMPANY<\/h3>\n<p>Manufacture of ready made textile items- by SCEA 13.9<br \/>\nWholesale of textiles &#8211; by SCEA code 46.41<\/p>\n<p>\u201cEuropean Union Funds Investment Action Program 2014-2020\u201d<br \/>\nUAB \u201eLinas LT\u201c together with Latvian company \u201eJLU Technologies Ltd research&amp;developing\u201d and State reasearch institute \u201enature research center\u201c implementing the project \u201eInnovative multifunctional biotextile, integrated with silica dioxide and succinite development, and its impact on biosystems\u201c IFSITEX No.01.2.2-MITA-K-702-02-002. Project period year 2018- 2021.<br \/>\nThe project concept is related to comprehensive research based on development of innovative biotextile with the potential ability to protect living organisms against adverse external environment factors. For the first time, there will be performed complex compounds integrated into textiles.<br \/>\nThe main goal of AB Linas in the project is business with such work directions as increasing the share of the existing markets, improving of customer retention and entering new market sectors.<br \/>\nThe working tasks include development and application of modern technologies, creation of innovative material compositions and advanced products, and their introduction to customers. Created new products could offer customers performance benefits that cannot be matched by competitors of AB Linas.<br \/>\nThis project is funded by the EU Structural Funds under project 01.2.2-MITA-K-702 &#8220;Promotion of the Commercialization and Internationalization of R&amp;D Results&#8221;.[\/vc_column_text][\/vc_column][\/vc_row][vc_row][vc_column][vc_column_text el_class=&#8221;boxefect&#8221;]<img loading=\"lazy\" decoding=\"async\" class=\" wp-image-13817 alignleft\" src=\"https:\/\/linas.lt\/wp-content\/uploads\/2022\/10\/5000-300x300.jpg\" alt=\"\" width=\"243\" height=\"243\" srcset=\"https:\/\/linas.lt\/wp-content\/uploads\/2022\/10\/5000-300x300.jpg 300w, https:\/\/linas.lt\/wp-content\/uploads\/2022\/10\/5000-1024x1024.jpg 1024w, https:\/\/linas.lt\/wp-content\/uploads\/2022\/10\/5000-150x150.jpg 150w, https:\/\/linas.lt\/wp-content\/uploads\/2022\/10\/5000-768x768.jpg 768w, https:\/\/linas.lt\/wp-content\/uploads\/2022\/10\/5000-1536x1536.jpg 1536w, https:\/\/linas.lt\/wp-content\/uploads\/2022\/10\/5000-2048x2048.jpg 2048w, https:\/\/linas.lt\/wp-content\/uploads\/2022\/10\/5000-450x450.jpg 450w\" sizes=\"auto, (max-width: 243px) 100vw, 243px\" \/><img loading=\"lazy\" decoding=\"async\" class=\" wp-image-13821 alignleft\" src=\"https:\/\/linas.lt\/wp-content\/uploads\/2022\/10\/2-1-300x300.jpg\" alt=\"\" width=\"245\" height=\"245\" srcset=\"https:\/\/linas.lt\/wp-content\/uploads\/2022\/10\/2-1-300x300.jpg 300w, https:\/\/linas.lt\/wp-content\/uploads\/2022\/10\/2-1-1024x1024.jpg 1024w, https:\/\/linas.lt\/wp-content\/uploads\/2022\/10\/2-1-150x150.jpg 150w, https:\/\/linas.lt\/wp-content\/uploads\/2022\/10\/2-1-768x768.jpg 768w, https:\/\/linas.lt\/wp-content\/uploads\/2022\/10\/2-1-1536x1536.jpg 1536w, https:\/\/linas.lt\/wp-content\/uploads\/2022\/10\/2-1-2048x2048.jpg 2048w, https:\/\/linas.lt\/wp-content\/uploads\/2022\/10\/2-1-450x450.jpg 450w\" sizes=\"auto, (max-width: 245px) 100vw, 245px\" \/><img loading=\"lazy\" decoding=\"async\" class=\" wp-image-13824 alignleft\" src=\"https:\/\/linas.lt\/wp-content\/uploads\/2022\/10\/tadas_kazakevicius026-1-300x300.jpg\" alt=\"\" width=\"244\" height=\"244\" srcset=\"https:\/\/linas.lt\/wp-content\/uploads\/2022\/10\/tadas_kazakevicius026-1-300x300.jpg 300w, https:\/\/linas.lt\/wp-content\/uploads\/2022\/10\/tadas_kazakevicius026-1-150x150.jpg 150w, https:\/\/linas.lt\/wp-content\/uploads\/2022\/10\/tadas_kazakevicius026-1-768x768.jpg 768w, https:\/\/linas.lt\/wp-content\/uploads\/2022\/10\/tadas_kazakevicius026-1-450x450.jpg 450w, https:\/\/linas.lt\/wp-content\/uploads\/2022\/10\/tadas_kazakevicius026-1.jpg 960w\" sizes=\"auto, (max-width: 244px) 100vw, 244px\" \/><img loading=\"lazy\" decoding=\"async\" class=\"wp-image-13828 alignleft\" src=\"https:\/\/linas.lt\/wp-content\/uploads\/2022\/10\/DSC_0003-300x300.jpg\" alt=\"\" width=\"245\" height=\"245\" srcset=\"https:\/\/linas.lt\/wp-content\/uploads\/2022\/10\/DSC_0003-300x300.jpg 300w, https:\/\/linas.lt\/wp-content\/uploads\/2022\/10\/DSC_0003-1024x1024.jpg 1024w, https:\/\/linas.lt\/wp-content\/uploads\/2022\/10\/DSC_0003-150x150.jpg 150w, https:\/\/linas.lt\/wp-content\/uploads\/2022\/10\/DSC_0003-768x768.jpg 768w, https:\/\/linas.lt\/wp-content\/uploads\/2022\/10\/DSC_0003-1536x1536.jpg 1536w, https:\/\/linas.lt\/wp-content\/uploads\/2022\/10\/DSC_0003-2048x2048.jpg 2048w, https:\/\/linas.lt\/wp-content\/uploads\/2022\/10\/DSC_0003-450x450.jpg 450w\" sizes=\"auto, (max-width: 245px) 100vw, 245px\" \/>[\/vc_column_text][\/vc_column][vc_column][\/vc_column][\/vc_row][vc_row][vc_column][vc_column_text el_class=&#8221;boxefect&#8221;]<\/p>\n<h2 style=\"text-align: center;\"><iframe loading=\"lazy\" title=\"YouTube video player\" src=\"https:\/\/www.youtube.com\/embed\/4hdSAljbCq8\" width=\"560\" height=\"315\" frameborder=\"0\" allowfullscreen=\"allowfullscreen\"><\/iframe><\/h2>\n<p>[\/vc_column_text][\/vc_column][vc_column][\/vc_column][\/vc_row]<\/p>\n","protected":false},"excerpt":{"rendered":"<p>[vc_row][vc_column][vc_column_text el_class=&#8221;boxefect&#8221;]UAB Linas LT is vertical integrated manufacturing company with following production stages: Yarn dyeing -&gt; Weaving -&gt; Finishing -&gt; Sewing -&gt; Packing. WEAVING Company is weaving pure linen and linen mix fabrics with jacquard and dobby weaving looms for garments, home textile or technical purposes, according to the customer\u2019s preferred fabric technical characteristics and [&hellip;]<\/p>\n","protected":false},"author":1,"featured_media":13795,"parent":0,"menu_order":44,"comment_status":"closed","ping_status":"closed","template":"page-about-us.php","meta":{"_acf_changed":false,"footnotes":""},"class_list":["post-1819","page","type-page","status-publish","has-post-thumbnail","hentry"],"acf":[],"yoast_head":"<!-- This site is optimized with the Yoast SEO plugin v25.8 - https:\/\/yoast.com\/wordpress\/plugins\/seo\/ -->\n<title>About us - linas.lt<\/title>\n<meta name=\"robots\" content=\"index, follow, max-snippet:-1, max-image-preview:large, max-video-preview:-1\" \/>\n<link rel=\"canonical\" href=\"https:\/\/linas.lt\/en\/about-us\/\" \/>\n<meta property=\"og:locale\" content=\"en_US\" \/>\n<meta property=\"og:type\" content=\"article\" \/>\n<meta property=\"og:title\" content=\"About us - linas.lt\" \/>\n<meta property=\"og:description\" content=\"[vc_row][vc_column][vc_column_text el_class=&#8221;boxefect&#8221;]UAB Linas LT is vertical integrated manufacturing company with following production stages: Yarn dyeing -&gt; Weaving -&gt; Finishing -&gt; Sewing -&gt; Packing. WEAVING Company is weaving pure linen and linen mix fabrics with jacquard and dobby weaving looms for garments, home textile or technical purposes, according to the customer\u2019s preferred fabric technical characteristics and [&hellip;]\" \/>\n<meta property=\"og:url\" content=\"https:\/\/linas.lt\/en\/about-us\/\" \/>\n<meta property=\"og:site_name\" content=\"linas.lt\" \/>\n<meta property=\"article:modified_time\" content=\"2023-06-29T09:18:58+00:00\" \/>\n<meta property=\"og:image\" content=\"https:\/\/linas.lt\/wp-content\/uploads\/2022\/10\/Untitled-1-3-scaled.jpg\" \/>\n\t<meta property=\"og:image:width\" content=\"2560\" \/>\n\t<meta property=\"og:image:height\" content=\"1024\" \/>\n\t<meta property=\"og:image:type\" content=\"image\/jpeg\" \/>\n<meta name=\"twitter:card\" content=\"summary_large_image\" \/>\n<meta name=\"twitter:label1\" content=\"Est. reading time\" \/>\n\t<meta name=\"twitter:data1\" content=\"3 minutes\" \/>\n<script type=\"application\/ld+json\" class=\"yoast-schema-graph\">{\"@context\":\"https:\/\/schema.org\",\"@graph\":[{\"@type\":\"WebPage\",\"@id\":\"https:\/\/linas.lt\/en\/about-us\/\",\"url\":\"https:\/\/linas.lt\/en\/about-us\/\",\"name\":\"About us - linas.lt\",\"isPartOf\":{\"@id\":\"https:\/\/linas.lt\/en\/#website\"},\"primaryImageOfPage\":{\"@id\":\"https:\/\/linas.lt\/en\/about-us\/#primaryimage\"},\"image\":{\"@id\":\"https:\/\/linas.lt\/en\/about-us\/#primaryimage\"},\"thumbnailUrl\":\"https:\/\/linas.lt\/wp-content\/uploads\/2022\/10\/Untitled-1-3-scaled.jpg\",\"datePublished\":\"2021-08-31T11:29:12+00:00\",\"dateModified\":\"2023-06-29T09:18:58+00:00\",\"breadcrumb\":{\"@id\":\"https:\/\/linas.lt\/en\/about-us\/#breadcrumb\"},\"inLanguage\":\"en-US\",\"potentialAction\":[{\"@type\":\"ReadAction\",\"target\":[\"https:\/\/linas.lt\/en\/about-us\/\"]}]},{\"@type\":\"ImageObject\",\"inLanguage\":\"en-US\",\"@id\":\"https:\/\/linas.lt\/en\/about-us\/#primaryimage\",\"url\":\"https:\/\/linas.lt\/wp-content\/uploads\/2022\/10\/Untitled-1-3-scaled.jpg\",\"contentUrl\":\"https:\/\/linas.lt\/wp-content\/uploads\/2022\/10\/Untitled-1-3-scaled.jpg\",\"width\":2560,\"height\":1024},{\"@type\":\"BreadcrumbList\",\"@id\":\"https:\/\/linas.lt\/en\/about-us\/#breadcrumb\",\"itemListElement\":[{\"@type\":\"ListItem\",\"position\":1,\"name\":\"Home\",\"item\":\"https:\/\/linas.lt\/en\/\"},{\"@type\":\"ListItem\",\"position\":2,\"name\":\"About us\"}]},{\"@type\":\"WebSite\",\"@id\":\"https:\/\/linas.lt\/en\/#website\",\"url\":\"https:\/\/linas.lt\/en\/\",\"name\":\"linas.lt\",\"description\":\"Viena did\u017eiausi\u0173 lin\u0173 tekstil\u0117s gamintoj\u0173 Lietuvoje ir Baltijos valstyb\u0117se. Gilios tradicijos, ilgamet\u0117 darbo patirtis puosel\u0117jama nuo 1957 m.\",\"potentialAction\":[{\"@type\":\"SearchAction\",\"target\":{\"@type\":\"EntryPoint\",\"urlTemplate\":\"https:\/\/linas.lt\/en\/?s={search_term_string}\"},\"query-input\":{\"@type\":\"PropertyValueSpecification\",\"valueRequired\":true,\"valueName\":\"search_term_string\"}}],\"inLanguage\":\"en-US\"}]}<\/script>\n<!-- \/ Yoast SEO plugin. -->","yoast_head_json":{"title":"About us - linas.lt","robots":{"index":"index","follow":"follow","max-snippet":"max-snippet:-1","max-image-preview":"max-image-preview:large","max-video-preview":"max-video-preview:-1"},"canonical":"https:\/\/linas.lt\/en\/about-us\/","og_locale":"en_US","og_type":"article","og_title":"About us - linas.lt","og_description":"[vc_row][vc_column][vc_column_text el_class=&#8221;boxefect&#8221;]UAB Linas LT is vertical integrated manufacturing company with following production stages: Yarn dyeing -&gt; Weaving -&gt; Finishing -&gt; Sewing -&gt; Packing. WEAVING Company is weaving pure linen and linen mix fabrics with jacquard and dobby weaving looms for garments, home textile or technical purposes, according to the customer\u2019s preferred fabric technical characteristics and [&hellip;]","og_url":"https:\/\/linas.lt\/en\/about-us\/","og_site_name":"linas.lt","article_modified_time":"2023-06-29T09:18:58+00:00","og_image":[{"width":2560,"height":1024,"url":"https:\/\/linas.lt\/wp-content\/uploads\/2022\/10\/Untitled-1-3-scaled.jpg","type":"image\/jpeg"}],"twitter_card":"summary_large_image","twitter_misc":{"Est. reading time":"3 minutes"},"schema":{"@context":"https:\/\/schema.org","@graph":[{"@type":"WebPage","@id":"https:\/\/linas.lt\/en\/about-us\/","url":"https:\/\/linas.lt\/en\/about-us\/","name":"About us - linas.lt","isPartOf":{"@id":"https:\/\/linas.lt\/en\/#website"},"primaryImageOfPage":{"@id":"https:\/\/linas.lt\/en\/about-us\/#primaryimage"},"image":{"@id":"https:\/\/linas.lt\/en\/about-us\/#primaryimage"},"thumbnailUrl":"https:\/\/linas.lt\/wp-content\/uploads\/2022\/10\/Untitled-1-3-scaled.jpg","datePublished":"2021-08-31T11:29:12+00:00","dateModified":"2023-06-29T09:18:58+00:00","breadcrumb":{"@id":"https:\/\/linas.lt\/en\/about-us\/#breadcrumb"},"inLanguage":"en-US","potentialAction":[{"@type":"ReadAction","target":["https:\/\/linas.lt\/en\/about-us\/"]}]},{"@type":"ImageObject","inLanguage":"en-US","@id":"https:\/\/linas.lt\/en\/about-us\/#primaryimage","url":"https:\/\/linas.lt\/wp-content\/uploads\/2022\/10\/Untitled-1-3-scaled.jpg","contentUrl":"https:\/\/linas.lt\/wp-content\/uploads\/2022\/10\/Untitled-1-3-scaled.jpg","width":2560,"height":1024},{"@type":"BreadcrumbList","@id":"https:\/\/linas.lt\/en\/about-us\/#breadcrumb","itemListElement":[{"@type":"ListItem","position":1,"name":"Home","item":"https:\/\/linas.lt\/en\/"},{"@type":"ListItem","position":2,"name":"About us"}]},{"@type":"WebSite","@id":"https:\/\/linas.lt\/en\/#website","url":"https:\/\/linas.lt\/en\/","name":"linas.lt","description":"Viena did\u017eiausi\u0173 lin\u0173 tekstil\u0117s gamintoj\u0173 Lietuvoje ir Baltijos valstyb\u0117se. Gilios tradicijos, ilgamet\u0117 darbo patirtis puosel\u0117jama nuo 1957 m.","potentialAction":[{"@type":"SearchAction","target":{"@type":"EntryPoint","urlTemplate":"https:\/\/linas.lt\/en\/?s={search_term_string}"},"query-input":{"@type":"PropertyValueSpecification","valueRequired":true,"valueName":"search_term_string"}}],"inLanguage":"en-US"}]}},"_links":{"self":[{"href":"https:\/\/linas.lt\/en\/wp-json\/wp\/v2\/pages\/1819","targetHints":{"allow":["GET"]}}],"collection":[{"href":"https:\/\/linas.lt\/en\/wp-json\/wp\/v2\/pages"}],"about":[{"href":"https:\/\/linas.lt\/en\/wp-json\/wp\/v2\/types\/page"}],"author":[{"embeddable":true,"href":"https:\/\/linas.lt\/en\/wp-json\/wp\/v2\/users\/1"}],"replies":[{"embeddable":true,"href":"https:\/\/linas.lt\/en\/wp-json\/wp\/v2\/comments?post=1819"}],"version-history":[{"count":17,"href":"https:\/\/linas.lt\/en\/wp-json\/wp\/v2\/pages\/1819\/revisions"}],"predecessor-version":[{"id":14800,"href":"https:\/\/linas.lt\/en\/wp-json\/wp\/v2\/pages\/1819\/revisions\/14800"}],"wp:featuredmedia":[{"embeddable":true,"href":"https:\/\/linas.lt\/en\/wp-json\/wp\/v2\/media\/13795"}],"wp:attachment":[{"href":"https:\/\/linas.lt\/en\/wp-json\/wp\/v2\/media?parent=1819"}],"curies":[{"name":"wp","href":"https:\/\/api.w.org\/{rel}","templated":true}]}}