{"id":1866,"date":"2021-09-02T10:12:01","date_gmt":"2021-09-02T10:12:01","guid":{"rendered":"https:\/\/linas.lt\/?page_id=1866"},"modified":"2022-12-20T19:23:28","modified_gmt":"2022-12-20T19:23:28","slug":"sustainability","status":"publish","type":"page","link":"https:\/\/linas.lt\/en\/about-us\/sustainability\/","title":{"rendered":"Sustainability"},"content":{"rendered":"<p>[vc_row][vc_column][vc_column_text]<\/p>\n<h3 style=\"text-align: left;\">WAY TO SUSTAINABILITY!<\/h3>\n<p>60 years of experience in manufacturing taught us a lot, starting from how to select the best quality of fiber until realising how a small change of our actions can cause a chain reaction to a better future.<br \/>\nIn our perception the pursuit of sustainability is to lower the number of world polluting factors to the minimum. The first step was made in 2017 when our company started using only green energy. That means all of the power provided to our manufacturing area is only from renewable sources.<\/p>\n<p>The concept of linen and its natural sustainability is pretty much clear to everyone \u2013 it is durable, naturally biodegradable and recyclable. Flax fiber does not require the use of any pesticides or chemicals to grow. But there are plenty of other materials that are not so eco-friendly, that may take hundreds of years to moulder and produce tons of toxic waste during the process. Our, as green company, responsibility is to reduce the amount of thrown fabrics. That\u2019s when recycled yarns took a place in our collections.<br \/>\nWe believe that recovering something for a new life is one of the most beautiful process that human hands have created. Started from simply weaved few-coloured fabrics with recycled yarns, we are now launching collections with many designs, colours, structures and already sewed items. In recycled collection you now may find our new partners \u201cHack your jeans\u201d and try something very unusual and new \u2013 linen and recycled jeans blend. It may seem that we have done a lot caring about the environment, but we still had a long way to go to implement our sustainabiliy policy.<\/p>\n<p><img loading=\"lazy\" decoding=\"async\" class=\"alignnone size-full wp-image-13885\" src=\"https:\/\/linas.lt\/wp-content\/uploads\/2022\/10\/HACK-1.jpg\" alt=\"\" width=\"313\" height=\"132\" srcset=\"https:\/\/linas.lt\/wp-content\/uploads\/2022\/10\/HACK-1.jpg 313w, https:\/\/linas.lt\/wp-content\/uploads\/2022\/10\/HACK-1-300x127.jpg 300w\" sizes=\"auto, (max-width: 313px) 100vw, 313px\" \/><img loading=\"lazy\" decoding=\"async\" class=\"alignnone wp-image-13888\" src=\"https:\/\/linas.lt\/wp-content\/uploads\/2022\/10\/logo-Belda-2.jpg\" alt=\"\" width=\"240\" height=\"163\" srcset=\"https:\/\/linas.lt\/wp-content\/uploads\/2022\/10\/logo-Belda-2.jpg 600w, https:\/\/linas.lt\/wp-content\/uploads\/2022\/10\/logo-Belda-2-300x204.jpg 300w\" sizes=\"auto, (max-width: 240px) 100vw, 240px\" \/><\/p>\n<p>&nbsp;<\/p>\n<p>When we first heard about the Fashion Revolution movement we were happy as the manufacturers to share it with world \u2013 WE MADE YOUR CLOTHES. This is not something you might take part in, you must be a part of it. The whole idea of transparency is a perfect way to show our clients process of creating \u2013 from weaving until packing and labelling clothes. Since whole process of production is made at our factory we are glad to share it with you. Meet our team, people who are making linen worth wearing and using:<\/p>\n<p><img loading=\"lazy\" decoding=\"async\" class=\"alignnone size-full wp-image-13848\" src=\"https:\/\/linas.lt\/wp-content\/uploads\/2022\/10\/pilnas.png\" alt=\"\" width=\"931\" height=\"500\" srcset=\"https:\/\/linas.lt\/wp-content\/uploads\/2022\/10\/pilnas.png 931w, https:\/\/linas.lt\/wp-content\/uploads\/2022\/10\/pilnas-300x161.png 300w, https:\/\/linas.lt\/wp-content\/uploads\/2022\/10\/pilnas-768x412.png 768w\" sizes=\"auto, (max-width: 931px) 100vw, 931px\" \/>[\/vc_column_text][\/vc_column][\/vc_row][vc_row][vc_column width=&#8221;1\/2&#8243;][vc_column_text]<\/p>\n<h2 style=\"text-align: center;\">Better cotton initiative<\/h2>\n<p>Starting from 2020 we are also a member of BCI. Better cotton initiative is a global not-for-profit organisation that provides training on more sustainable farming practices, together with partners to more than two million cotton farmers in 21 countries. In the 2017-18 cotton season, licenced BCI Farmers produced more than five million metric tonnes of \u2018Better Cotton\u2019 \u2013 that accounts for around 19% of global cotton production! Numbers and the feeling belonging to such organization are amazing! Even better knowing when our customers recognises these three letters and values them as well as we do.<\/p>\n<p><img loading=\"lazy\" decoding=\"async\" class=\"size-medium wp-image-147 aligncenter\" src=\"https:\/\/linas.lt\/wp-content\/uploads\/2021\/07\/20170426104313BCI_Logo_2015-300x132.png\" alt=\"\" width=\"300\" height=\"132\" srcset=\"https:\/\/linas.lt\/wp-content\/uploads\/2021\/07\/20170426104313BCI_Logo_2015-300x132.png 300w, https:\/\/linas.lt\/wp-content\/uploads\/2021\/07\/20170426104313BCI_Logo_2015-1024x450.png 1024w, https:\/\/linas.lt\/wp-content\/uploads\/2021\/07\/20170426104313BCI_Logo_2015-768x338.png 768w, https:\/\/linas.lt\/wp-content\/uploads\/2021\/07\/20170426104313BCI_Logo_2015-1536x676.png 1536w, https:\/\/linas.lt\/wp-content\/uploads\/2021\/07\/20170426104313BCI_Logo_2015-2048x901.png 2048w\" sizes=\"auto, (max-width: 300px) 100vw, 300px\" \/>[\/vc_column_text][\/vc_column][vc_column width=&#8221;1\/2&#8243;][vc_column_text]<\/p>\n<h2 style=\"text-align: center;\">Reusable products<\/h2>\n<p>Plastic pollution in the world is no wonder or secret. The question remains for each of us \u2013 do we want to contribute to it by increasing or decreasing it?<br \/>\nWe believe that you want to reduce the amount of plastic you consume and make a conscious choice of reusable items and you will be satisfied with durable, natural linen shopping and storage bags, which were made reusing all of the leftovers from the production, including the salvadges. Three words RE-duce, RE-use, RE-cycle defines our zero waste collection.<\/p>\n<p><img loading=\"lazy\" decoding=\"async\" class=\"aligncenter size-medium wp-image-1836\" src=\"https:\/\/linas.lt\/wp-content\/uploads\/2021\/09\/zero-300x200.jpg\" alt=\"\" width=\"300\" height=\"200\" srcset=\"https:\/\/linas.lt\/wp-content\/uploads\/2021\/09\/zero-300x200.jpg 300w, https:\/\/linas.lt\/wp-content\/uploads\/2021\/09\/zero-768x511.jpg 768w, https:\/\/linas.lt\/wp-content\/uploads\/2021\/09\/zero.jpg 1000w\" sizes=\"auto, (max-width: 300px) 100vw, 300px\" \/>[\/vc_column_text][\/vc_column][\/vc_row][vc_row][vc_column][vc_column_text]<\/p>\n<p>I am text block. Click edit button to change this text. Lorem ipsum dolor sit amet, consectetur adipiscing elit. Ut elit tellus, luctus nec ullamcorper mattis, pulvinar dapibus leo.<\/p>\n<p>[\/vc_column_text][vc_column_text]<\/p>\n<h2 style=\"text-align: center;\">Global recycled standard<\/h2>\n<p>These three words you can now see next to our company\u2019s name are the best evaluation for our long-standing goal. Obtaining such a certificate means being universally recognized as a sustainable, responsible company that offers a range of recycled fabrics and ready-made products.<\/p>\n<p>Control Union since 2008 ensure that these certificates are issued only to companies that meet the requirements of a transparent production chain, social and environmental practices and chemical restrictions. After a long aspiratipon, this certificate is already in our hands, which only further obliges us as manufacturers to expand the range of recycled fabrics.<\/p>\n<p>By expanding this assortment, we are one of the first to start the development of recycling the linen waste that are left after the manufacturing process. This recycling project was developed together with our partners in Spain, Belda Llorens, and the most exciting part of this project is that from now on our production leaves no linen waste! Recycled yarns are often synthetic, but we have been able to achieve a new result in the market and deliver you 100% recycled linen yarn together with the fabrics and products made from it.<\/p>\n<p><img loading=\"lazy\" decoding=\"async\" class=\"alignnone size-full wp-image-13500\" src=\"https:\/\/linas.lt\/wp-content\/uploads\/2022\/06\/GRS-logo.png\" alt=\"\" width=\"1354\" height=\"393\" srcset=\"https:\/\/linas.lt\/wp-content\/uploads\/2022\/06\/GRS-logo.png 1354w, https:\/\/linas.lt\/wp-content\/uploads\/2022\/06\/GRS-logo-300x87.png 300w, https:\/\/linas.lt\/wp-content\/uploads\/2022\/06\/GRS-logo-1024x297.png 1024w, https:\/\/linas.lt\/wp-content\/uploads\/2022\/06\/GRS-logo-768x223.png 768w\" sizes=\"auto, (max-width: 1354px) 100vw, 1354px\" \/>[\/vc_column_text][\/vc_column][\/vc_row][vc_row][vc_column][vc_column_text]<\/p>\n<h2 style=\"text-align: center;\">Change of the concept<\/h2>\n<p>There are not only major decisions that are worth calling eco. We live under few simple rules in our everyday life that cause not less of an impact:<br \/>\n\u2022 We are not utilizing cut offs \u2013 they are donated to social institutions, where many handicrafts are created by children, elderly or disabled people;<br \/>\n\u2022 We are offering linen bags to replace the plastic ones;<br \/>\n\u2022 We are under the policy \u201cThink before you print\u201d \u2013 this helps us to reduce paper use;<br \/>\n\u2022 Our manufacturing areas are all in the same place \u2013 this helps us to reduce CO2 consuming while transporting;<br \/>\n\u2022 And of course, we are sorting the garbage everywhere and always;<\/p>\n<p>When people are empowered with knowledge, the result is achieved with pleasure. We firmly believe that this is only the beginning of changing the point of view and we promise these small steps we made are not even close to be all that we are up for the future. There has never been and will not be too much of a concern for the surrounding environment and our future.[\/vc_column_text][\/vc_column][\/vc_row][vc_row][vc_column][vc_column_text]<strong>Linen \u2013 environmentally friendly fiber<\/strong><\/p>\n<p>Carbon capture<br \/>\nEach hectare of flax (the plant from which linen yarn is made) captures 3.7 tonnes of CO2.<\/p>\n<p><strong>Maintains Soil Quality<\/strong><br \/>\nThe production of linen doesn\u2018t make any harm for nature, because the growing plant doesn\u2018t exhaust the soil. Flax works as a rotation crop; when swapped on land every 6 &#8211; 7 years it can boost soil quality,<br \/>\nand increase yields of the next crop.<\/p>\n<p><strong>Reduced Water Use<\/strong><strong><br \/>\n<\/strong>Linen plants grow quite quickly, so there is no need to feed plants, to treat with pesticides as many other plants which are used for fabrics production. If linen was replaced with cotton cultivation it would require an extra 650.000 million cubic meters of water. Flax crops do not require irrigation (extra water), the crop can grow with rain fall alone. Natural coloured Linen is fully biodegradable<\/p>\n<p><strong>Trying to be ecological<\/strong><\/p>\n<p>All chemicals and dyestuff used at our mill comply with the European REACH compliance legislation.<\/p>\n<p>All waste plastics and papers are separated and sent for recycling.[\/vc_column_text][\/vc_column][\/vc_row]<\/p>\n","protected":false},"excerpt":{"rendered":"<p>[vc_row][vc_column][vc_column_text] WAY TO SUSTAINABILITY! 60 years of experience in manufacturing taught us a lot, starting from how to select the best quality of fiber until realising how a small change of our actions can cause a chain reaction to a better future. In our perception the pursuit of sustainability is to lower the number of [&hellip;]<\/p>\n","protected":false},"author":1,"featured_media":13919,"parent":1819,"menu_order":31,"comment_status":"closed","ping_status":"closed","template":"page-about-us.php","meta":{"_acf_changed":false,"footnotes":""},"class_list":["post-1866","page","type-page","status-publish","has-post-thumbnail","hentry"],"acf":[],"yoast_head":"<!-- This site is optimized with the Yoast SEO plugin v25.8 - https:\/\/yoast.com\/wordpress\/plugins\/seo\/ -->\n<title>Sustainability - linas.lt<\/title>\n<meta name=\"robots\" content=\"index, follow, max-snippet:-1, max-image-preview:large, max-video-preview:-1\" \/>\n<link rel=\"canonical\" href=\"https:\/\/linas.lt\/en\/about-us\/sustainability\/\" \/>\n<meta property=\"og:locale\" content=\"en_US\" \/>\n<meta property=\"og:type\" content=\"article\" \/>\n<meta property=\"og:title\" content=\"Sustainability - linas.lt\" \/>\n<meta property=\"og:description\" content=\"[vc_row][vc_column][vc_column_text] WAY TO SUSTAINABILITY! 60 years of experience in manufacturing taught us a lot, starting from how to select the best quality of fiber until realising how a small change of our actions can cause a chain reaction to a better future. In our perception the pursuit of sustainability is to lower the number of [&hellip;]\" \/>\n<meta property=\"og:url\" content=\"https:\/\/linas.lt\/en\/about-us\/sustainability\/\" \/>\n<meta property=\"og:site_name\" content=\"linas.lt\" \/>\n<meta property=\"article:modified_time\" content=\"2022-12-20T19:23:28+00:00\" \/>\n<meta property=\"og:image\" content=\"https:\/\/linas.lt\/wp-content\/uploads\/2022\/10\/Untitled-2-1-scaled.jpg\" \/>\n\t<meta property=\"og:image:width\" content=\"2560\" \/>\n\t<meta property=\"og:image:height\" content=\"1024\" \/>\n\t<meta property=\"og:image:type\" content=\"image\/jpeg\" \/>\n<meta name=\"twitter:card\" content=\"summary_large_image\" \/>\n<meta name=\"twitter:label1\" content=\"Est. reading time\" \/>\n\t<meta name=\"twitter:data1\" content=\"8 minutes\" \/>\n<script type=\"application\/ld+json\" class=\"yoast-schema-graph\">{\"@context\":\"https:\/\/schema.org\",\"@graph\":[{\"@type\":\"WebPage\",\"@id\":\"https:\/\/linas.lt\/en\/about-us\/sustainability\/\",\"url\":\"https:\/\/linas.lt\/en\/about-us\/sustainability\/\",\"name\":\"Sustainability - linas.lt\",\"isPartOf\":{\"@id\":\"https:\/\/linas.lt\/en\/#website\"},\"primaryImageOfPage\":{\"@id\":\"https:\/\/linas.lt\/en\/about-us\/sustainability\/#primaryimage\"},\"image\":{\"@id\":\"https:\/\/linas.lt\/en\/about-us\/sustainability\/#primaryimage\"},\"thumbnailUrl\":\"https:\/\/linas.lt\/wp-content\/uploads\/2022\/10\/Untitled-2-1-scaled.jpg\",\"datePublished\":\"2021-09-02T10:12:01+00:00\",\"dateModified\":\"2022-12-20T19:23:28+00:00\",\"breadcrumb\":{\"@id\":\"https:\/\/linas.lt\/en\/about-us\/sustainability\/#breadcrumb\"},\"inLanguage\":\"en-US\",\"potentialAction\":[{\"@type\":\"ReadAction\",\"target\":[\"https:\/\/linas.lt\/en\/about-us\/sustainability\/\"]}]},{\"@type\":\"ImageObject\",\"inLanguage\":\"en-US\",\"@id\":\"https:\/\/linas.lt\/en\/about-us\/sustainability\/#primaryimage\",\"url\":\"https:\/\/linas.lt\/wp-content\/uploads\/2022\/10\/Untitled-2-1-scaled.jpg\",\"contentUrl\":\"https:\/\/linas.lt\/wp-content\/uploads\/2022\/10\/Untitled-2-1-scaled.jpg\",\"width\":2560,\"height\":1024},{\"@type\":\"BreadcrumbList\",\"@id\":\"https:\/\/linas.lt\/en\/about-us\/sustainability\/#breadcrumb\",\"itemListElement\":[{\"@type\":\"ListItem\",\"position\":1,\"name\":\"Home\",\"item\":\"https:\/\/linas.lt\/en\/\"},{\"@type\":\"ListItem\",\"position\":2,\"name\":\"About us\",\"item\":\"https:\/\/linas.lt\/en\/about-us\/\"},{\"@type\":\"ListItem\",\"position\":3,\"name\":\"Sustainability\"}]},{\"@type\":\"WebSite\",\"@id\":\"https:\/\/linas.lt\/en\/#website\",\"url\":\"https:\/\/linas.lt\/en\/\",\"name\":\"linas.lt\",\"description\":\"Viena did\u017eiausi\u0173 lin\u0173 tekstil\u0117s gamintoj\u0173 Lietuvoje ir Baltijos valstyb\u0117se. Gilios tradicijos, ilgamet\u0117 darbo patirtis puosel\u0117jama nuo 1957 m.\",\"potentialAction\":[{\"@type\":\"SearchAction\",\"target\":{\"@type\":\"EntryPoint\",\"urlTemplate\":\"https:\/\/linas.lt\/en\/?s={search_term_string}\"},\"query-input\":{\"@type\":\"PropertyValueSpecification\",\"valueRequired\":true,\"valueName\":\"search_term_string\"}}],\"inLanguage\":\"en-US\"}]}<\/script>\n<!-- \/ Yoast SEO plugin. -->","yoast_head_json":{"title":"Sustainability - linas.lt","robots":{"index":"index","follow":"follow","max-snippet":"max-snippet:-1","max-image-preview":"max-image-preview:large","max-video-preview":"max-video-preview:-1"},"canonical":"https:\/\/linas.lt\/en\/about-us\/sustainability\/","og_locale":"en_US","og_type":"article","og_title":"Sustainability - linas.lt","og_description":"[vc_row][vc_column][vc_column_text] WAY TO SUSTAINABILITY! 60 years of experience in manufacturing taught us a lot, starting from how to select the best quality of fiber until realising how a small change of our actions can cause a chain reaction to a better future. In our perception the pursuit of sustainability is to lower the number of [&hellip;]","og_url":"https:\/\/linas.lt\/en\/about-us\/sustainability\/","og_site_name":"linas.lt","article_modified_time":"2022-12-20T19:23:28+00:00","og_image":[{"width":2560,"height":1024,"url":"https:\/\/linas.lt\/wp-content\/uploads\/2022\/10\/Untitled-2-1-scaled.jpg","type":"image\/jpeg"}],"twitter_card":"summary_large_image","twitter_misc":{"Est. reading time":"8 minutes"},"schema":{"@context":"https:\/\/schema.org","@graph":[{"@type":"WebPage","@id":"https:\/\/linas.lt\/en\/about-us\/sustainability\/","url":"https:\/\/linas.lt\/en\/about-us\/sustainability\/","name":"Sustainability - linas.lt","isPartOf":{"@id":"https:\/\/linas.lt\/en\/#website"},"primaryImageOfPage":{"@id":"https:\/\/linas.lt\/en\/about-us\/sustainability\/#primaryimage"},"image":{"@id":"https:\/\/linas.lt\/en\/about-us\/sustainability\/#primaryimage"},"thumbnailUrl":"https:\/\/linas.lt\/wp-content\/uploads\/2022\/10\/Untitled-2-1-scaled.jpg","datePublished":"2021-09-02T10:12:01+00:00","dateModified":"2022-12-20T19:23:28+00:00","breadcrumb":{"@id":"https:\/\/linas.lt\/en\/about-us\/sustainability\/#breadcrumb"},"inLanguage":"en-US","potentialAction":[{"@type":"ReadAction","target":["https:\/\/linas.lt\/en\/about-us\/sustainability\/"]}]},{"@type":"ImageObject","inLanguage":"en-US","@id":"https:\/\/linas.lt\/en\/about-us\/sustainability\/#primaryimage","url":"https:\/\/linas.lt\/wp-content\/uploads\/2022\/10\/Untitled-2-1-scaled.jpg","contentUrl":"https:\/\/linas.lt\/wp-content\/uploads\/2022\/10\/Untitled-2-1-scaled.jpg","width":2560,"height":1024},{"@type":"BreadcrumbList","@id":"https:\/\/linas.lt\/en\/about-us\/sustainability\/#breadcrumb","itemListElement":[{"@type":"ListItem","position":1,"name":"Home","item":"https:\/\/linas.lt\/en\/"},{"@type":"ListItem","position":2,"name":"About us","item":"https:\/\/linas.lt\/en\/about-us\/"},{"@type":"ListItem","position":3,"name":"Sustainability"}]},{"@type":"WebSite","@id":"https:\/\/linas.lt\/en\/#website","url":"https:\/\/linas.lt\/en\/","name":"linas.lt","description":"Viena did\u017eiausi\u0173 lin\u0173 tekstil\u0117s gamintoj\u0173 Lietuvoje ir Baltijos valstyb\u0117se. Gilios tradicijos, ilgamet\u0117 darbo patirtis puosel\u0117jama nuo 1957 m.","potentialAction":[{"@type":"SearchAction","target":{"@type":"EntryPoint","urlTemplate":"https:\/\/linas.lt\/en\/?s={search_term_string}"},"query-input":{"@type":"PropertyValueSpecification","valueRequired":true,"valueName":"search_term_string"}}],"inLanguage":"en-US"}]}},"_links":{"self":[{"href":"https:\/\/linas.lt\/en\/wp-json\/wp\/v2\/pages\/1866","targetHints":{"allow":["GET"]}}],"collection":[{"href":"https:\/\/linas.lt\/en\/wp-json\/wp\/v2\/pages"}],"about":[{"href":"https:\/\/linas.lt\/en\/wp-json\/wp\/v2\/types\/page"}],"author":[{"embeddable":true,"href":"https:\/\/linas.lt\/en\/wp-json\/wp\/v2\/users\/1"}],"replies":[{"embeddable":true,"href":"https:\/\/linas.lt\/en\/wp-json\/wp\/v2\/comments?post=1866"}],"version-history":[{"count":14,"href":"https:\/\/linas.lt\/en\/wp-json\/wp\/v2\/pages\/1866\/revisions"}],"predecessor-version":[{"id":13927,"href":"https:\/\/linas.lt\/en\/wp-json\/wp\/v2\/pages\/1866\/revisions\/13927"}],"up":[{"embeddable":true,"href":"https:\/\/linas.lt\/en\/wp-json\/wp\/v2\/pages\/1819"}],"wp:featuredmedia":[{"embeddable":true,"href":"https:\/\/linas.lt\/en\/wp-json\/wp\/v2\/media\/13919"}],"wp:attachment":[{"href":"https:\/\/linas.lt\/en\/wp-json\/wp\/v2\/media?parent=1866"}],"curies":[{"name":"wp","href":"https:\/\/api.w.org\/{rel}","templated":true}]}}