{"id":1879,"date":"2021-09-02T10:47:45","date_gmt":"2021-09-02T10:47:45","guid":{"rendered":"https:\/\/linas.lt\/?page_id=1879"},"modified":"2024-05-08T07:50:03","modified_gmt":"2024-05-08T04:50:03","slug":"why-choose-us","status":"publish","type":"page","link":"https:\/\/linas.lt\/en\/about-us\/why-choose-us\/","title":{"rendered":"Why choose us?"},"content":{"rendered":"<p>[vc_row][vc_column width=&#8221;2\/3&#8243;][vc_column_text]<b>16 arguments why it is worth to choose UAB \u201eLinas LT\u201c as the supplier:<\/b><\/p>\n<ol>\n<li>More than 65 years of experience in linen textile market;<\/li>\n<li>Professional, motivated English, Russian speaking team is ready to consult when creating the collections;<\/li>\n<li>Strong team of designers, close cooperation with chemicals suppliers give possibilities to develop new assortment and new finishing methods according to customers\u2019 needs;<\/li>\n<li>Wide choice of fabrics and additional finishing ( weight 70-400 g\/m2, width 150-300 cm);<\/li>\n<li>Buffer stocks for basic fabrics for especially quick orders;<\/li>\n<li>Own quality laboratory;<\/li>\n<li>Quick preparation and shipment of samples: lab dips, color cards, master samples, fabrics hangers and albums;<\/li>\n<li>Possibilities to have exclusivity for designs;<\/li>\n<li>Preparation of certificates and technical documentation;<\/li>\n<li>All collection in one company (weaving, sewing, finishing, washing, packing);<\/li>\n<li>All consuming electricity is supplied from renewable energy sources;<\/li>\n<li>Since 2003 &#8220;Linas\u201d has been working according to universally accepted quality requirements which correspond to OEKO-TEX 100 standards.<\/li>\n<li>We are certified with CrefoCert STABILUS certification.<\/li>\n<li>We are identified with GLN (Global Localization Number).<\/li>\n<li>We are certified with GRS and RCS standard certifications.<\/li>\n<li>We are members of the European Flax organization.<\/li>\n<\/ol>\n<p>[\/vc_column_text][\/vc_column][vc_column width=&#8221;1\/3&#8243;][vc_single_image image=&#8221;174&#8243; img_size=&#8221;full&#8221;][vc_single_image image=&#8221;173&#8243; img_size=&#8221;full&#8221;][vc_single_image image=&#8221;1796&#8243; img_size=&#8221;medium&#8221;][\/vc_column][\/vc_row][vc_row][vc_column][vc_row_inner][vc_column_inner][vc_column_text css=&#8221;.vc_custom_1630581067065{padding-top: 40px !important;padding-bottom: 30px !important;}&#8221;]<\/p>\n<h2 style=\"text-align: center;\">We belong to these organizations<\/h2>\n<p>[\/vc_column_text][\/vc_column_inner][\/vc_row_inner][vc_row_inner][vc_column_inner width=&#8221;1\/4&#8243;][vc_single_image image=&#8221;1800&#8243; alignment=&#8221;center&#8221;][\/vc_column_inner][vc_column_inner width=&#8221;1\/4&#8243;][vc_single_image image=&#8221;13449&#8243; alignment=&#8221;center&#8221;][\/vc_column_inner][vc_column_inner width=&#8221;1\/4&#8243;][vc_single_image image=&#8221;13444&#8243; img_size=&#8221;medium&#8221; alignment=&#8221;center&#8221;][\/vc_column_inner][vc_column_inner width=&#8221;1\/4&#8243;][vc_single_image image=&#8221;13632&#8243; alignment=&#8221;center&#8221;][\/vc_column_inner][\/vc_row_inner][\/vc_column][\/vc_row]<\/p>\n","protected":false},"excerpt":{"rendered":"<p>[vc_row][vc_column width=&#8221;2\/3&#8243;][vc_column_text]16 arguments why it is worth to choose UAB \u201eLinas LT\u201c as the supplier: More than 65 years of experience in linen textile market; Professional, motivated English, Russian speaking team is ready to consult when creating the collections; Strong team of designers, close cooperation with chemicals suppliers give possibilities to develop new assortment and [&hellip;]<\/p>\n","protected":false},"author":1,"featured_media":356,"parent":1819,"menu_order":32,"comment_status":"closed","ping_status":"closed","template":"page-about-us.php","meta":{"_acf_changed":false,"footnotes":""},"class_list":["post-1879","page","type-page","status-publish","has-post-thumbnail","hentry"],"acf":[],"yoast_head":"<!-- This site is optimized with the Yoast SEO plugin v25.8 - https:\/\/yoast.com\/wordpress\/plugins\/seo\/ -->\n<title>Why choose us? - linas.lt<\/title>\n<meta name=\"robots\" content=\"index, follow, max-snippet:-1, max-image-preview:large, max-video-preview:-1\" \/>\n<link rel=\"canonical\" href=\"https:\/\/linas.lt\/en\/about-us\/why-choose-us\/\" \/>\n<meta property=\"og:locale\" content=\"en_US\" \/>\n<meta property=\"og:type\" content=\"article\" \/>\n<meta property=\"og:title\" content=\"Why choose us? - linas.lt\" \/>\n<meta property=\"og:description\" content=\"[vc_row][vc_column width=&#8221;2\/3&#8243;][vc_column_text]16 arguments why it is worth to choose UAB \u201eLinas LT\u201c as the supplier: More than 65 years of experience in linen textile market; Professional, motivated English, Russian speaking team is ready to consult when creating the collections; Strong team of designers, close cooperation with chemicals suppliers give possibilities to develop new assortment and [&hellip;]\" \/>\n<meta property=\"og:url\" content=\"https:\/\/linas.lt\/en\/about-us\/why-choose-us\/\" \/>\n<meta property=\"og:site_name\" content=\"linas.lt\" \/>\n<meta property=\"article:modified_time\" content=\"2024-05-08T04:50:03+00:00\" \/>\n<meta property=\"og:image\" content=\"https:\/\/linas.lt\/wp-content\/uploads\/2021\/07\/our-products.png\" \/>\n\t<meta property=\"og:image:width\" content=\"1170\" \/>\n\t<meta property=\"og:image:height\" content=\"423\" \/>\n\t<meta property=\"og:image:type\" content=\"image\/png\" \/>\n<meta name=\"twitter:card\" content=\"summary_large_image\" \/>\n<meta name=\"twitter:label1\" content=\"Est. reading time\" \/>\n\t<meta name=\"twitter:data1\" content=\"2 minutes\" \/>\n<script type=\"application\/ld+json\" class=\"yoast-schema-graph\">{\"@context\":\"https:\/\/schema.org\",\"@graph\":[{\"@type\":\"WebPage\",\"@id\":\"https:\/\/linas.lt\/en\/about-us\/why-choose-us\/\",\"url\":\"https:\/\/linas.lt\/en\/about-us\/why-choose-us\/\",\"name\":\"Why choose us? - linas.lt\",\"isPartOf\":{\"@id\":\"https:\/\/linas.lt\/en\/#website\"},\"primaryImageOfPage\":{\"@id\":\"https:\/\/linas.lt\/en\/about-us\/why-choose-us\/#primaryimage\"},\"image\":{\"@id\":\"https:\/\/linas.lt\/en\/about-us\/why-choose-us\/#primaryimage\"},\"thumbnailUrl\":\"https:\/\/linas.lt\/wp-content\/uploads\/2021\/07\/our-products.png\",\"datePublished\":\"2021-09-02T10:47:45+00:00\",\"dateModified\":\"2024-05-08T04:50:03+00:00\",\"breadcrumb\":{\"@id\":\"https:\/\/linas.lt\/en\/about-us\/why-choose-us\/#breadcrumb\"},\"inLanguage\":\"en-US\",\"potentialAction\":[{\"@type\":\"ReadAction\",\"target\":[\"https:\/\/linas.lt\/en\/about-us\/why-choose-us\/\"]}]},{\"@type\":\"ImageObject\",\"inLanguage\":\"en-US\",\"@id\":\"https:\/\/linas.lt\/en\/about-us\/why-choose-us\/#primaryimage\",\"url\":\"https:\/\/linas.lt\/wp-content\/uploads\/2021\/07\/our-products.png\",\"contentUrl\":\"https:\/\/linas.lt\/wp-content\/uploads\/2021\/07\/our-products.png\",\"width\":1170,\"height\":423},{\"@type\":\"BreadcrumbList\",\"@id\":\"https:\/\/linas.lt\/en\/about-us\/why-choose-us\/#breadcrumb\",\"itemListElement\":[{\"@type\":\"ListItem\",\"position\":1,\"name\":\"Home\",\"item\":\"https:\/\/linas.lt\/en\/\"},{\"@type\":\"ListItem\",\"position\":2,\"name\":\"About us\",\"item\":\"https:\/\/linas.lt\/en\/about-us\/\"},{\"@type\":\"ListItem\",\"position\":3,\"name\":\"Why choose us?\"}]},{\"@type\":\"WebSite\",\"@id\":\"https:\/\/linas.lt\/en\/#website\",\"url\":\"https:\/\/linas.lt\/en\/\",\"name\":\"linas.lt\",\"description\":\"Viena did\u017eiausi\u0173 lin\u0173 tekstil\u0117s gamintoj\u0173 Lietuvoje ir Baltijos valstyb\u0117se. Gilios tradicijos, ilgamet\u0117 darbo patirtis puosel\u0117jama nuo 1957 m.\",\"potentialAction\":[{\"@type\":\"SearchAction\",\"target\":{\"@type\":\"EntryPoint\",\"urlTemplate\":\"https:\/\/linas.lt\/en\/?s={search_term_string}\"},\"query-input\":{\"@type\":\"PropertyValueSpecification\",\"valueRequired\":true,\"valueName\":\"search_term_string\"}}],\"inLanguage\":\"en-US\"}]}<\/script>\n<!-- \/ Yoast SEO plugin. -->","yoast_head_json":{"title":"Why choose us? - linas.lt","robots":{"index":"index","follow":"follow","max-snippet":"max-snippet:-1","max-image-preview":"max-image-preview:large","max-video-preview":"max-video-preview:-1"},"canonical":"https:\/\/linas.lt\/en\/about-us\/why-choose-us\/","og_locale":"en_US","og_type":"article","og_title":"Why choose us? - linas.lt","og_description":"[vc_row][vc_column width=&#8221;2\/3&#8243;][vc_column_text]16 arguments why it is worth to choose UAB \u201eLinas LT\u201c as the supplier: More than 65 years of experience in linen textile market; Professional, motivated English, Russian speaking team is ready to consult when creating the collections; Strong team of designers, close cooperation with chemicals suppliers give possibilities to develop new assortment and [&hellip;]","og_url":"https:\/\/linas.lt\/en\/about-us\/why-choose-us\/","og_site_name":"linas.lt","article_modified_time":"2024-05-08T04:50:03+00:00","og_image":[{"width":1170,"height":423,"url":"https:\/\/linas.lt\/wp-content\/uploads\/2021\/07\/our-products.png","type":"image\/png"}],"twitter_card":"summary_large_image","twitter_misc":{"Est. reading time":"2 minutes"},"schema":{"@context":"https:\/\/schema.org","@graph":[{"@type":"WebPage","@id":"https:\/\/linas.lt\/en\/about-us\/why-choose-us\/","url":"https:\/\/linas.lt\/en\/about-us\/why-choose-us\/","name":"Why choose us? - linas.lt","isPartOf":{"@id":"https:\/\/linas.lt\/en\/#website"},"primaryImageOfPage":{"@id":"https:\/\/linas.lt\/en\/about-us\/why-choose-us\/#primaryimage"},"image":{"@id":"https:\/\/linas.lt\/en\/about-us\/why-choose-us\/#primaryimage"},"thumbnailUrl":"https:\/\/linas.lt\/wp-content\/uploads\/2021\/07\/our-products.png","datePublished":"2021-09-02T10:47:45+00:00","dateModified":"2024-05-08T04:50:03+00:00","breadcrumb":{"@id":"https:\/\/linas.lt\/en\/about-us\/why-choose-us\/#breadcrumb"},"inLanguage":"en-US","potentialAction":[{"@type":"ReadAction","target":["https:\/\/linas.lt\/en\/about-us\/why-choose-us\/"]}]},{"@type":"ImageObject","inLanguage":"en-US","@id":"https:\/\/linas.lt\/en\/about-us\/why-choose-us\/#primaryimage","url":"https:\/\/linas.lt\/wp-content\/uploads\/2021\/07\/our-products.png","contentUrl":"https:\/\/linas.lt\/wp-content\/uploads\/2021\/07\/our-products.png","width":1170,"height":423},{"@type":"BreadcrumbList","@id":"https:\/\/linas.lt\/en\/about-us\/why-choose-us\/#breadcrumb","itemListElement":[{"@type":"ListItem","position":1,"name":"Home","item":"https:\/\/linas.lt\/en\/"},{"@type":"ListItem","position":2,"name":"About us","item":"https:\/\/linas.lt\/en\/about-us\/"},{"@type":"ListItem","position":3,"name":"Why choose us?"}]},{"@type":"WebSite","@id":"https:\/\/linas.lt\/en\/#website","url":"https:\/\/linas.lt\/en\/","name":"linas.lt","description":"Viena did\u017eiausi\u0173 lin\u0173 tekstil\u0117s gamintoj\u0173 Lietuvoje ir Baltijos valstyb\u0117se. Gilios tradicijos, ilgamet\u0117 darbo patirtis puosel\u0117jama nuo 1957 m.","potentialAction":[{"@type":"SearchAction","target":{"@type":"EntryPoint","urlTemplate":"https:\/\/linas.lt\/en\/?s={search_term_string}"},"query-input":{"@type":"PropertyValueSpecification","valueRequired":true,"valueName":"search_term_string"}}],"inLanguage":"en-US"}]}},"_links":{"self":[{"href":"https:\/\/linas.lt\/en\/wp-json\/wp\/v2\/pages\/1879","targetHints":{"allow":["GET"]}}],"collection":[{"href":"https:\/\/linas.lt\/en\/wp-json\/wp\/v2\/pages"}],"about":[{"href":"https:\/\/linas.lt\/en\/wp-json\/wp\/v2\/types\/page"}],"author":[{"embeddable":true,"href":"https:\/\/linas.lt\/en\/wp-json\/wp\/v2\/users\/1"}],"replies":[{"embeddable":true,"href":"https:\/\/linas.lt\/en\/wp-json\/wp\/v2\/comments?post=1879"}],"version-history":[{"count":8,"href":"https:\/\/linas.lt\/en\/wp-json\/wp\/v2\/pages\/1879\/revisions"}],"predecessor-version":[{"id":16027,"href":"https:\/\/linas.lt\/en\/wp-json\/wp\/v2\/pages\/1879\/revisions\/16027"}],"up":[{"embeddable":true,"href":"https:\/\/linas.lt\/en\/wp-json\/wp\/v2\/pages\/1819"}],"wp:featuredmedia":[{"embeddable":true,"href":"https:\/\/linas.lt\/en\/wp-json\/wp\/v2\/media\/356"}],"wp:attachment":[{"href":"https:\/\/linas.lt\/en\/wp-json\/wp\/v2\/media?parent=1879"}],"curies":[{"name":"wp","href":"https:\/\/api.w.org\/{rel}","templated":true}]}}