{"id":1891,"date":"2021-09-02T11:20:09","date_gmt":"2021-09-02T11:20:09","guid":{"rendered":"https:\/\/linas.lt\/?page_id=1891"},"modified":"2026-02-27T10:36:58","modified_gmt":"2026-02-27T08:36:58","slug":"exhibitions","status":"publish","type":"page","link":"https:\/\/linas.lt\/en\/about-us\/exhibitions\/","title":{"rendered":"Exhibitions"},"content":{"rendered":"<p>[vc_row][vc_column][vc_column_text]<\/p>\n<h2>DIGITAL SHOWROOM<\/h2>\n<p>Welcome to our digital showroom. Here you will find the latest collections, ideas and a wide selection of fabrics and sewn products. If you have any questions, please contact us by e-mail. email office@linas.lt &#8211; our team is ready to help you make the best decisions.<\/p>\n<p>Click on the selected collection to see it.<\/p>\n<div class=\"image-map-wrapper\"><\/div>\n<p>[\/vc_column_text][vc_raw_html]JTNDZGl2JTIwY2xhc3MlM0QlMjJpbWFnZS1tYXAtd3JhcHBlciUyMiUzRSUwQSUyMCUyMCUyMCUyMCUzQ2ltZyUyMGNsYXNzJTNEJTIyYWxpZ25ub25lJTIwc2l6ZS1tZWRpdW0lMjB3cC1pbWFnZS0xNTczJTIyJTIwc3JjJTNEJTIyaHR0cHMlM0ElMkYlMkZsaW5hcy5sdCUyRndwLWNvbnRlbnQlMkZ1cGxvYWRzJTJGMjAyMSUyRjEwJTJGU1RFTkRBUy1lbi1zY2FsZWQuanBnJTIyJTIwYWx0JTNEJTIyJTIyJTNFJTNDYnIlM0UlMEElMjAlMjAlMjAlMjAlM0NhJTIwY2xhc3MlM0QlMjJpdGJsaW5raXRlbSUyMHNhbmRlbGlvYXNydGltZW50YXMlMjIlMjB0YXJnZXQlM0QlMjJfYmxhbmslMjIlMjBocmVmJTNEJTIyaHR0cHMlM0ElMkYlMkZsaW5hcy5sdCUyRmVuJTJGc3RvY2tzJTJGJTIyJTIwdGl0bGUlM0QlMjJQbGF0dXMlMjBhdWRpbmklQzUlQjMlMjBpciUyMGdhbWluaSVDNSVCMyUyMHBhc2lyaW5raW1hcyUyQyUyMGt1ciVDNCVBRiUyMHR1cmltZSUyMHNhbmQlQzQlOTdseWplJTIyJTIwcmVsJTNEJTIybm9vcGVuZXIlMjIlM0UlM0MlMkZhJTNFJTNDYnIlM0UlMEElMjAlMjAlMjAlMjAlM0NhJTIwY2xhc3MlM0QlMjJpdGJsaW5raXRlbSUyMGJhemluaWFpYXVkaW5pYWklMjIlMjB0YXJnZXQlM0QlMjJfYmxhbmslMjIlMjBocmVmJTNEJTIyaHR0cHMlM0ElMkYlMkZsaW5hcy5sdCUyRndwLWNvbnRlbnQlMkZ1cGxvYWRzJTJGMjAyMSUyRjA3JTJGUE9QLWJhemVzLTIwLW1hemFzLnBkZiUyMiUyMHRpdGxlJTNEJTIyQXVkaW5pJUM1JUIzJTIwa29sZWtjaWphJTJDJTIwa3VyaWFpJTIwbmV0YWlrb21hcyUyMG1pbmltYWxhdXMlMjB1JUM1JUJFc2FreW1vJTIwa2lla2lzJTIyJTIwcmVsJTNEJTIybm9vcGVuZXIlMjIlM0UlM0MlMkZhJTNFJTBBJTIwJTIwJTIwJTIwJTNDYSUyMGhyZWYlM0QlMjJodHRwcyUzQSUyRiUyRmxpbmFzLmx0JTJGd3AtY29udGVudCUyRnVwbG9hZHMlMkYyMDI0JTJGMDUlMkZUaGUtbGF0ZXN0LWNvbGxlY3Rpb24tb2Ytc2V3bi1wcm9kdWN0cy5wZGYlMjIlMjBjbGFzcyUzRCUyMml0YmxpbmtpdGVtJTIwYnJhbmRrb2xla2NpamElMjIlMjB0YXJnZXQlM0QlMjJfYmxhbmslMjIlMjByZWwlM0QlMjJub29wZW5lciUyMiUzRSUzQyUyRmElM0UlMEElMEElM0MlMkZkaXYlM0UlMEElMEElMEE=[\/vc_raw_html][vc_column_text]<a href=\"https:\/\/linas.lt\/en\/catalogue\/\" target=\"_blank\" rel=\"noopener\">A wide selection of fabrics and products that we have in stock<\/a><\/p>\n<p><a href=\"https:\/\/linas.lt\/wp-content\/uploads\/2024\/05\/The-latest-collection-of-sewn-products.pdf\">The latest collection of sewn products<\/a><\/p>\n<p><a href=\"https:\/\/linas.lt\/wp-content\/uploads\/2024\/05\/Fabric-collection-that-does-not-apply-to-minimum-order-quantity.pdf\">Fabric collection that does not apply to minimum order quantity<\/a>[\/vc_column_text][\/vc_column][\/vc_row][vc_row][vc_column][vc_column_text]<\/p>\n<h2>PLEASE VISIT US AT FOLLOWING EXHIBITIONS IN 2025<\/h2>\n<p>[\/vc_column_text][vc_row_inner][vc_column_inner width=&#8221;1\/3&#8243;][vc_single_image image=&#8221;16702&#8243; img_size=&#8221;medium&#8221; alignment=&#8221;center&#8221;][vc_column_text]<\/p>\n<p style=\"text-align: center;\">Fast textile (Poland)<br \/>\n2026.03.10-12<br \/>\nStand F20<\/p>\n<p>[\/vc_column_text][\/vc_column_inner][vc_column_inner width=&#8221;1\/3&#8243;][vc_single_image image=&#8221;16705&#8243; img_size=&#8221;full&#8221; alignment=&#8221;center&#8221;][vc_column_text]<\/p>\n<p style=\"text-align: center;\">Premiere Vision (France-Paris)<\/p>\n<p>[\/vc_column_text][\/vc_column_inner][vc_column_inner width=&#8221;1\/3&#8243;][vc_single_image image=&#8221;16714&#8243; img_size=&#8221;medium&#8221; alignment=&#8221;center&#8221;][vc_column_text]<\/p>\n<p style=\"text-align: center;\">Heimtextil (Germany-Frankfurt)<\/p>\n<p>[\/vc_column_text][\/vc_column_inner][\/vc_row_inner][vc_row_inner][vc_column_inner width=&#8221;1\/3&#8243;][vc_single_image image=&#8221;16711&#8243; img_size=&#8221;medium&#8221; alignment=&#8221;center&#8221;][vc_column_text]<\/p>\n<p style=\"text-align: center;\">The London Textile Fair (UK-London)<\/p>\n<p>[\/vc_column_text][\/vc_column_inner][vc_column_inner width=&#8221;1\/3&#8243;][vc_single_image image=&#8221;16708&#8243; img_size=&#8221;full&#8221; alignment=&#8221;center&#8221;][vc_column_text]<\/p>\n<p style=\"text-align: center;\">Unica (Italy-Milan)<\/p>\n<p>[\/vc_column_text][\/vc_column_inner][\/vc_row_inner][\/vc_column][\/vc_row]<\/p>\n","protected":false},"excerpt":{"rendered":"<p>[vc_row][vc_column][vc_column_text] DIGITAL SHOWROOM Welcome to our digital showroom. Here you will find the latest collections, ideas and a wide selection of fabrics and sewn products. If you have any questions, please contact us by e-mail. email office@linas.lt &#8211; our team is ready to help you make the best decisions. Click on the selected collection to [&hellip;]<\/p>\n","protected":false},"author":1,"featured_media":373,"parent":1819,"menu_order":35,"comment_status":"closed","ping_status":"closed","template":"page-about-us.php","meta":{"_acf_changed":false,"footnotes":""},"class_list":["post-1891","page","type-page","status-publish","has-post-thumbnail","hentry"],"acf":[],"yoast_head":"<!-- This site is optimized with the Yoast SEO plugin v25.8 - https:\/\/yoast.com\/wordpress\/plugins\/seo\/ -->\n<title>Exhibitions - linas.lt<\/title>\n<meta name=\"robots\" content=\"index, follow, max-snippet:-1, max-image-preview:large, max-video-preview:-1\" \/>\n<link rel=\"canonical\" href=\"https:\/\/linas.lt\/en\/about-us\/exhibitions\/\" \/>\n<meta property=\"og:locale\" content=\"en_US\" \/>\n<meta property=\"og:type\" content=\"article\" \/>\n<meta property=\"og:title\" content=\"Exhibitions - linas.lt\" \/>\n<meta property=\"og:description\" content=\"[vc_row][vc_column][vc_column_text] DIGITAL SHOWROOM Welcome to our digital showroom. Here you will find the latest collections, ideas and a wide selection of fabrics and sewn products. If you have any questions, please contact us by e-mail. email office@linas.lt &#8211; our team is ready to help you make the best decisions. Click on the selected collection to [&hellip;]\" \/>\n<meta property=\"og:url\" content=\"https:\/\/linas.lt\/en\/about-us\/exhibitions\/\" \/>\n<meta property=\"og:site_name\" content=\"linas.lt\" \/>\n<meta property=\"article:modified_time\" content=\"2026-02-27T08:36:58+00:00\" \/>\n<meta property=\"og:image\" content=\"https:\/\/linas.lt\/wp-content\/uploads\/2021\/07\/about-us-header.png\" \/>\n\t<meta property=\"og:image:width\" content=\"1170\" \/>\n\t<meta property=\"og:image:height\" content=\"423\" \/>\n\t<meta property=\"og:image:type\" content=\"image\/png\" \/>\n<meta name=\"twitter:card\" content=\"summary_large_image\" \/>\n<meta name=\"twitter:label1\" content=\"Est. reading time\" \/>\n\t<meta name=\"twitter:data1\" content=\"2 minutes\" \/>\n<script type=\"application\/ld+json\" class=\"yoast-schema-graph\">{\"@context\":\"https:\/\/schema.org\",\"@graph\":[{\"@type\":\"WebPage\",\"@id\":\"https:\/\/linas.lt\/en\/about-us\/exhibitions\/\",\"url\":\"https:\/\/linas.lt\/en\/about-us\/exhibitions\/\",\"name\":\"Exhibitions - linas.lt\",\"isPartOf\":{\"@id\":\"https:\/\/linas.lt\/en\/#website\"},\"primaryImageOfPage\":{\"@id\":\"https:\/\/linas.lt\/en\/about-us\/exhibitions\/#primaryimage\"},\"image\":{\"@id\":\"https:\/\/linas.lt\/en\/about-us\/exhibitions\/#primaryimage\"},\"thumbnailUrl\":\"https:\/\/linas.lt\/wp-content\/uploads\/2021\/07\/about-us-header.png\",\"datePublished\":\"2021-09-02T11:20:09+00:00\",\"dateModified\":\"2026-02-27T08:36:58+00:00\",\"breadcrumb\":{\"@id\":\"https:\/\/linas.lt\/en\/about-us\/exhibitions\/#breadcrumb\"},\"inLanguage\":\"en-US\",\"potentialAction\":[{\"@type\":\"ReadAction\",\"target\":[\"https:\/\/linas.lt\/en\/about-us\/exhibitions\/\"]}]},{\"@type\":\"ImageObject\",\"inLanguage\":\"en-US\",\"@id\":\"https:\/\/linas.lt\/en\/about-us\/exhibitions\/#primaryimage\",\"url\":\"https:\/\/linas.lt\/wp-content\/uploads\/2021\/07\/about-us-header.png\",\"contentUrl\":\"https:\/\/linas.lt\/wp-content\/uploads\/2021\/07\/about-us-header.png\",\"width\":1170,\"height\":423},{\"@type\":\"BreadcrumbList\",\"@id\":\"https:\/\/linas.lt\/en\/about-us\/exhibitions\/#breadcrumb\",\"itemListElement\":[{\"@type\":\"ListItem\",\"position\":1,\"name\":\"Home\",\"item\":\"https:\/\/linas.lt\/en\/\"},{\"@type\":\"ListItem\",\"position\":2,\"name\":\"About us\",\"item\":\"https:\/\/linas.lt\/en\/about-us\/\"},{\"@type\":\"ListItem\",\"position\":3,\"name\":\"Exhibitions\"}]},{\"@type\":\"WebSite\",\"@id\":\"https:\/\/linas.lt\/en\/#website\",\"url\":\"https:\/\/linas.lt\/en\/\",\"name\":\"linas.lt\",\"description\":\"Viena did\u017eiausi\u0173 lin\u0173 tekstil\u0117s gamintoj\u0173 Lietuvoje ir Baltijos valstyb\u0117se. Gilios tradicijos, ilgamet\u0117 darbo patirtis puosel\u0117jama nuo 1957 m.\",\"potentialAction\":[{\"@type\":\"SearchAction\",\"target\":{\"@type\":\"EntryPoint\",\"urlTemplate\":\"https:\/\/linas.lt\/en\/?s={search_term_string}\"},\"query-input\":{\"@type\":\"PropertyValueSpecification\",\"valueRequired\":true,\"valueName\":\"search_term_string\"}}],\"inLanguage\":\"en-US\"}]}<\/script>\n<!-- \/ Yoast SEO plugin. -->","yoast_head_json":{"title":"Exhibitions - linas.lt","robots":{"index":"index","follow":"follow","max-snippet":"max-snippet:-1","max-image-preview":"max-image-preview:large","max-video-preview":"max-video-preview:-1"},"canonical":"https:\/\/linas.lt\/en\/about-us\/exhibitions\/","og_locale":"en_US","og_type":"article","og_title":"Exhibitions - linas.lt","og_description":"[vc_row][vc_column][vc_column_text] DIGITAL SHOWROOM Welcome to our digital showroom. Here you will find the latest collections, ideas and a wide selection of fabrics and sewn products. If you have any questions, please contact us by e-mail. email office@linas.lt &#8211; our team is ready to help you make the best decisions. Click on the selected collection to [&hellip;]","og_url":"https:\/\/linas.lt\/en\/about-us\/exhibitions\/","og_site_name":"linas.lt","article_modified_time":"2026-02-27T08:36:58+00:00","og_image":[{"width":1170,"height":423,"url":"https:\/\/linas.lt\/wp-content\/uploads\/2021\/07\/about-us-header.png","type":"image\/png"}],"twitter_card":"summary_large_image","twitter_misc":{"Est. reading time":"2 minutes"},"schema":{"@context":"https:\/\/schema.org","@graph":[{"@type":"WebPage","@id":"https:\/\/linas.lt\/en\/about-us\/exhibitions\/","url":"https:\/\/linas.lt\/en\/about-us\/exhibitions\/","name":"Exhibitions - linas.lt","isPartOf":{"@id":"https:\/\/linas.lt\/en\/#website"},"primaryImageOfPage":{"@id":"https:\/\/linas.lt\/en\/about-us\/exhibitions\/#primaryimage"},"image":{"@id":"https:\/\/linas.lt\/en\/about-us\/exhibitions\/#primaryimage"},"thumbnailUrl":"https:\/\/linas.lt\/wp-content\/uploads\/2021\/07\/about-us-header.png","datePublished":"2021-09-02T11:20:09+00:00","dateModified":"2026-02-27T08:36:58+00:00","breadcrumb":{"@id":"https:\/\/linas.lt\/en\/about-us\/exhibitions\/#breadcrumb"},"inLanguage":"en-US","potentialAction":[{"@type":"ReadAction","target":["https:\/\/linas.lt\/en\/about-us\/exhibitions\/"]}]},{"@type":"ImageObject","inLanguage":"en-US","@id":"https:\/\/linas.lt\/en\/about-us\/exhibitions\/#primaryimage","url":"https:\/\/linas.lt\/wp-content\/uploads\/2021\/07\/about-us-header.png","contentUrl":"https:\/\/linas.lt\/wp-content\/uploads\/2021\/07\/about-us-header.png","width":1170,"height":423},{"@type":"BreadcrumbList","@id":"https:\/\/linas.lt\/en\/about-us\/exhibitions\/#breadcrumb","itemListElement":[{"@type":"ListItem","position":1,"name":"Home","item":"https:\/\/linas.lt\/en\/"},{"@type":"ListItem","position":2,"name":"About us","item":"https:\/\/linas.lt\/en\/about-us\/"},{"@type":"ListItem","position":3,"name":"Exhibitions"}]},{"@type":"WebSite","@id":"https:\/\/linas.lt\/en\/#website","url":"https:\/\/linas.lt\/en\/","name":"linas.lt","description":"Viena did\u017eiausi\u0173 lin\u0173 tekstil\u0117s gamintoj\u0173 Lietuvoje ir Baltijos valstyb\u0117se. Gilios tradicijos, ilgamet\u0117 darbo patirtis puosel\u0117jama nuo 1957 m.","potentialAction":[{"@type":"SearchAction","target":{"@type":"EntryPoint","urlTemplate":"https:\/\/linas.lt\/en\/?s={search_term_string}"},"query-input":{"@type":"PropertyValueSpecification","valueRequired":true,"valueName":"search_term_string"}}],"inLanguage":"en-US"}]}},"_links":{"self":[{"href":"https:\/\/linas.lt\/en\/wp-json\/wp\/v2\/pages\/1891","targetHints":{"allow":["GET"]}}],"collection":[{"href":"https:\/\/linas.lt\/en\/wp-json\/wp\/v2\/pages"}],"about":[{"href":"https:\/\/linas.lt\/en\/wp-json\/wp\/v2\/types\/page"}],"author":[{"embeddable":true,"href":"https:\/\/linas.lt\/en\/wp-json\/wp\/v2\/users\/1"}],"replies":[{"embeddable":true,"href":"https:\/\/linas.lt\/en\/wp-json\/wp\/v2\/comments?post=1891"}],"version-history":[{"count":72,"href":"https:\/\/linas.lt\/en\/wp-json\/wp\/v2\/pages\/1891\/revisions"}],"predecessor-version":[{"id":17079,"href":"https:\/\/linas.lt\/en\/wp-json\/wp\/v2\/pages\/1891\/revisions\/17079"}],"up":[{"embeddable":true,"href":"https:\/\/linas.lt\/en\/wp-json\/wp\/v2\/pages\/1819"}],"wp:featuredmedia":[{"embeddable":true,"href":"https:\/\/linas.lt\/en\/wp-json\/wp\/v2\/media\/373"}],"wp:attachment":[{"href":"https:\/\/linas.lt\/en\/wp-json\/wp\/v2\/media?parent=1891"}],"curies":[{"name":"wp","href":"https:\/\/api.w.org\/{rel}","templated":true}]}}