{"id":2107,"date":"2021-09-09T10:53:26","date_gmt":"2021-09-09T10:53:26","guid":{"rendered":"https:\/\/linas.lt\/?page_id=2107"},"modified":"2026-05-04T16:20:34","modified_gmt":"2026-05-04T13:20:34","slug":"catalogues","status":"publish","type":"page","link":"https:\/\/linas.lt\/en\/catalogues\/","title":{"rendered":"Catalogues"},"content":{"rendered":"<p>[vc_row][vc_column][vc_column_text el_class=&#8221;linkstocatalogs&#8221;]<\/p>\n<p><a class=\"buttonarrowback\" href=\"https:\/\/linas.lt\/wp-content\/uploads\/2023\/12\/2024-Home-textile-collection.pdf\">2024 Home textile collection<\/a><br \/>\n<a class=\"buttonarrowback\" href=\"https:\/\/linas.lt\/wp-content\/uploads\/2024\/10\/2024-Linas-Brand-collection.pdf\">2024 Linas Brand collection<\/a><br \/>\n<a class=\"buttonarrowback\" href=\"https:\/\/linas.lt\/wp-content\/uploads\/2024\/04\/2024-garment-collection.pdf\">2024 garment collection<\/a><br \/>\n<a class=\"buttonarrowback\" href=\"https:\/\/linas.lt\/wp-content\/uploads\/2025\/01\/2025-Home-textile-collection.pdf\">2025 Home textile collection<\/a><br \/>\n<a class=\"buttonarrowback\" href=\"https:\/\/linas.lt\/wp-content\/uploads\/2025\/02\/2025-Clothing-Fabrics.pdf\">2025 Clothing Fabrics<\/a><br \/>\n<a class=\"buttonarrowback\" href=\"https:\/\/linas.lt\/wp-content\/uploads\/2025\/04\/Garment-collection-2025-small.pdf\">Garment collection 2025\u00a0<\/a><br \/>\n<a class=\"buttonarrowback\" href=\"https:\/\/linas.lt\/wp-content\/uploads\/2026\/04\/2026-Clothing-Fabrics.pdf\">2026 Clothing Fabrics<\/a><br \/>\n<a class=\"buttonarrowback\" href=\"https:\/\/linas.lt\/wp-content\/uploads\/2026\/02\/2026-BASIC-FABRIC-ASSORTMENT-.pdf\">2026 BASIC FABRIC ASSORTMENT<\/a><br \/>\n<a class=\"buttonarrowback\" href=\"https:\/\/linas.lt\/wp-content\/uploads\/2026\/05\/2026-Garment-collection.pdf\">2026 Garment collection<\/a><br \/>\n[\/vc_column_text][\/vc_column][\/vc_row]<\/p>\n","protected":false},"excerpt":{"rendered":"<p>[vc_row][vc_column][vc_column_text el_class=&#8221;linkstocatalogs&#8221;] 2024 Home textile collection 2024 Linas Brand collection 2024 garment collection 2025 Home textile collection 2025 Clothing Fabrics Garment collection 2025\u00a0 2026 Clothing Fabrics 2026 BASIC FABRIC ASSORTMENT 2026 Garment collection [\/vc_column_text][\/vc_column][\/vc_row]<\/p>\n","protected":false},"author":1,"featured_media":2112,"parent":0,"menu_order":26,"comment_status":"closed","ping_status":"closed","template":"","meta":{"_acf_changed":false,"footnotes":""},"class_list":["post-2107","page","type-page","status-publish","has-post-thumbnail","hentry"],"acf":[],"yoast_head":"<!-- This site is optimized with the Yoast SEO plugin v25.8 - https:\/\/yoast.com\/wordpress\/plugins\/seo\/ -->\n<title>Catalogues - linas.lt<\/title>\n<meta name=\"robots\" content=\"index, follow, max-snippet:-1, max-image-preview:large, max-video-preview:-1\" \/>\n<link rel=\"canonical\" href=\"https:\/\/linas.lt\/en\/catalogues\/\" \/>\n<meta property=\"og:locale\" content=\"en_US\" \/>\n<meta property=\"og:type\" content=\"article\" \/>\n<meta property=\"og:title\" content=\"Catalogues - linas.lt\" \/>\n<meta property=\"og:description\" content=\"[vc_row][vc_column][vc_column_text el_class=&#8221;linkstocatalogs&#8221;] 2024 Home textile collection 2024 Linas Brand collection 2024 garment collection 2025 Home textile collection 2025 Clothing Fabrics Garment collection 2025\u00a0 2026 Clothing Fabrics 2026 BASIC FABRIC ASSORTMENT 2026 Garment collection [\/vc_column_text][\/vc_column][\/vc_row]\" \/>\n<meta property=\"og:url\" content=\"https:\/\/linas.lt\/en\/catalogues\/\" \/>\n<meta property=\"og:site_name\" content=\"linas.lt\" \/>\n<meta property=\"article:modified_time\" content=\"2026-05-04T13:20:34+00:00\" \/>\n<meta property=\"og:image\" content=\"https:\/\/linas.lt\/wp-content\/uploads\/2021\/09\/katalogas-scaled.jpg\" \/>\n\t<meta property=\"og:image:width\" content=\"2560\" \/>\n\t<meta property=\"og:image:height\" content=\"1702\" \/>\n\t<meta property=\"og:image:type\" content=\"image\/jpeg\" \/>\n<meta name=\"twitter:card\" content=\"summary_large_image\" \/>\n<meta name=\"twitter:label1\" content=\"Est. reading time\" \/>\n\t<meta name=\"twitter:data1\" content=\"1 minute\" \/>\n<script type=\"application\/ld+json\" class=\"yoast-schema-graph\">{\"@context\":\"https:\/\/schema.org\",\"@graph\":[{\"@type\":\"WebPage\",\"@id\":\"https:\/\/linas.lt\/en\/catalogues\/\",\"url\":\"https:\/\/linas.lt\/en\/catalogues\/\",\"name\":\"Catalogues - linas.lt\",\"isPartOf\":{\"@id\":\"https:\/\/linas.lt\/en\/#website\"},\"primaryImageOfPage\":{\"@id\":\"https:\/\/linas.lt\/en\/catalogues\/#primaryimage\"},\"image\":{\"@id\":\"https:\/\/linas.lt\/en\/catalogues\/#primaryimage\"},\"thumbnailUrl\":\"https:\/\/linas.lt\/wp-content\/uploads\/2021\/09\/katalogas-scaled.jpg\",\"datePublished\":\"2021-09-09T10:53:26+00:00\",\"dateModified\":\"2026-05-04T13:20:34+00:00\",\"breadcrumb\":{\"@id\":\"https:\/\/linas.lt\/en\/catalogues\/#breadcrumb\"},\"inLanguage\":\"en-US\",\"potentialAction\":[{\"@type\":\"ReadAction\",\"target\":[\"https:\/\/linas.lt\/en\/catalogues\/\"]}]},{\"@type\":\"ImageObject\",\"inLanguage\":\"en-US\",\"@id\":\"https:\/\/linas.lt\/en\/catalogues\/#primaryimage\",\"url\":\"https:\/\/linas.lt\/wp-content\/uploads\/2021\/09\/katalogas-scaled.jpg\",\"contentUrl\":\"https:\/\/linas.lt\/wp-content\/uploads\/2021\/09\/katalogas-scaled.jpg\",\"width\":2560,\"height\":1702},{\"@type\":\"BreadcrumbList\",\"@id\":\"https:\/\/linas.lt\/en\/catalogues\/#breadcrumb\",\"itemListElement\":[{\"@type\":\"ListItem\",\"position\":1,\"name\":\"Home\",\"item\":\"https:\/\/linas.lt\/en\/\"},{\"@type\":\"ListItem\",\"position\":2,\"name\":\"Catalogues\"}]},{\"@type\":\"WebSite\",\"@id\":\"https:\/\/linas.lt\/en\/#website\",\"url\":\"https:\/\/linas.lt\/en\/\",\"name\":\"linas.lt\",\"description\":\"Viena did\u017eiausi\u0173 lin\u0173 tekstil\u0117s gamintoj\u0173 Lietuvoje ir Baltijos valstyb\u0117se. Gilios tradicijos, ilgamet\u0117 darbo patirtis puosel\u0117jama nuo 1957 m.\",\"potentialAction\":[{\"@type\":\"SearchAction\",\"target\":{\"@type\":\"EntryPoint\",\"urlTemplate\":\"https:\/\/linas.lt\/en\/?s={search_term_string}\"},\"query-input\":{\"@type\":\"PropertyValueSpecification\",\"valueRequired\":true,\"valueName\":\"search_term_string\"}}],\"inLanguage\":\"en-US\"}]}<\/script>\n<!-- \/ Yoast SEO plugin. -->","yoast_head_json":{"title":"Catalogues - linas.lt","robots":{"index":"index","follow":"follow","max-snippet":"max-snippet:-1","max-image-preview":"max-image-preview:large","max-video-preview":"max-video-preview:-1"},"canonical":"https:\/\/linas.lt\/en\/catalogues\/","og_locale":"en_US","og_type":"article","og_title":"Catalogues - linas.lt","og_description":"[vc_row][vc_column][vc_column_text el_class=&#8221;linkstocatalogs&#8221;] 2024 Home textile collection 2024 Linas Brand collection 2024 garment collection 2025 Home textile collection 2025 Clothing Fabrics Garment collection 2025\u00a0 2026 Clothing Fabrics 2026 BASIC FABRIC ASSORTMENT 2026 Garment collection [\/vc_column_text][\/vc_column][\/vc_row]","og_url":"https:\/\/linas.lt\/en\/catalogues\/","og_site_name":"linas.lt","article_modified_time":"2026-05-04T13:20:34+00:00","og_image":[{"width":2560,"height":1702,"url":"https:\/\/linas.lt\/wp-content\/uploads\/2021\/09\/katalogas-scaled.jpg","type":"image\/jpeg"}],"twitter_card":"summary_large_image","twitter_misc":{"Est. reading time":"1 minute"},"schema":{"@context":"https:\/\/schema.org","@graph":[{"@type":"WebPage","@id":"https:\/\/linas.lt\/en\/catalogues\/","url":"https:\/\/linas.lt\/en\/catalogues\/","name":"Catalogues - linas.lt","isPartOf":{"@id":"https:\/\/linas.lt\/en\/#website"},"primaryImageOfPage":{"@id":"https:\/\/linas.lt\/en\/catalogues\/#primaryimage"},"image":{"@id":"https:\/\/linas.lt\/en\/catalogues\/#primaryimage"},"thumbnailUrl":"https:\/\/linas.lt\/wp-content\/uploads\/2021\/09\/katalogas-scaled.jpg","datePublished":"2021-09-09T10:53:26+00:00","dateModified":"2026-05-04T13:20:34+00:00","breadcrumb":{"@id":"https:\/\/linas.lt\/en\/catalogues\/#breadcrumb"},"inLanguage":"en-US","potentialAction":[{"@type":"ReadAction","target":["https:\/\/linas.lt\/en\/catalogues\/"]}]},{"@type":"ImageObject","inLanguage":"en-US","@id":"https:\/\/linas.lt\/en\/catalogues\/#primaryimage","url":"https:\/\/linas.lt\/wp-content\/uploads\/2021\/09\/katalogas-scaled.jpg","contentUrl":"https:\/\/linas.lt\/wp-content\/uploads\/2021\/09\/katalogas-scaled.jpg","width":2560,"height":1702},{"@type":"BreadcrumbList","@id":"https:\/\/linas.lt\/en\/catalogues\/#breadcrumb","itemListElement":[{"@type":"ListItem","position":1,"name":"Home","item":"https:\/\/linas.lt\/en\/"},{"@type":"ListItem","position":2,"name":"Catalogues"}]},{"@type":"WebSite","@id":"https:\/\/linas.lt\/en\/#website","url":"https:\/\/linas.lt\/en\/","name":"linas.lt","description":"Viena did\u017eiausi\u0173 lin\u0173 tekstil\u0117s gamintoj\u0173 Lietuvoje ir Baltijos valstyb\u0117se. Gilios tradicijos, ilgamet\u0117 darbo patirtis puosel\u0117jama nuo 1957 m.","potentialAction":[{"@type":"SearchAction","target":{"@type":"EntryPoint","urlTemplate":"https:\/\/linas.lt\/en\/?s={search_term_string}"},"query-input":{"@type":"PropertyValueSpecification","valueRequired":true,"valueName":"search_term_string"}}],"inLanguage":"en-US"}]}},"_links":{"self":[{"href":"https:\/\/linas.lt\/en\/wp-json\/wp\/v2\/pages\/2107","targetHints":{"allow":["GET"]}}],"collection":[{"href":"https:\/\/linas.lt\/en\/wp-json\/wp\/v2\/pages"}],"about":[{"href":"https:\/\/linas.lt\/en\/wp-json\/wp\/v2\/types\/page"}],"author":[{"embeddable":true,"href":"https:\/\/linas.lt\/en\/wp-json\/wp\/v2\/users\/1"}],"replies":[{"embeddable":true,"href":"https:\/\/linas.lt\/en\/wp-json\/wp\/v2\/comments?post=2107"}],"version-history":[{"count":50,"href":"https:\/\/linas.lt\/en\/wp-json\/wp\/v2\/pages\/2107\/revisions"}],"predecessor-version":[{"id":17117,"href":"https:\/\/linas.lt\/en\/wp-json\/wp\/v2\/pages\/2107\/revisions\/17117"}],"wp:featuredmedia":[{"embeddable":true,"href":"https:\/\/linas.lt\/en\/wp-json\/wp\/v2\/media\/2112"}],"wp:attachment":[{"href":"https:\/\/linas.lt\/en\/wp-json\/wp\/v2\/media?parent=2107"}],"curies":[{"name":"wp","href":"https:\/\/api.w.org\/{rel}","templated":true}]}}