{"id":2348,"date":"2021-06-10T21:01:45","date_gmt":"2021-06-10T21:01:45","guid":{"rendered":"https:\/\/linas.lt\/salygos-ir-taisykles\/"},"modified":"2024-06-01T09:23:55","modified_gmt":"2024-06-01T06:23:55","slug":"salygos-ir-taisykles","status":"publish","type":"page","link":"https:\/\/linas.lt\/en\/salygos-ir-taisykles\/","title":{"rendered":"Terms and conditions"},"content":{"rendered":"<p>[vc_row][vc_column][vc_column_text]<strong>DATA PROTECTION<\/strong><\/p>\n<p>We apply this Privacy and Cookie Policy (hereinafter \u2013 the Policy) to the users of linas.lt website. This Policy is not applicable if you are browsing any third-party websites you have accessed through linas.lt website.<\/p>\n<p>We collect information about our website users in accordance with the Law on Legal Protection of Personal Data of the Republic of Lithuania, Law on Electronic Communications of the Republic of Lithuania, EU laws on the protection of personal data and other related legislation and regulations of controlling authorities.<\/p>\n<p><strong>What information we collect<\/strong><\/p>\n<p>We use cookies to collect information about users\u2019 activity on our website. The types and purposes of cookies are described in the table below.<\/p>\n<p>We have appropriate security measures in place to prevent the loss, misuse or alteration of information that we have collected about the users of linas.lt website. linas.lt staff are committed in writing not to disclose or provide any information received about the company\u2019s customers to third parties, including information about the users of linas.lt website.<\/p>\n<p><strong>The use of cookies<\/strong><\/p>\n<p><script id=\"CookieDeclaration\" data-culture=\"en\" src=\"https:\/\/consent.cookiebot.com\/c914d357-bb78-47ee-9c09-d90123eb5c18\/cd.js\" type=\"text\/javascript\" async><\/script><\/p>\n<p><strong>Information about cookies used on our website<\/strong><\/p>\n<table>\n<thead>\n<tr>\n<td>Name<\/td>\n<td>Description<\/td>\n<td width=\"366\">Creation \/ Expiry times<\/td>\n<\/tr>\n<\/thead>\n<tbody>\n<tr>\n<td>CMSSESSIDX<\/td>\n<td>A standard cookie used to manage the user\u2019s session<\/td>\n<td width=\"366\">Upon opening the website\/<br \/>\nuntil the user closes the website<\/td>\n<\/tr>\n<tr>\n<td>cookiesAgree<\/td>\n<td>A cookie which records whether you have consented to the use of cookies on our website.<\/td>\n<td width=\"366\">From the time of consent\/<br \/>\nuntil it is deleted<\/td>\n<\/tr>\n<tr>\n<td>cookiesLevelX<\/td>\n<td>A cookie identifying the types of cookies you have accepted on our website.<\/td>\n<td width=\"366\">From the time of consent\/<br \/>\nuntil it is deleted<\/td>\n<\/tr>\n<tr>\n<td>_ga<\/td>\n<td>This cookie is used by Google Analytics to assess the purpose of the user\u2019s visit, generate reports on the website activity to website operators, and improve user\u2019s experience when browsing on the website<\/td>\n<td width=\"366\">From the time of consent\/<br \/>\n2 years<\/td>\n<\/tr>\n<tr>\n<td>_gat<\/td>\n<td>This cookie is used by Google Analytics to collect statistical information about the website traffic.<\/td>\n<td width=\"366\">Upon the first visit to the website\/<br \/>\nuntil the end of the session<\/td>\n<\/tr>\n<tr>\n<td>_gid<\/td>\n<td>This cookie is used by Google Analytics to distinguish you from other users.<\/td>\n<td width=\"366\">Upon the first visit to the website\/<br \/>\n2 days<\/td>\n<\/tr>\n<\/tbody>\n<\/table>\n<p>If you want learn more about cookies and how to manage or delete them, please visit:\u00a0<a href=\"http:\/\/www.allaboutcookies.org\/\">http:\/\/www.allaboutcookies.org<\/a><br \/>\nIf you want to learn how to disable website tracking using Google Analytics cookies, please visit:\u00a0<a href=\"http:\/\/tools.google.com\/dlpage\/gaoptout\">http:\/\/tools.google.com\/dlpage\/gaoptout<\/a><\/p>\n<p><strong>Types of cookies<\/strong><\/p>\n<p>Cookies include session cookies and long-term cookies as well as first-party or third-party cookies. The definitions of these terms are provided below so that you can have a better understanding of the nature and purpose of our cookies.<\/p>\n<p><strong>Session cookies<\/strong><br \/>\nSession cookies allow users to be recognized for the duration of a single session so that any page changes or item selection are remembered when they move from page to page. These cookies make navigating across numerous website pages faster and easier, because there is no need to repeatedly process the information when a new page is opened. Session cookies are temporary and disappear once you close your browser or log off the website.<\/p>\n<p><strong>Long-term cookies<\/strong><br \/>\nLong-term cookies are stored on your computer for a specified period of time following the end of your session and they may be record specific user settings or actions when the user returns to the website.<\/p>\n<p><strong>First-party cookies<\/strong><br \/>\nThese cookies are essential to the proper functioning of linas.lt website.<\/p>\n<p><strong>Third-party cookies<\/strong><br \/>\nThese are cookies operated by other organizations via our website. In our case, the Google Analytics cookies used on linas.lt website are utilized to analyse the website traffic. Google Analytics collects anonymous information about the number of users, the location from which our website has been accessed, and the parts of the website browsed by the users. These cookies are created by Google Analytics. To learn more about Google Analytics, please visit <a href=\"http:\/\/www.google.com\/analytics\">http:\/\/www.google.com\/analytics<\/a>.<\/p>\n<p>Any information collected using cookies is stored until these cookies expire and is not used for any purpose other than those listed in this policy.<\/p>\n<p>Our website contains links to other websites operated by individuals, companies or organizations. Please note that linas.lt is not responsible for the content or privacy practices of linked websites. When you click on these links and enter these other websites, you should review the privacy policies which may apply to these websites.<\/p>\n<p><strong>Your rights<\/strong><\/p>\n<p>You have the right to request access to your data that we have collected using cookies. If your personal data is inaccurate, incomplete or non-current, you are entitled to have it rectified.<\/p>\n<p>If you have any questions or want to exercise your rights, please contact us by email at\u00a0<a href=\"mailto:office@linas.lt\">office@linas.lt<\/a>\u00a0 or reach out to us via other channels indicated on this website.<\/p>\n<p>&nbsp;<\/p>\n<p><strong><em>GDPR &#8211; Information on the processing of personal data<\/em><\/strong><\/p>\n<p><strong>Data controller:<\/strong><\/p>\n<p>The controller of your data is AB \u201cLinas\u201d registered office in Lithuania, entered in the Enterprise Register kept by the government, registration number (KRS): 147689083, share capital 6 971 307EUR, tax number (VAT): 476890811.<\/p>\n<p>You can contact the c ontroller by sending an e-mail:vilita.skersiene@linas.lt<\/p>\n<p><strong>The basis and purpose of data processing<\/strong><\/p>\n<p>Your personal data (name, surname and e-mail address) will be processed on the basis of the legitimate interest of the Data Controller in the form of marketing activities regarding the Controller &#8216;s products or services. The legal basis for processing personal data is the provision of art. 6 clause 1 letter f) of Regulation (EU) 2016\/679 of the European Parliament and of the Council of 27 April 2016 on the protection of individuals with regard to the processing of personal data and on the free movement of such data, and repealing Directive 95\/46 \/ EC (General Regulation on data protection) (Text with EEA relevance, hereinafter: GDPR), which enables data to be processed when it is necessary to implement the Controller &#8216;s legitimate interests. The purpose of data processing is to conduct marketing activities regarding the Controller &#8216;s products or services.<\/p>\n<p><strong>Data processing time<\/strong><\/p>\n<p>Your personal data will be processed for the period of conducting a marketing campaign by the Controller. We won\u2019t store your data for more than 3 months from the date of their collection.<\/p>\n<p><strong>Data source<\/strong><\/p>\n<p>We inform that your data has been obtained from public databases located on the Internet.<\/p>\n<p><strong>Data recipients<\/strong><\/p>\n<p>We may transfer your personal data to an entity that carries out automated sending of marketing messages for us.<\/p>\n<p><strong>Permissions<\/strong><\/p>\n<p>You have the right to: access your personal data, request rectification, request to stop data processing, request deletion of your personal data and object to the processing of your personal data.<\/p>\n<p><strong>Automated decision making<\/strong><\/p>\n<p>Your personal data will not be used for automated decision making, including profiling.<\/p>\n<p><strong>Right to lodge a complaint with a supervisory authority<\/strong><\/p>\n<p>If you believe that your personal data are processed unlawfully, you have the right to lodge a complaint to the your local supervisory authority &#8211; Office for Personal Data Protection.[\/vc_column_text][\/vc_column][\/vc_row]<\/p>\n","protected":false},"excerpt":{"rendered":"<p>[vc_row][vc_column][vc_column_text]DATA PROTECTION We apply this Privacy and Cookie Policy (hereinafter \u2013 the Policy) to the users of linas.lt website. This Policy is not applicable if you are browsing any third-party websites you have accessed through linas.lt website. We collect information about our website users in accordance with the Law on Legal Protection of Personal Data [&hellip;]<\/p>\n","protected":false},"author":1,"featured_media":11102,"parent":0,"menu_order":50,"comment_status":"closed","ping_status":"open","template":"","meta":{"_acf_changed":false,"footnotes":""},"class_list":["post-2348","page","type-page","status-publish","has-post-thumbnail","hentry"],"acf":[],"yoast_head":"<!-- This site is optimized with the Yoast SEO plugin v25.8 - https:\/\/yoast.com\/wordpress\/plugins\/seo\/ -->\n<title>Terms and conditions - linas.lt<\/title>\n<meta name=\"robots\" content=\"index, follow, max-snippet:-1, max-image-preview:large, max-video-preview:-1\" \/>\n<link rel=\"canonical\" href=\"https:\/\/linas.lt\/en\/salygos-ir-taisykles\/\" \/>\n<meta property=\"og:locale\" content=\"en_US\" \/>\n<meta property=\"og:type\" content=\"article\" \/>\n<meta property=\"og:title\" content=\"Terms and conditions - linas.lt\" \/>\n<meta property=\"og:description\" content=\"[vc_row][vc_column][vc_column_text]DATA PROTECTION We apply this Privacy and Cookie Policy (hereinafter \u2013 the Policy) to the users of linas.lt website. This Policy is not applicable if you are browsing any third-party websites you have accessed through linas.lt website. We collect information about our website users in accordance with the Law on Legal Protection of Personal Data [&hellip;]\" \/>\n<meta property=\"og:url\" content=\"https:\/\/linas.lt\/en\/salygos-ir-taisykles\/\" \/>\n<meta property=\"og:site_name\" content=\"linas.lt\" \/>\n<meta property=\"article:modified_time\" content=\"2024-06-01T06:23:55+00:00\" \/>\n<meta property=\"og:image\" content=\"https:\/\/linas.lt\/wp-content\/uploads\/2021\/10\/duomenu-apsauga-scaled.jpg\" \/>\n\t<meta property=\"og:image:width\" content=\"2560\" \/>\n\t<meta property=\"og:image:height\" content=\"1024\" \/>\n\t<meta property=\"og:image:type\" content=\"image\/jpeg\" \/>\n<meta name=\"twitter:card\" content=\"summary_large_image\" \/>\n<meta name=\"twitter:label1\" content=\"Est. reading time\" \/>\n\t<meta name=\"twitter:data1\" content=\"8 minutes\" \/>\n<script type=\"application\/ld+json\" class=\"yoast-schema-graph\">{\"@context\":\"https:\/\/schema.org\",\"@graph\":[{\"@type\":\"WebPage\",\"@id\":\"https:\/\/linas.lt\/en\/salygos-ir-taisykles\/\",\"url\":\"https:\/\/linas.lt\/en\/salygos-ir-taisykles\/\",\"name\":\"Terms and conditions - linas.lt\",\"isPartOf\":{\"@id\":\"https:\/\/linas.lt\/en\/#website\"},\"primaryImageOfPage\":{\"@id\":\"https:\/\/linas.lt\/en\/salygos-ir-taisykles\/#primaryimage\"},\"image\":{\"@id\":\"https:\/\/linas.lt\/en\/salygos-ir-taisykles\/#primaryimage\"},\"thumbnailUrl\":\"https:\/\/linas.lt\/wp-content\/uploads\/2021\/10\/duomenu-apsauga-scaled.jpg\",\"datePublished\":\"2021-06-10T21:01:45+00:00\",\"dateModified\":\"2024-06-01T06:23:55+00:00\",\"breadcrumb\":{\"@id\":\"https:\/\/linas.lt\/en\/salygos-ir-taisykles\/#breadcrumb\"},\"inLanguage\":\"en-US\",\"potentialAction\":[{\"@type\":\"ReadAction\",\"target\":[\"https:\/\/linas.lt\/en\/salygos-ir-taisykles\/\"]}]},{\"@type\":\"ImageObject\",\"inLanguage\":\"en-US\",\"@id\":\"https:\/\/linas.lt\/en\/salygos-ir-taisykles\/#primaryimage\",\"url\":\"https:\/\/linas.lt\/wp-content\/uploads\/2021\/10\/duomenu-apsauga-scaled.jpg\",\"contentUrl\":\"https:\/\/linas.lt\/wp-content\/uploads\/2021\/10\/duomenu-apsauga-scaled.jpg\",\"width\":2560,\"height\":1024},{\"@type\":\"BreadcrumbList\",\"@id\":\"https:\/\/linas.lt\/en\/salygos-ir-taisykles\/#breadcrumb\",\"itemListElement\":[{\"@type\":\"ListItem\",\"position\":1,\"name\":\"Home\",\"item\":\"https:\/\/linas.lt\/en\/\"},{\"@type\":\"ListItem\",\"position\":2,\"name\":\"Terms and conditions\"}]},{\"@type\":\"WebSite\",\"@id\":\"https:\/\/linas.lt\/en\/#website\",\"url\":\"https:\/\/linas.lt\/en\/\",\"name\":\"linas.lt\",\"description\":\"Viena did\u017eiausi\u0173 lin\u0173 tekstil\u0117s gamintoj\u0173 Lietuvoje ir Baltijos valstyb\u0117se. Gilios tradicijos, ilgamet\u0117 darbo patirtis puosel\u0117jama nuo 1957 m.\",\"potentialAction\":[{\"@type\":\"SearchAction\",\"target\":{\"@type\":\"EntryPoint\",\"urlTemplate\":\"https:\/\/linas.lt\/en\/?s={search_term_string}\"},\"query-input\":{\"@type\":\"PropertyValueSpecification\",\"valueRequired\":true,\"valueName\":\"search_term_string\"}}],\"inLanguage\":\"en-US\"}]}<\/script>\n<!-- \/ Yoast SEO plugin. -->","yoast_head_json":{"title":"Terms and conditions - linas.lt","robots":{"index":"index","follow":"follow","max-snippet":"max-snippet:-1","max-image-preview":"max-image-preview:large","max-video-preview":"max-video-preview:-1"},"canonical":"https:\/\/linas.lt\/en\/salygos-ir-taisykles\/","og_locale":"en_US","og_type":"article","og_title":"Terms and conditions - linas.lt","og_description":"[vc_row][vc_column][vc_column_text]DATA PROTECTION We apply this Privacy and Cookie Policy (hereinafter \u2013 the Policy) to the users of linas.lt website. This Policy is not applicable if you are browsing any third-party websites you have accessed through linas.lt website. We collect information about our website users in accordance with the Law on Legal Protection of Personal Data [&hellip;]","og_url":"https:\/\/linas.lt\/en\/salygos-ir-taisykles\/","og_site_name":"linas.lt","article_modified_time":"2024-06-01T06:23:55+00:00","og_image":[{"width":2560,"height":1024,"url":"https:\/\/linas.lt\/wp-content\/uploads\/2021\/10\/duomenu-apsauga-scaled.jpg","type":"image\/jpeg"}],"twitter_card":"summary_large_image","twitter_misc":{"Est. reading time":"8 minutes"},"schema":{"@context":"https:\/\/schema.org","@graph":[{"@type":"WebPage","@id":"https:\/\/linas.lt\/en\/salygos-ir-taisykles\/","url":"https:\/\/linas.lt\/en\/salygos-ir-taisykles\/","name":"Terms and conditions - linas.lt","isPartOf":{"@id":"https:\/\/linas.lt\/en\/#website"},"primaryImageOfPage":{"@id":"https:\/\/linas.lt\/en\/salygos-ir-taisykles\/#primaryimage"},"image":{"@id":"https:\/\/linas.lt\/en\/salygos-ir-taisykles\/#primaryimage"},"thumbnailUrl":"https:\/\/linas.lt\/wp-content\/uploads\/2021\/10\/duomenu-apsauga-scaled.jpg","datePublished":"2021-06-10T21:01:45+00:00","dateModified":"2024-06-01T06:23:55+00:00","breadcrumb":{"@id":"https:\/\/linas.lt\/en\/salygos-ir-taisykles\/#breadcrumb"},"inLanguage":"en-US","potentialAction":[{"@type":"ReadAction","target":["https:\/\/linas.lt\/en\/salygos-ir-taisykles\/"]}]},{"@type":"ImageObject","inLanguage":"en-US","@id":"https:\/\/linas.lt\/en\/salygos-ir-taisykles\/#primaryimage","url":"https:\/\/linas.lt\/wp-content\/uploads\/2021\/10\/duomenu-apsauga-scaled.jpg","contentUrl":"https:\/\/linas.lt\/wp-content\/uploads\/2021\/10\/duomenu-apsauga-scaled.jpg","width":2560,"height":1024},{"@type":"BreadcrumbList","@id":"https:\/\/linas.lt\/en\/salygos-ir-taisykles\/#breadcrumb","itemListElement":[{"@type":"ListItem","position":1,"name":"Home","item":"https:\/\/linas.lt\/en\/"},{"@type":"ListItem","position":2,"name":"Terms and conditions"}]},{"@type":"WebSite","@id":"https:\/\/linas.lt\/en\/#website","url":"https:\/\/linas.lt\/en\/","name":"linas.lt","description":"Viena did\u017eiausi\u0173 lin\u0173 tekstil\u0117s gamintoj\u0173 Lietuvoje ir Baltijos valstyb\u0117se. Gilios tradicijos, ilgamet\u0117 darbo patirtis puosel\u0117jama nuo 1957 m.","potentialAction":[{"@type":"SearchAction","target":{"@type":"EntryPoint","urlTemplate":"https:\/\/linas.lt\/en\/?s={search_term_string}"},"query-input":{"@type":"PropertyValueSpecification","valueRequired":true,"valueName":"search_term_string"}}],"inLanguage":"en-US"}]}},"_links":{"self":[{"href":"https:\/\/linas.lt\/en\/wp-json\/wp\/v2\/pages\/2348","targetHints":{"allow":["GET"]}}],"collection":[{"href":"https:\/\/linas.lt\/en\/wp-json\/wp\/v2\/pages"}],"about":[{"href":"https:\/\/linas.lt\/en\/wp-json\/wp\/v2\/types\/page"}],"author":[{"embeddable":true,"href":"https:\/\/linas.lt\/en\/wp-json\/wp\/v2\/users\/1"}],"replies":[{"embeddable":true,"href":"https:\/\/linas.lt\/en\/wp-json\/wp\/v2\/comments?post=2348"}],"version-history":[{"count":4,"href":"https:\/\/linas.lt\/en\/wp-json\/wp\/v2\/pages\/2348\/revisions"}],"predecessor-version":[{"id":16095,"href":"https:\/\/linas.lt\/en\/wp-json\/wp\/v2\/pages\/2348\/revisions\/16095"}],"wp:featuredmedia":[{"embeddable":true,"href":"https:\/\/linas.lt\/en\/wp-json\/wp\/v2\/media\/11102"}],"wp:attachment":[{"href":"https:\/\/linas.lt\/en\/wp-json\/wp\/v2\/media?parent=2348"}],"curies":[{"name":"wp","href":"https:\/\/api.w.org\/{rel}","templated":true}]}}