{"id":9388,"date":"2021-10-11T08:16:15","date_gmt":"2021-10-11T08:16:15","guid":{"rendered":"https:\/\/linas.lt\/linen-care\/lino-isskirtines-savybes\/"},"modified":"2021-10-11T10:51:25","modified_gmt":"2021-10-11T10:51:25","slug":"lino-isskirtines-savybes","status":"publish","type":"page","link":"https:\/\/linas.lt\/en\/linen-care\/lino-isskirtines-savybes\/","title":{"rendered":"Linen uniqueness"},"content":{"rendered":"<p>[vc_row][vc_column][vc_row_inner][vc_column_inner][vc_column_text]<\/p>\n<h2>LINEN UNIQUENESS<\/h2>\n<p>Linen is one of the oldest natural vegetative fiber. Even 5000 years BC linen garments were worn in Egypt and linen fabric was sacred and was used during prays and sacrifice, also for the mummification of Egypt pharaohs. The Lithuanian people were growing linen many years ago. The national Lithuanian songs and tales are mentioning about linen: linen growing, snatching and spinning. The linen is named like sainted plant, sward of sun and corn of women.<br \/>\nLinen fabric is the most acceptable and favorable material for human\u2019s organism: everything what is useful for a person the fabric passes in and what is harmful \u2013 doesn\u2019t pass. Linen cell perfectly matches with human\u2019s cell and creates the favorable effect for human\u2019s organism.<br \/>\nProducts from linen are widely used at home because of their strength and practicality \u2013 they don\u2018t worn so quickly and it is easy to wash them. Fabrics quickly absorb humidity, so they are especially suitable for towels. Products with special coatings, e.g. tablecloths, are very easy handle and are possible to use even for outside furniture. Also linen absorbs sudden temperature fluctuation, so it is very suitable for sauna and bath products. Linen products are not only attractive but also ecological and antiallergic, so the best choice is linen bedding which you will use for very long period. It was scientifically proved that it is easier to sleep in linen bedding and the sleep is much more qualitative.[\/vc_column_text][vc_single_image image=&#8221;5863&#8243; img_size=&#8221;large&#8221; alignment=&#8221;center&#8221;][vc_column_text]<\/p>\n<h2>MYTHS ABOUT LINEN<\/h2>\n<h3>Linen shrinks.<\/h3>\n<blockquote><p>More or less, but all natural fiber fabrics shrink after washing. We can offer special finishing S4 for whom it is very important. This finishing minimizes fabric shrinkage after washing. Besides, it is recommended to wash fabric before sewing.<\/p><\/blockquote>\n<h3>Linen creases.<\/h3>\n<blockquote><p>Natural linen has characteristic to crease, but do not forget that linen has to crease as this is the unique and exclusive fiber. If you want to reduce creasing we recommend to choose fabric which have other fibers in their composition (cotton, viscose) or to choose fabric with special easy care finishing LPA which minimizes fabric creasing after washing. It is important to know that fabric becomes less creasy and softer after each washing.<\/p><\/blockquote>\n<h3>Linen is hard to iron.<\/h3>\n<blockquote><p>Such opinion has those who do not know the main linen ironing rule \u2013 to iron damp items. One more way is our easy care finishing LPA which minimizes items creasing after washing and it is easier to iron them. But the main helper in this situation is fashion, because now washed and not ironed garments are very fashionable \u2013 you wash, dry and wear them.<\/p><\/blockquote>\n<p>[\/vc_column_text][vc_single_image image=&#8221;5857&#8243; img_size=&#8221;large&#8221; alignment=&#8221;center&#8221;][\/vc_column_inner][\/vc_row_inner][\/vc_column][\/vc_row]<\/p>\n","protected":false},"excerpt":{"rendered":"<p>[vc_row][vc_column][vc_row_inner][vc_column_inner][vc_column_text] LINEN UNIQUENESS Linen is one of the oldest natural vegetative fiber. Even 5000 years BC linen garments were worn in Egypt and linen fabric was sacred and was used during prays and sacrifice, also for the mummification of Egypt pharaohs. The Lithuanian people were growing linen many years ago. The national Lithuanian songs and [&hellip;]<\/p>\n","protected":false},"author":1,"featured_media":5881,"parent":5847,"menu_order":1,"comment_status":"closed","ping_status":"closed","template":"page-prieziura-item.php","meta":{"_acf_changed":false,"footnotes":""},"class_list":["post-9388","page","type-page","status-publish","has-post-thumbnail","hentry"],"acf":[],"yoast_head":"<!-- This site is optimized with the Yoast SEO plugin v25.8 - https:\/\/yoast.com\/wordpress\/plugins\/seo\/ -->\n<title>Linen uniqueness - linas.lt<\/title>\n<meta name=\"robots\" content=\"index, follow, max-snippet:-1, max-image-preview:large, max-video-preview:-1\" \/>\n<link rel=\"canonical\" href=\"https:\/\/linas.lt\/en\/linen-care\/lino-isskirtines-savybes\/\" \/>\n<meta property=\"og:locale\" content=\"en_US\" \/>\n<meta property=\"og:type\" content=\"article\" \/>\n<meta property=\"og:title\" content=\"Linen uniqueness - linas.lt\" \/>\n<meta property=\"og:description\" content=\"[vc_row][vc_column][vc_row_inner][vc_column_inner][vc_column_text] LINEN UNIQUENESS Linen is one of the oldest natural vegetative fiber. Even 5000 years BC linen garments were worn in Egypt and linen fabric was sacred and was used during prays and sacrifice, also for the mummification of Egypt pharaohs. The Lithuanian people were growing linen many years ago. The national Lithuanian songs and [&hellip;]\" \/>\n<meta property=\"og:url\" content=\"https:\/\/linas.lt\/en\/linen-care\/lino-isskirtines-savybes\/\" \/>\n<meta property=\"og:site_name\" content=\"linas.lt\" \/>\n<meta property=\"article:modified_time\" content=\"2021-10-11T10:51:25+00:00\" \/>\n<meta property=\"og:image\" content=\"https:\/\/linas.lt\/wp-content\/uploads\/2021\/10\/DSC_0027-Copy-1-scaled.jpg\" \/>\n\t<meta property=\"og:image:width\" content=\"2560\" \/>\n\t<meta property=\"og:image:height\" content=\"1707\" \/>\n\t<meta property=\"og:image:type\" content=\"image\/jpeg\" \/>\n<meta name=\"twitter:card\" content=\"summary_large_image\" \/>\n<meta name=\"twitter:label1\" content=\"Est. reading time\" \/>\n\t<meta name=\"twitter:data1\" content=\"2 minutes\" \/>\n<script type=\"application\/ld+json\" class=\"yoast-schema-graph\">{\"@context\":\"https:\/\/schema.org\",\"@graph\":[{\"@type\":\"WebPage\",\"@id\":\"https:\/\/linas.lt\/en\/linen-care\/lino-isskirtines-savybes\/\",\"url\":\"https:\/\/linas.lt\/en\/linen-care\/lino-isskirtines-savybes\/\",\"name\":\"Linen uniqueness - linas.lt\",\"isPartOf\":{\"@id\":\"https:\/\/linas.lt\/en\/#website\"},\"primaryImageOfPage\":{\"@id\":\"https:\/\/linas.lt\/en\/linen-care\/lino-isskirtines-savybes\/#primaryimage\"},\"image\":{\"@id\":\"https:\/\/linas.lt\/en\/linen-care\/lino-isskirtines-savybes\/#primaryimage\"},\"thumbnailUrl\":\"https:\/\/linas.lt\/wp-content\/uploads\/2021\/10\/DSC_0027-Copy-1-scaled.jpg\",\"datePublished\":\"2021-10-11T08:16:15+00:00\",\"dateModified\":\"2021-10-11T10:51:25+00:00\",\"breadcrumb\":{\"@id\":\"https:\/\/linas.lt\/en\/linen-care\/lino-isskirtines-savybes\/#breadcrumb\"},\"inLanguage\":\"en-US\",\"potentialAction\":[{\"@type\":\"ReadAction\",\"target\":[\"https:\/\/linas.lt\/en\/linen-care\/lino-isskirtines-savybes\/\"]}]},{\"@type\":\"ImageObject\",\"inLanguage\":\"en-US\",\"@id\":\"https:\/\/linas.lt\/en\/linen-care\/lino-isskirtines-savybes\/#primaryimage\",\"url\":\"https:\/\/linas.lt\/wp-content\/uploads\/2021\/10\/DSC_0027-Copy-1-scaled.jpg\",\"contentUrl\":\"https:\/\/linas.lt\/wp-content\/uploads\/2021\/10\/DSC_0027-Copy-1-scaled.jpg\",\"width\":2560,\"height\":1707},{\"@type\":\"BreadcrumbList\",\"@id\":\"https:\/\/linas.lt\/en\/linen-care\/lino-isskirtines-savybes\/#breadcrumb\",\"itemListElement\":[{\"@type\":\"ListItem\",\"position\":1,\"name\":\"Home\",\"item\":\"https:\/\/linas.lt\/en\/\"},{\"@type\":\"ListItem\",\"position\":2,\"name\":\"Linen care\",\"item\":\"https:\/\/linas.lt\/en\/linen-care\/\"},{\"@type\":\"ListItem\",\"position\":3,\"name\":\"Linen uniqueness\"}]},{\"@type\":\"WebSite\",\"@id\":\"https:\/\/linas.lt\/en\/#website\",\"url\":\"https:\/\/linas.lt\/en\/\",\"name\":\"linas.lt\",\"description\":\"Viena did\u017eiausi\u0173 lin\u0173 tekstil\u0117s gamintoj\u0173 Lietuvoje ir Baltijos valstyb\u0117se. Gilios tradicijos, ilgamet\u0117 darbo patirtis puosel\u0117jama nuo 1957 m.\",\"potentialAction\":[{\"@type\":\"SearchAction\",\"target\":{\"@type\":\"EntryPoint\",\"urlTemplate\":\"https:\/\/linas.lt\/en\/?s={search_term_string}\"},\"query-input\":{\"@type\":\"PropertyValueSpecification\",\"valueRequired\":true,\"valueName\":\"search_term_string\"}}],\"inLanguage\":\"en-US\"}]}<\/script>\n<!-- \/ Yoast SEO plugin. -->","yoast_head_json":{"title":"Linen uniqueness - linas.lt","robots":{"index":"index","follow":"follow","max-snippet":"max-snippet:-1","max-image-preview":"max-image-preview:large","max-video-preview":"max-video-preview:-1"},"canonical":"https:\/\/linas.lt\/en\/linen-care\/lino-isskirtines-savybes\/","og_locale":"en_US","og_type":"article","og_title":"Linen uniqueness - linas.lt","og_description":"[vc_row][vc_column][vc_row_inner][vc_column_inner][vc_column_text] LINEN UNIQUENESS Linen is one of the oldest natural vegetative fiber. Even 5000 years BC linen garments were worn in Egypt and linen fabric was sacred and was used during prays and sacrifice, also for the mummification of Egypt pharaohs. The Lithuanian people were growing linen many years ago. The national Lithuanian songs and [&hellip;]","og_url":"https:\/\/linas.lt\/en\/linen-care\/lino-isskirtines-savybes\/","og_site_name":"linas.lt","article_modified_time":"2021-10-11T10:51:25+00:00","og_image":[{"width":2560,"height":1707,"url":"https:\/\/linas.lt\/wp-content\/uploads\/2021\/10\/DSC_0027-Copy-1-scaled.jpg","type":"image\/jpeg"}],"twitter_card":"summary_large_image","twitter_misc":{"Est. reading time":"2 minutes"},"schema":{"@context":"https:\/\/schema.org","@graph":[{"@type":"WebPage","@id":"https:\/\/linas.lt\/en\/linen-care\/lino-isskirtines-savybes\/","url":"https:\/\/linas.lt\/en\/linen-care\/lino-isskirtines-savybes\/","name":"Linen uniqueness - linas.lt","isPartOf":{"@id":"https:\/\/linas.lt\/en\/#website"},"primaryImageOfPage":{"@id":"https:\/\/linas.lt\/en\/linen-care\/lino-isskirtines-savybes\/#primaryimage"},"image":{"@id":"https:\/\/linas.lt\/en\/linen-care\/lino-isskirtines-savybes\/#primaryimage"},"thumbnailUrl":"https:\/\/linas.lt\/wp-content\/uploads\/2021\/10\/DSC_0027-Copy-1-scaled.jpg","datePublished":"2021-10-11T08:16:15+00:00","dateModified":"2021-10-11T10:51:25+00:00","breadcrumb":{"@id":"https:\/\/linas.lt\/en\/linen-care\/lino-isskirtines-savybes\/#breadcrumb"},"inLanguage":"en-US","potentialAction":[{"@type":"ReadAction","target":["https:\/\/linas.lt\/en\/linen-care\/lino-isskirtines-savybes\/"]}]},{"@type":"ImageObject","inLanguage":"en-US","@id":"https:\/\/linas.lt\/en\/linen-care\/lino-isskirtines-savybes\/#primaryimage","url":"https:\/\/linas.lt\/wp-content\/uploads\/2021\/10\/DSC_0027-Copy-1-scaled.jpg","contentUrl":"https:\/\/linas.lt\/wp-content\/uploads\/2021\/10\/DSC_0027-Copy-1-scaled.jpg","width":2560,"height":1707},{"@type":"BreadcrumbList","@id":"https:\/\/linas.lt\/en\/linen-care\/lino-isskirtines-savybes\/#breadcrumb","itemListElement":[{"@type":"ListItem","position":1,"name":"Home","item":"https:\/\/linas.lt\/en\/"},{"@type":"ListItem","position":2,"name":"Linen care","item":"https:\/\/linas.lt\/en\/linen-care\/"},{"@type":"ListItem","position":3,"name":"Linen uniqueness"}]},{"@type":"WebSite","@id":"https:\/\/linas.lt\/en\/#website","url":"https:\/\/linas.lt\/en\/","name":"linas.lt","description":"Viena did\u017eiausi\u0173 lin\u0173 tekstil\u0117s gamintoj\u0173 Lietuvoje ir Baltijos valstyb\u0117se. Gilios tradicijos, ilgamet\u0117 darbo patirtis puosel\u0117jama nuo 1957 m.","potentialAction":[{"@type":"SearchAction","target":{"@type":"EntryPoint","urlTemplate":"https:\/\/linas.lt\/en\/?s={search_term_string}"},"query-input":{"@type":"PropertyValueSpecification","valueRequired":true,"valueName":"search_term_string"}}],"inLanguage":"en-US"}]}},"_links":{"self":[{"href":"https:\/\/linas.lt\/en\/wp-json\/wp\/v2\/pages\/9388","targetHints":{"allow":["GET"]}}],"collection":[{"href":"https:\/\/linas.lt\/en\/wp-json\/wp\/v2\/pages"}],"about":[{"href":"https:\/\/linas.lt\/en\/wp-json\/wp\/v2\/types\/page"}],"author":[{"embeddable":true,"href":"https:\/\/linas.lt\/en\/wp-json\/wp\/v2\/users\/1"}],"replies":[{"embeddable":true,"href":"https:\/\/linas.lt\/en\/wp-json\/wp\/v2\/comments?post=9388"}],"version-history":[{"count":4,"href":"https:\/\/linas.lt\/en\/wp-json\/wp\/v2\/pages\/9388\/revisions"}],"predecessor-version":[{"id":11098,"href":"https:\/\/linas.lt\/en\/wp-json\/wp\/v2\/pages\/9388\/revisions\/11098"}],"up":[{"embeddable":true,"href":"https:\/\/linas.lt\/en\/wp-json\/wp\/v2\/pages\/5847"}],"wp:featuredmedia":[{"embeddable":true,"href":"https:\/\/linas.lt\/en\/wp-json\/wp\/v2\/media\/5881"}],"wp:attachment":[{"href":"https:\/\/linas.lt\/en\/wp-json\/wp\/v2\/media?parent=9388"}],"curies":[{"name":"wp","href":"https:\/\/api.w.org\/{rel}","templated":true}]}}