{"id":9390,"date":"2021-10-11T08:16:05","date_gmt":"2021-10-11T08:16:05","guid":{"rendered":"https:\/\/linas.lt\/linen-care\/lininiu-audiniu-ir-gaminiu-prieziura\/"},"modified":"2021-10-11T10:52:44","modified_gmt":"2021-10-11T10:52:44","slug":"lininiu-audiniu-ir-gaminiu-prieziura","status":"publish","type":"page","link":"https:\/\/linas.lt\/en\/linen-care\/lininiu-audiniu-ir-gaminiu-prieziura\/","title":{"rendered":"Linen care"},"content":{"rendered":"<p>[vc_row][vc_column][vc_row_inner][vc_column_inner width=&#8221;2\/3&#8243;][vc_column_text]<\/p>\n<h2>LINEN CARE<\/h2>\n<p>In order to use all the best linen characteristics, to enjoy the longevity and quality of products, it is necessary to know the main details and tricks how to take care of linen items.<\/p>\n<h3>Washing<\/h3>\n<blockquote><p>Linen can be washed by hands, in the machine or dry cleaning could be applied. Bleaching washing agents are suitable for white linen, but colored linen should be washed with soft washing agents or soft soap. Also bleaching agent which have chlorite are not recommended because they can destroy fabric structure. If the water which is used for washing is lime-water, then we suggest to add softener, especially when washing darker items. Never wash together white and dark fabrics. If you wash products in washing machine, do not overload it and let the linen item to move easily. In other case it can become striped. Please remember, if there are other materials in the linen fabric, then you have to pay attention into the characteristics of these materials when washing the items. Both, washing by hands and in the washing machine, the products must be rinse carefully.<br \/>\nThe advantage of dry cleaning is that you got the items carefully ironed. We recommend the dry cleaning for curtains and roman blinds in dry-cleaner\u2019s \u2013 you will avoid the shrinkage of items.<br \/>\nIf any kind of stain appeared on the fabric, you can eliminate it by using detergent, but first of all try it on invisible part of garment. Let the detergent soak into the fabric, keep for two-three minutes and wash. If the detergent didn\u2019t leave any visible changes, didn\u2019t bleach the color, then you can use it for the garment. In no case use the detergent in washing machine.<\/p><\/blockquote>\n<p><b>Drying<\/b><\/p>\n<blockquote><p>The drying could be done in the machine and in natural way. Linen will be crumpled after washing, so the washed and easily wringed out fabric should be properly hanged. As linen is drying very well, it is very important not to let it dry too much because it will be hard to iron it.<\/p><\/blockquote>\n<p><b>Ironing<\/b><\/p>\n<blockquote><p>The best way to iron linen products when they still a little bit damp: first of all it will be easier to iron and no additional dampness will be needed. It is recommended to iron the wrong side of fabric \u2013 you will protect linen from smoothness, shining and color fading. Use the hot iron (3 dots) with steam to iron the creases. Leave linen items a little bit damp after ironing and hang them in cool, dry and well ventilated room. Let the items to dry completely.<\/p><\/blockquote>\n<p>[\/vc_column_text][\/vc_column_inner][vc_column_inner width=&#8221;1\/3&#8243;][vc_single_image image=&#8221;5857&#8243; img_size=&#8221;large&#8221;][vc_single_image image=&#8221;5863&#8243; img_size=&#8221;large&#8221;][vc_single_image image=&#8221;5860&#8243; img_size=&#8221;large&#8221;][vc_single_image image=&#8221;5871&#8243; img_size=&#8221;large&#8221;][\/vc_column_inner][\/vc_row_inner][\/vc_column][\/vc_row]<\/p>\n","protected":false},"excerpt":{"rendered":"<p>[vc_row][vc_column][vc_row_inner][vc_column_inner width=&#8221;2\/3&#8243;][vc_column_text] LINEN CARE In order to use all the best linen characteristics, to enjoy the longevity and quality of products, it is necessary to know the main details and tricks how to take care of linen items. Washing Linen can be washed by hands, in the machine or dry cleaning could be applied. Bleaching [&hellip;]<\/p>\n","protected":false},"author":1,"featured_media":5875,"parent":5847,"menu_order":0,"comment_status":"closed","ping_status":"closed","template":"page-prieziura-item.php","meta":{"_acf_changed":false,"footnotes":""},"class_list":["post-9390","page","type-page","status-publish","has-post-thumbnail","hentry"],"acf":[],"yoast_head":"<!-- This site is optimized with the Yoast SEO plugin v25.8 - https:\/\/yoast.com\/wordpress\/plugins\/seo\/ -->\n<title>Linen care - linas.lt<\/title>\n<meta name=\"robots\" content=\"index, follow, max-snippet:-1, max-image-preview:large, max-video-preview:-1\" \/>\n<link rel=\"canonical\" href=\"https:\/\/linas.lt\/en\/linen-care\/lininiu-audiniu-ir-gaminiu-prieziura\/\" \/>\n<meta property=\"og:locale\" content=\"en_US\" \/>\n<meta property=\"og:type\" content=\"article\" \/>\n<meta property=\"og:title\" content=\"Linen care - linas.lt\" \/>\n<meta property=\"og:description\" content=\"[vc_row][vc_column][vc_row_inner][vc_column_inner width=&#8221;2\/3&#8243;][vc_column_text] LINEN CARE In order to use all the best linen characteristics, to enjoy the longevity and quality of products, it is necessary to know the main details and tricks how to take care of linen items. Washing Linen can be washed by hands, in the machine or dry cleaning could be applied. Bleaching [&hellip;]\" \/>\n<meta property=\"og:url\" content=\"https:\/\/linas.lt\/en\/linen-care\/lininiu-audiniu-ir-gaminiu-prieziura\/\" \/>\n<meta property=\"og:site_name\" content=\"linas.lt\" \/>\n<meta property=\"article:modified_time\" content=\"2021-10-11T10:52:44+00:00\" \/>\n<meta property=\"og:image\" content=\"https:\/\/linas.lt\/wp-content\/uploads\/2021\/10\/1-10-Copy-1-scaled.jpg\" \/>\n\t<meta property=\"og:image:width\" content=\"1702\" \/>\n\t<meta property=\"og:image:height\" content=\"2560\" \/>\n\t<meta property=\"og:image:type\" content=\"image\/jpeg\" \/>\n<meta name=\"twitter:card\" content=\"summary_large_image\" \/>\n<meta name=\"twitter:label1\" content=\"Est. reading time\" \/>\n\t<meta name=\"twitter:data1\" content=\"2 minutes\" \/>\n<script type=\"application\/ld+json\" class=\"yoast-schema-graph\">{\"@context\":\"https:\/\/schema.org\",\"@graph\":[{\"@type\":\"WebPage\",\"@id\":\"https:\/\/linas.lt\/en\/linen-care\/lininiu-audiniu-ir-gaminiu-prieziura\/\",\"url\":\"https:\/\/linas.lt\/en\/linen-care\/lininiu-audiniu-ir-gaminiu-prieziura\/\",\"name\":\"Linen care - linas.lt\",\"isPartOf\":{\"@id\":\"https:\/\/linas.lt\/en\/#website\"},\"primaryImageOfPage\":{\"@id\":\"https:\/\/linas.lt\/en\/linen-care\/lininiu-audiniu-ir-gaminiu-prieziura\/#primaryimage\"},\"image\":{\"@id\":\"https:\/\/linas.lt\/en\/linen-care\/lininiu-audiniu-ir-gaminiu-prieziura\/#primaryimage\"},\"thumbnailUrl\":\"https:\/\/linas.lt\/wp-content\/uploads\/2021\/10\/1-10-Copy-1-scaled.jpg\",\"datePublished\":\"2021-10-11T08:16:05+00:00\",\"dateModified\":\"2021-10-11T10:52:44+00:00\",\"breadcrumb\":{\"@id\":\"https:\/\/linas.lt\/en\/linen-care\/lininiu-audiniu-ir-gaminiu-prieziura\/#breadcrumb\"},\"inLanguage\":\"en-US\",\"potentialAction\":[{\"@type\":\"ReadAction\",\"target\":[\"https:\/\/linas.lt\/en\/linen-care\/lininiu-audiniu-ir-gaminiu-prieziura\/\"]}]},{\"@type\":\"ImageObject\",\"inLanguage\":\"en-US\",\"@id\":\"https:\/\/linas.lt\/en\/linen-care\/lininiu-audiniu-ir-gaminiu-prieziura\/#primaryimage\",\"url\":\"https:\/\/linas.lt\/wp-content\/uploads\/2021\/10\/1-10-Copy-1-scaled.jpg\",\"contentUrl\":\"https:\/\/linas.lt\/wp-content\/uploads\/2021\/10\/1-10-Copy-1-scaled.jpg\",\"width\":1702,\"height\":2560},{\"@type\":\"BreadcrumbList\",\"@id\":\"https:\/\/linas.lt\/en\/linen-care\/lininiu-audiniu-ir-gaminiu-prieziura\/#breadcrumb\",\"itemListElement\":[{\"@type\":\"ListItem\",\"position\":1,\"name\":\"Home\",\"item\":\"https:\/\/linas.lt\/en\/\"},{\"@type\":\"ListItem\",\"position\":2,\"name\":\"Linen care\",\"item\":\"https:\/\/linas.lt\/en\/linen-care\/\"},{\"@type\":\"ListItem\",\"position\":3,\"name\":\"Linen care\"}]},{\"@type\":\"WebSite\",\"@id\":\"https:\/\/linas.lt\/en\/#website\",\"url\":\"https:\/\/linas.lt\/en\/\",\"name\":\"linas.lt\",\"description\":\"Viena did\u017eiausi\u0173 lin\u0173 tekstil\u0117s gamintoj\u0173 Lietuvoje ir Baltijos valstyb\u0117se. Gilios tradicijos, ilgamet\u0117 darbo patirtis puosel\u0117jama nuo 1957 m.\",\"potentialAction\":[{\"@type\":\"SearchAction\",\"target\":{\"@type\":\"EntryPoint\",\"urlTemplate\":\"https:\/\/linas.lt\/en\/?s={search_term_string}\"},\"query-input\":{\"@type\":\"PropertyValueSpecification\",\"valueRequired\":true,\"valueName\":\"search_term_string\"}}],\"inLanguage\":\"en-US\"}]}<\/script>\n<!-- \/ Yoast SEO plugin. -->","yoast_head_json":{"title":"Linen care - linas.lt","robots":{"index":"index","follow":"follow","max-snippet":"max-snippet:-1","max-image-preview":"max-image-preview:large","max-video-preview":"max-video-preview:-1"},"canonical":"https:\/\/linas.lt\/en\/linen-care\/lininiu-audiniu-ir-gaminiu-prieziura\/","og_locale":"en_US","og_type":"article","og_title":"Linen care - linas.lt","og_description":"[vc_row][vc_column][vc_row_inner][vc_column_inner width=&#8221;2\/3&#8243;][vc_column_text] LINEN CARE In order to use all the best linen characteristics, to enjoy the longevity and quality of products, it is necessary to know the main details and tricks how to take care of linen items. Washing Linen can be washed by hands, in the machine or dry cleaning could be applied. Bleaching [&hellip;]","og_url":"https:\/\/linas.lt\/en\/linen-care\/lininiu-audiniu-ir-gaminiu-prieziura\/","og_site_name":"linas.lt","article_modified_time":"2021-10-11T10:52:44+00:00","og_image":[{"width":1702,"height":2560,"url":"https:\/\/linas.lt\/wp-content\/uploads\/2021\/10\/1-10-Copy-1-scaled.jpg","type":"image\/jpeg"}],"twitter_card":"summary_large_image","twitter_misc":{"Est. reading time":"2 minutes"},"schema":{"@context":"https:\/\/schema.org","@graph":[{"@type":"WebPage","@id":"https:\/\/linas.lt\/en\/linen-care\/lininiu-audiniu-ir-gaminiu-prieziura\/","url":"https:\/\/linas.lt\/en\/linen-care\/lininiu-audiniu-ir-gaminiu-prieziura\/","name":"Linen care - linas.lt","isPartOf":{"@id":"https:\/\/linas.lt\/en\/#website"},"primaryImageOfPage":{"@id":"https:\/\/linas.lt\/en\/linen-care\/lininiu-audiniu-ir-gaminiu-prieziura\/#primaryimage"},"image":{"@id":"https:\/\/linas.lt\/en\/linen-care\/lininiu-audiniu-ir-gaminiu-prieziura\/#primaryimage"},"thumbnailUrl":"https:\/\/linas.lt\/wp-content\/uploads\/2021\/10\/1-10-Copy-1-scaled.jpg","datePublished":"2021-10-11T08:16:05+00:00","dateModified":"2021-10-11T10:52:44+00:00","breadcrumb":{"@id":"https:\/\/linas.lt\/en\/linen-care\/lininiu-audiniu-ir-gaminiu-prieziura\/#breadcrumb"},"inLanguage":"en-US","potentialAction":[{"@type":"ReadAction","target":["https:\/\/linas.lt\/en\/linen-care\/lininiu-audiniu-ir-gaminiu-prieziura\/"]}]},{"@type":"ImageObject","inLanguage":"en-US","@id":"https:\/\/linas.lt\/en\/linen-care\/lininiu-audiniu-ir-gaminiu-prieziura\/#primaryimage","url":"https:\/\/linas.lt\/wp-content\/uploads\/2021\/10\/1-10-Copy-1-scaled.jpg","contentUrl":"https:\/\/linas.lt\/wp-content\/uploads\/2021\/10\/1-10-Copy-1-scaled.jpg","width":1702,"height":2560},{"@type":"BreadcrumbList","@id":"https:\/\/linas.lt\/en\/linen-care\/lininiu-audiniu-ir-gaminiu-prieziura\/#breadcrumb","itemListElement":[{"@type":"ListItem","position":1,"name":"Home","item":"https:\/\/linas.lt\/en\/"},{"@type":"ListItem","position":2,"name":"Linen care","item":"https:\/\/linas.lt\/en\/linen-care\/"},{"@type":"ListItem","position":3,"name":"Linen care"}]},{"@type":"WebSite","@id":"https:\/\/linas.lt\/en\/#website","url":"https:\/\/linas.lt\/en\/","name":"linas.lt","description":"Viena did\u017eiausi\u0173 lin\u0173 tekstil\u0117s gamintoj\u0173 Lietuvoje ir Baltijos valstyb\u0117se. Gilios tradicijos, ilgamet\u0117 darbo patirtis puosel\u0117jama nuo 1957 m.","potentialAction":[{"@type":"SearchAction","target":{"@type":"EntryPoint","urlTemplate":"https:\/\/linas.lt\/en\/?s={search_term_string}"},"query-input":{"@type":"PropertyValueSpecification","valueRequired":true,"valueName":"search_term_string"}}],"inLanguage":"en-US"}]}},"_links":{"self":[{"href":"https:\/\/linas.lt\/en\/wp-json\/wp\/v2\/pages\/9390","targetHints":{"allow":["GET"]}}],"collection":[{"href":"https:\/\/linas.lt\/en\/wp-json\/wp\/v2\/pages"}],"about":[{"href":"https:\/\/linas.lt\/en\/wp-json\/wp\/v2\/types\/page"}],"author":[{"embeddable":true,"href":"https:\/\/linas.lt\/en\/wp-json\/wp\/v2\/users\/1"}],"replies":[{"embeddable":true,"href":"https:\/\/linas.lt\/en\/wp-json\/wp\/v2\/comments?post=9390"}],"version-history":[{"count":2,"href":"https:\/\/linas.lt\/en\/wp-json\/wp\/v2\/pages\/9390\/revisions"}],"predecessor-version":[{"id":11099,"href":"https:\/\/linas.lt\/en\/wp-json\/wp\/v2\/pages\/9390\/revisions\/11099"}],"up":[{"embeddable":true,"href":"https:\/\/linas.lt\/en\/wp-json\/wp\/v2\/pages\/5847"}],"wp:featuredmedia":[{"embeddable":true,"href":"https:\/\/linas.lt\/en\/wp-json\/wp\/v2\/media\/5875"}],"wp:attachment":[{"href":"https:\/\/linas.lt\/en\/wp-json\/wp\/v2\/media?parent=9390"}],"curies":[{"name":"wp","href":"https:\/\/api.w.org\/{rel}","templated":true}]}}