{"id":9392,"date":"2021-10-11T08:15:29","date_gmt":"2021-10-11T08:15:29","guid":{"rendered":"https:\/\/linas.lt\/linen-care\/lino-privalumai\/"},"modified":"2021-10-11T10:53:46","modified_gmt":"2021-10-11T10:53:46","slug":"lino-privalumai","status":"publish","type":"page","link":"https:\/\/linas.lt\/en\/linen-care\/lino-privalumai\/","title":{"rendered":"Advantages of linen"},"content":{"rendered":"<p>[vc_row][vc_column][vc_row_inner][vc_column_inner width=&#8221;2\/3&#8243;][vc_column_text]<\/p>\n<h2>ADVANTAGES OF LINEN<\/h2>\n<ol>\n<li>Linen fabric is 3 times stronger and 5 times more resistance for abrasion and more shiny than cotton.<\/li>\n<li>Linen doesn\u2018t make allergic reactions and is like natural antiseptic, less mud, soap and whiting residues remain in the fabric, so linen is very suitable for even small kids and people who have problems with skin.<\/li>\n<li>After each washing the fabric becomes softer and less wrinkly.<\/li>\n<li>Linen fabric doesn\u2018t turn yellowish, but becomes whiter and gentler after time.<\/li>\n<li>Linen fabric goes damp and dry very soon, that is why the fabric warms during cold night and cools the body during hot midday.<\/li>\n<li>Linen fabric is resistance to static electric load.<\/li>\n<li>Linen in comparison with other fabrics makes the best microclimate for the skin, i.e. it is permeable to air, absorbs dampness and sweat (linen fabric can absorb 20 % its weight and still be dry) that is why the skin doesn\u2018t swelter. This is very actual to the people who\u2018s skin is very sensitive or has eczema.<\/li>\n<li>Linen fabric is ecological because it is absolutely does not leave any waste doesn\u2018t make any harm to nature and ecology.<\/li>\n<li>Linen fabric doesn\u2018t go dirty so soon because have small hairs on the surface which are slippy, plain and do not take dirt.<\/li>\n<li>Linen creases very quickly but these characteristic creases are the sign of authenticity and good quality.<\/li>\n<li>Linen decreases in a half the influence of radiation and protects human\u2018s organism from ultraviolet.<\/li>\n<li>Linen fabric is used for protective garments of the spacemen and for protection of the spaceships outside. Also USD banknotes, paper for cigarettes and Bibles are produced from linen.<\/li>\n<\/ol>\n<p>Nowadays still can appear persons who will say that linen is not comfortable to use or is not fashionable, but this is not true. If you bought product from linen, be sure that you invested into luxury, natural item and functionality.<\/p>\n<p><b>Discover all the best linen characteristics in AB \u201eLinas\u201c products.<\/b>[\/vc_column_text][\/vc_column_inner][vc_column_inner width=&#8221;1\/3&#8243;][vc_single_image image=&#8221;5857&#8243; img_size=&#8221;large&#8221;][vc_single_image image=&#8221;5863&#8243; img_size=&#8221;large&#8221;][vc_single_image image=&#8221;5860&#8243; img_size=&#8221;large&#8221;][vc_single_image image=&#8221;5871&#8243; img_size=&#8221;large&#8221;][\/vc_column_inner][\/vc_row_inner][\/vc_column][\/vc_row]<\/p>\n","protected":false},"excerpt":{"rendered":"<p>[vc_row][vc_column][vc_row_inner][vc_column_inner width=&#8221;2\/3&#8243;][vc_column_text] ADVANTAGES OF LINEN Linen fabric is 3 times stronger and 5 times more resistance for abrasion and more shiny than cotton. Linen doesn\u2018t make allergic reactions and is like natural antiseptic, less mud, soap and whiting residues remain in the fabric, so linen is very suitable for even small kids and people who [&hellip;]<\/p>\n","protected":false},"author":1,"featured_media":5884,"parent":5847,"menu_order":0,"comment_status":"closed","ping_status":"closed","template":"page-prieziura-item.php","meta":{"_acf_changed":false,"footnotes":""},"class_list":["post-9392","page","type-page","status-publish","has-post-thumbnail","hentry"],"acf":[],"yoast_head":"<!-- This site is optimized with the Yoast SEO plugin v25.8 - https:\/\/yoast.com\/wordpress\/plugins\/seo\/ -->\n<title>Advantages of linen - linas.lt<\/title>\n<meta name=\"robots\" content=\"index, follow, max-snippet:-1, max-image-preview:large, max-video-preview:-1\" \/>\n<link rel=\"canonical\" href=\"https:\/\/linas.lt\/en\/linen-care\/lino-privalumai\/\" \/>\n<meta property=\"og:locale\" content=\"en_US\" \/>\n<meta property=\"og:type\" content=\"article\" \/>\n<meta property=\"og:title\" content=\"Advantages of linen - linas.lt\" \/>\n<meta property=\"og:description\" content=\"[vc_row][vc_column][vc_row_inner][vc_column_inner width=&#8221;2\/3&#8243;][vc_column_text] ADVANTAGES OF LINEN Linen fabric is 3 times stronger and 5 times more resistance for abrasion and more shiny than cotton. Linen doesn\u2018t make allergic reactions and is like natural antiseptic, less mud, soap and whiting residues remain in the fabric, so linen is very suitable for even small kids and people who [&hellip;]\" \/>\n<meta property=\"og:url\" content=\"https:\/\/linas.lt\/en\/linen-care\/lino-privalumai\/\" \/>\n<meta property=\"og:site_name\" content=\"linas.lt\" \/>\n<meta property=\"article:modified_time\" content=\"2021-10-11T10:53:46+00:00\" \/>\n<meta property=\"og:image\" content=\"https:\/\/linas.lt\/wp-content\/uploads\/2021\/10\/uzvalkaliukai-limited2-1-scaled.jpg\" \/>\n\t<meta property=\"og:image:width\" content=\"2560\" \/>\n\t<meta property=\"og:image:height\" content=\"1707\" \/>\n\t<meta property=\"og:image:type\" content=\"image\/jpeg\" \/>\n<meta name=\"twitter:card\" content=\"summary_large_image\" \/>\n<meta name=\"twitter:label1\" content=\"Est. reading time\" \/>\n\t<meta name=\"twitter:data1\" content=\"2 minutes\" \/>\n<script type=\"application\/ld+json\" class=\"yoast-schema-graph\">{\"@context\":\"https:\/\/schema.org\",\"@graph\":[{\"@type\":\"WebPage\",\"@id\":\"https:\/\/linas.lt\/en\/linen-care\/lino-privalumai\/\",\"url\":\"https:\/\/linas.lt\/en\/linen-care\/lino-privalumai\/\",\"name\":\"Advantages of linen - linas.lt\",\"isPartOf\":{\"@id\":\"https:\/\/linas.lt\/en\/#website\"},\"primaryImageOfPage\":{\"@id\":\"https:\/\/linas.lt\/en\/linen-care\/lino-privalumai\/#primaryimage\"},\"image\":{\"@id\":\"https:\/\/linas.lt\/en\/linen-care\/lino-privalumai\/#primaryimage\"},\"thumbnailUrl\":\"https:\/\/linas.lt\/wp-content\/uploads\/2021\/10\/uzvalkaliukai-limited2-1-scaled.jpg\",\"datePublished\":\"2021-10-11T08:15:29+00:00\",\"dateModified\":\"2021-10-11T10:53:46+00:00\",\"breadcrumb\":{\"@id\":\"https:\/\/linas.lt\/en\/linen-care\/lino-privalumai\/#breadcrumb\"},\"inLanguage\":\"en-US\",\"potentialAction\":[{\"@type\":\"ReadAction\",\"target\":[\"https:\/\/linas.lt\/en\/linen-care\/lino-privalumai\/\"]}]},{\"@type\":\"ImageObject\",\"inLanguage\":\"en-US\",\"@id\":\"https:\/\/linas.lt\/en\/linen-care\/lino-privalumai\/#primaryimage\",\"url\":\"https:\/\/linas.lt\/wp-content\/uploads\/2021\/10\/uzvalkaliukai-limited2-1-scaled.jpg\",\"contentUrl\":\"https:\/\/linas.lt\/wp-content\/uploads\/2021\/10\/uzvalkaliukai-limited2-1-scaled.jpg\",\"width\":2560,\"height\":1707},{\"@type\":\"BreadcrumbList\",\"@id\":\"https:\/\/linas.lt\/en\/linen-care\/lino-privalumai\/#breadcrumb\",\"itemListElement\":[{\"@type\":\"ListItem\",\"position\":1,\"name\":\"Home\",\"item\":\"https:\/\/linas.lt\/en\/\"},{\"@type\":\"ListItem\",\"position\":2,\"name\":\"Linen care\",\"item\":\"https:\/\/linas.lt\/en\/linen-care\/\"},{\"@type\":\"ListItem\",\"position\":3,\"name\":\"Advantages of linen\"}]},{\"@type\":\"WebSite\",\"@id\":\"https:\/\/linas.lt\/en\/#website\",\"url\":\"https:\/\/linas.lt\/en\/\",\"name\":\"linas.lt\",\"description\":\"Viena did\u017eiausi\u0173 lin\u0173 tekstil\u0117s gamintoj\u0173 Lietuvoje ir Baltijos valstyb\u0117se. Gilios tradicijos, ilgamet\u0117 darbo patirtis puosel\u0117jama nuo 1957 m.\",\"potentialAction\":[{\"@type\":\"SearchAction\",\"target\":{\"@type\":\"EntryPoint\",\"urlTemplate\":\"https:\/\/linas.lt\/en\/?s={search_term_string}\"},\"query-input\":{\"@type\":\"PropertyValueSpecification\",\"valueRequired\":true,\"valueName\":\"search_term_string\"}}],\"inLanguage\":\"en-US\"}]}<\/script>\n<!-- \/ Yoast SEO plugin. -->","yoast_head_json":{"title":"Advantages of linen - linas.lt","robots":{"index":"index","follow":"follow","max-snippet":"max-snippet:-1","max-image-preview":"max-image-preview:large","max-video-preview":"max-video-preview:-1"},"canonical":"https:\/\/linas.lt\/en\/linen-care\/lino-privalumai\/","og_locale":"en_US","og_type":"article","og_title":"Advantages of linen - linas.lt","og_description":"[vc_row][vc_column][vc_row_inner][vc_column_inner width=&#8221;2\/3&#8243;][vc_column_text] ADVANTAGES OF LINEN Linen fabric is 3 times stronger and 5 times more resistance for abrasion and more shiny than cotton. Linen doesn\u2018t make allergic reactions and is like natural antiseptic, less mud, soap and whiting residues remain in the fabric, so linen is very suitable for even small kids and people who [&hellip;]","og_url":"https:\/\/linas.lt\/en\/linen-care\/lino-privalumai\/","og_site_name":"linas.lt","article_modified_time":"2021-10-11T10:53:46+00:00","og_image":[{"width":2560,"height":1707,"url":"https:\/\/linas.lt\/wp-content\/uploads\/2021\/10\/uzvalkaliukai-limited2-1-scaled.jpg","type":"image\/jpeg"}],"twitter_card":"summary_large_image","twitter_misc":{"Est. reading time":"2 minutes"},"schema":{"@context":"https:\/\/schema.org","@graph":[{"@type":"WebPage","@id":"https:\/\/linas.lt\/en\/linen-care\/lino-privalumai\/","url":"https:\/\/linas.lt\/en\/linen-care\/lino-privalumai\/","name":"Advantages of linen - linas.lt","isPartOf":{"@id":"https:\/\/linas.lt\/en\/#website"},"primaryImageOfPage":{"@id":"https:\/\/linas.lt\/en\/linen-care\/lino-privalumai\/#primaryimage"},"image":{"@id":"https:\/\/linas.lt\/en\/linen-care\/lino-privalumai\/#primaryimage"},"thumbnailUrl":"https:\/\/linas.lt\/wp-content\/uploads\/2021\/10\/uzvalkaliukai-limited2-1-scaled.jpg","datePublished":"2021-10-11T08:15:29+00:00","dateModified":"2021-10-11T10:53:46+00:00","breadcrumb":{"@id":"https:\/\/linas.lt\/en\/linen-care\/lino-privalumai\/#breadcrumb"},"inLanguage":"en-US","potentialAction":[{"@type":"ReadAction","target":["https:\/\/linas.lt\/en\/linen-care\/lino-privalumai\/"]}]},{"@type":"ImageObject","inLanguage":"en-US","@id":"https:\/\/linas.lt\/en\/linen-care\/lino-privalumai\/#primaryimage","url":"https:\/\/linas.lt\/wp-content\/uploads\/2021\/10\/uzvalkaliukai-limited2-1-scaled.jpg","contentUrl":"https:\/\/linas.lt\/wp-content\/uploads\/2021\/10\/uzvalkaliukai-limited2-1-scaled.jpg","width":2560,"height":1707},{"@type":"BreadcrumbList","@id":"https:\/\/linas.lt\/en\/linen-care\/lino-privalumai\/#breadcrumb","itemListElement":[{"@type":"ListItem","position":1,"name":"Home","item":"https:\/\/linas.lt\/en\/"},{"@type":"ListItem","position":2,"name":"Linen care","item":"https:\/\/linas.lt\/en\/linen-care\/"},{"@type":"ListItem","position":3,"name":"Advantages of linen"}]},{"@type":"WebSite","@id":"https:\/\/linas.lt\/en\/#website","url":"https:\/\/linas.lt\/en\/","name":"linas.lt","description":"Viena did\u017eiausi\u0173 lin\u0173 tekstil\u0117s gamintoj\u0173 Lietuvoje ir Baltijos valstyb\u0117se. Gilios tradicijos, ilgamet\u0117 darbo patirtis puosel\u0117jama nuo 1957 m.","potentialAction":[{"@type":"SearchAction","target":{"@type":"EntryPoint","urlTemplate":"https:\/\/linas.lt\/en\/?s={search_term_string}"},"query-input":{"@type":"PropertyValueSpecification","valueRequired":true,"valueName":"search_term_string"}}],"inLanguage":"en-US"}]}},"_links":{"self":[{"href":"https:\/\/linas.lt\/en\/wp-json\/wp\/v2\/pages\/9392","targetHints":{"allow":["GET"]}}],"collection":[{"href":"https:\/\/linas.lt\/en\/wp-json\/wp\/v2\/pages"}],"about":[{"href":"https:\/\/linas.lt\/en\/wp-json\/wp\/v2\/types\/page"}],"author":[{"embeddable":true,"href":"https:\/\/linas.lt\/en\/wp-json\/wp\/v2\/users\/1"}],"replies":[{"embeddable":true,"href":"https:\/\/linas.lt\/en\/wp-json\/wp\/v2\/comments?post=9392"}],"version-history":[{"count":2,"href":"https:\/\/linas.lt\/en\/wp-json\/wp\/v2\/pages\/9392\/revisions"}],"predecessor-version":[{"id":11100,"href":"https:\/\/linas.lt\/en\/wp-json\/wp\/v2\/pages\/9392\/revisions\/11100"}],"up":[{"embeddable":true,"href":"https:\/\/linas.lt\/en\/wp-json\/wp\/v2\/pages\/5847"}],"wp:featuredmedia":[{"embeddable":true,"href":"https:\/\/linas.lt\/en\/wp-json\/wp\/v2\/media\/5884"}],"wp:attachment":[{"href":"https:\/\/linas.lt\/en\/wp-json\/wp\/v2\/media?parent=9392"}],"curies":[{"name":"wp","href":"https:\/\/api.w.org\/{rel}","templated":true}]}}