{"id":11301,"date":"2021-10-21T07:21:06","date_gmt":"2021-10-21T07:21:06","guid":{"rendered":"https:\/\/linas.lt\/?page_id=11301"},"modified":"2021-10-29T07:38:23","modified_gmt":"2021-10-29T07:38:23","slug":"lino-isskirtines-savybes","status":"publish","type":"page","link":"https:\/\/linas.lt\/fr\/lino-prieziura\/lino-isskirtines-savybes\/","title":{"rendered":"Propri\u00e9t\u00e9s exclusives du lin"},"content":{"rendered":"<p>[vc_row][vc_column][vc_row_inner][vc_column_inner][vc_column_text]<\/p>\n<h2>PROPRIETES EXCLUSIVES DU LIN<\/h2>\n<p>Le lin est une fibre v\u00e9g\u00e9tale naturelle utilis\u00e9e depuis la nuit des temps. Les Egyptiens antiques portaient d\u00e9j\u00e0 des v\u00eatements con\u00e7us en lin, il y a plus de 5000 ans avant notre \u00e8re. La toile de lin pouvait servir d\u2018offrande sacr\u00e9e afin de prier les dieux du Panth\u00e9on egyptien. C\u2018est ainsi que de fines bandelettes de lin \u00e9taient utilis\u00e9es dans le processus de momification des Pharaons d\u2018Egypte.<br \/>\nDes si\u00e8cles plus tard, les peuples install\u00e9s dans l\u2018actuelle Lituanie ont toujours cultiv\u00e9 cette fibre v\u00e9g\u00e9tales. La production et le tissage du lin fait partie int\u00e9grante de la culture lituannienne au point d\u2018\u00eatre mentionn\u00e9 dans d\u2018ancestrales chansons folkloriques. Dans folklore lituanien, le lin est consid\u00e9r\u00e9 comme une plante sacr\u00e9e compar\u00e9e \u00e0 \u201ela pelouse de soleil\u201c et \u201ele c\u00e9r\u00e9ale des femmes\u201c.<br \/>\nLe tissu de lin est une des fibres les plus naturelle. Il prot\u00e8ge avantageusement le corps humain pr\u00e9servant votre peau.<br \/>\nLes produits en lin sont largement utilis\u00e9s parce qu\u2018ils sont tr\u00e8s r\u00e9sistants. Ils sont facilement lavables et absorbent rapidement l&rsquo;humidit\u00e9.<br \/>\nComme chacun le sait, le tissu de lin n\u2018est pas seulement tr\u00e8s est\u00e9thique \u00e0 l&rsquo;\u0153il, mais aussi il respecte l\u2018environnement et est anti-allergique.[\/vc_column_text][vc_single_image image=\u00a0\u00bb5863&Prime; img_size=\u00a0\u00bblarge\u00a0\u00bb alignment=\u00a0\u00bbcenter\u00a0\u00bb][vc_column_text]<\/p>\n<h2><strong>MYTHES SUR LE LIN<\/strong><\/h2>\n<h3>Le lin se contracte.<\/h3>\n<blockquote><p>Tous les tissus en fibres naturelles se contractent plus ou moins apr\u00e8s un nettoyage. Nous pouvons proposer aux personnes pour lesquelles cela est d\u2019actualit\u00e9 la finition sp\u00e9ciale S4 qui minimise la contraction des produits apr\u00e8s le lavage. Nous recommandons aussi de laver le tissu avant de le coudre.<\/p><\/blockquote>\n<h3>Le lin se froisse.<\/h3>\n<blockquote><p>Le lin naturel est frip\u00e9, mais il faut pas oublier que le lin doit se froisser et que c\u2019est une propri\u00e9t\u00e9 unique et exclusive de cette fibre. Si vous souhaitez diminuer le froissement, nous recommandons de choisir des tissus en lin compos\u00e9s d\u2019autres fibres (laine, viscose) ou de choisir un tissu avec la finition sp\u00e9ciale entretien facile LPA qui minimise le froissement des produits apr\u00e8s le lavage. Le plus important est de ne pas oublier qu\u2019apr\u00e8s chaque lavage le tissu devient plus souple et moins frip\u00e9s.<\/p><\/blockquote>\n<h3>Le lin se repasse difficilement.<\/h3>\n<blockquote><p>Seuls ceux qui ne connaissent pas les r\u00e8gles de repassage les plus importantes du lin pensent ainsi\u00a0: repasser les produits humides et pas s\u00e9ch\u00e9s. Une autre solution est notre finition sp\u00e9ciale entretien facile LPA qui minimise le froissement des produits apr\u00e8s le lavage, les produits se repassent plus facilement. Et notre plus grande aide dans cette situation, selon nous, est la mode car il est tr\u00e8s \u00e0 la mode actuellement de laver sans repasser les produits en lin\u00a0: on lave, on fait s\u00e9cher et on porte.<\/p><\/blockquote>\n<p>[\/vc_column_text][vc_single_image image=\u00a0\u00bb5857&Prime; img_size=\u00a0\u00bblarge\u00a0\u00bb alignment=\u00a0\u00bbcenter\u00a0\u00bb][\/vc_column_inner][\/vc_row_inner][\/vc_column][\/vc_row]<\/p>\n","protected":false},"excerpt":{"rendered":"<p>[vc_row][vc_column][vc_row_inner][vc_column_inner][vc_column_text] PROPRIETES EXCLUSIVES DU LIN Le lin est une fibre v\u00e9g\u00e9tale naturelle utilis\u00e9e depuis la nuit des temps. Les Egyptiens antiques portaient d\u00e9j\u00e0 des v\u00eatements con\u00e7us en lin, il y a plus de 5000 ans avant notre \u00e8re. La toile de lin pouvait servir d\u2018offrande sacr\u00e9e afin de prier les dieux du Panth\u00e9on egyptien. C\u2018est [&hellip;]<\/p>\n","protected":false},"author":1,"featured_media":5882,"parent":11299,"menu_order":1,"comment_status":"closed","ping_status":"closed","template":"page-prieziura-item.php","meta":{"_acf_changed":false,"footnotes":""},"class_list":["post-11301","page","type-page","status-publish","has-post-thumbnail","hentry"],"acf":[],"yoast_head":"<!-- This site is optimized with the Yoast SEO plugin v25.8 - https:\/\/yoast.com\/wordpress\/plugins\/seo\/ -->\n<title>Propri\u00e9t\u00e9s exclusives du lin - linas.lt<\/title>\n<meta name=\"robots\" content=\"index, follow, max-snippet:-1, max-image-preview:large, max-video-preview:-1\" \/>\n<link rel=\"canonical\" href=\"https:\/\/linas.lt\/fr\/lino-prieziura\/lino-isskirtines-savybes\/\" \/>\n<meta property=\"og:locale\" content=\"fr_FR\" \/>\n<meta property=\"og:type\" content=\"article\" \/>\n<meta property=\"og:title\" content=\"Propri\u00e9t\u00e9s exclusives du lin - linas.lt\" \/>\n<meta property=\"og:description\" content=\"[vc_row][vc_column][vc_row_inner][vc_column_inner][vc_column_text] PROPRIETES EXCLUSIVES DU LIN Le lin est une fibre v\u00e9g\u00e9tale naturelle utilis\u00e9e depuis la nuit des temps. Les Egyptiens antiques portaient d\u00e9j\u00e0 des v\u00eatements con\u00e7us en lin, il y a plus de 5000 ans avant notre \u00e8re. La toile de lin pouvait servir d\u2018offrande sacr\u00e9e afin de prier les dieux du Panth\u00e9on egyptien. C\u2018est [&hellip;]\" \/>\n<meta property=\"og:url\" content=\"https:\/\/linas.lt\/fr\/lino-prieziura\/lino-isskirtines-savybes\/\" \/>\n<meta property=\"og:site_name\" content=\"linas.lt\" \/>\n<meta property=\"article:modified_time\" content=\"2021-10-29T07:38:23+00:00\" \/>\n<meta property=\"og:image\" content=\"https:\/\/linas.lt\/wp-content\/uploads\/2021\/10\/DSC_0027-Copy-1-scaled.jpg\" \/>\n\t<meta property=\"og:image:width\" content=\"2560\" \/>\n\t<meta property=\"og:image:height\" content=\"1707\" \/>\n\t<meta property=\"og:image:type\" content=\"image\/jpeg\" \/>\n<meta name=\"twitter:card\" content=\"summary_large_image\" \/>\n<meta name=\"twitter:label1\" content=\"Dur\u00e9e de lecture estim\u00e9e\" \/>\n\t<meta name=\"twitter:data1\" content=\"3 minutes\" \/>\n<script type=\"application\/ld+json\" class=\"yoast-schema-graph\">{\"@context\":\"https:\/\/schema.org\",\"@graph\":[{\"@type\":\"WebPage\",\"@id\":\"https:\/\/linas.lt\/fr\/lino-prieziura\/lino-isskirtines-savybes\/\",\"url\":\"https:\/\/linas.lt\/fr\/lino-prieziura\/lino-isskirtines-savybes\/\",\"name\":\"Propri\u00e9t\u00e9s exclusives du lin - linas.lt\",\"isPartOf\":{\"@id\":\"https:\/\/linas.lt\/en\/#website\"},\"primaryImageOfPage\":{\"@id\":\"https:\/\/linas.lt\/fr\/lino-prieziura\/lino-isskirtines-savybes\/#primaryimage\"},\"image\":{\"@id\":\"https:\/\/linas.lt\/fr\/lino-prieziura\/lino-isskirtines-savybes\/#primaryimage\"},\"thumbnailUrl\":\"https:\/\/linas.lt\/wp-content\/uploads\/2021\/10\/DSC_0027-Copy-1-scaled.jpg\",\"datePublished\":\"2021-10-21T07:21:06+00:00\",\"dateModified\":\"2021-10-29T07:38:23+00:00\",\"breadcrumb\":{\"@id\":\"https:\/\/linas.lt\/fr\/lino-prieziura\/lino-isskirtines-savybes\/#breadcrumb\"},\"inLanguage\":\"fr-FR\",\"potentialAction\":[{\"@type\":\"ReadAction\",\"target\":[\"https:\/\/linas.lt\/fr\/lino-prieziura\/lino-isskirtines-savybes\/\"]}]},{\"@type\":\"ImageObject\",\"inLanguage\":\"fr-FR\",\"@id\":\"https:\/\/linas.lt\/fr\/lino-prieziura\/lino-isskirtines-savybes\/#primaryimage\",\"url\":\"https:\/\/linas.lt\/wp-content\/uploads\/2021\/10\/DSC_0027-Copy-1-scaled.jpg\",\"contentUrl\":\"https:\/\/linas.lt\/wp-content\/uploads\/2021\/10\/DSC_0027-Copy-1-scaled.jpg\",\"width\":2560,\"height\":1707},{\"@type\":\"BreadcrumbList\",\"@id\":\"https:\/\/linas.lt\/fr\/lino-prieziura\/lino-isskirtines-savybes\/#breadcrumb\",\"itemListElement\":[{\"@type\":\"ListItem\",\"position\":1,\"name\":\"Home\",\"item\":\"https:\/\/linas.lt\/fr\/\"},{\"@type\":\"ListItem\",\"position\":2,\"name\":\"Entretien du lin\",\"item\":\"https:\/\/linas.lt\/fr\/lino-prieziura\/\"},{\"@type\":\"ListItem\",\"position\":3,\"name\":\"Propri\u00e9t\u00e9s exclusives du lin\"}]},{\"@type\":\"WebSite\",\"@id\":\"https:\/\/linas.lt\/en\/#website\",\"url\":\"https:\/\/linas.lt\/en\/\",\"name\":\"linas.lt\",\"description\":\"Viena did\u017eiausi\u0173 lin\u0173 tekstil\u0117s gamintoj\u0173 Lietuvoje ir Baltijos valstyb\u0117se. Gilios tradicijos, ilgamet\u0117 darbo patirtis puosel\u0117jama nuo 1957 m.\",\"potentialAction\":[{\"@type\":\"SearchAction\",\"target\":{\"@type\":\"EntryPoint\",\"urlTemplate\":\"https:\/\/linas.lt\/en\/?s={search_term_string}\"},\"query-input\":{\"@type\":\"PropertyValueSpecification\",\"valueRequired\":true,\"valueName\":\"search_term_string\"}}],\"inLanguage\":\"fr-FR\"}]}<\/script>\n<!-- \/ Yoast SEO plugin. -->","yoast_head_json":{"title":"Propri\u00e9t\u00e9s exclusives du lin - linas.lt","robots":{"index":"index","follow":"follow","max-snippet":"max-snippet:-1","max-image-preview":"max-image-preview:large","max-video-preview":"max-video-preview:-1"},"canonical":"https:\/\/linas.lt\/fr\/lino-prieziura\/lino-isskirtines-savybes\/","og_locale":"fr_FR","og_type":"article","og_title":"Propri\u00e9t\u00e9s exclusives du lin - linas.lt","og_description":"[vc_row][vc_column][vc_row_inner][vc_column_inner][vc_column_text] PROPRIETES EXCLUSIVES DU LIN Le lin est une fibre v\u00e9g\u00e9tale naturelle utilis\u00e9e depuis la nuit des temps. Les Egyptiens antiques portaient d\u00e9j\u00e0 des v\u00eatements con\u00e7us en lin, il y a plus de 5000 ans avant notre \u00e8re. La toile de lin pouvait servir d\u2018offrande sacr\u00e9e afin de prier les dieux du Panth\u00e9on egyptien. C\u2018est [&hellip;]","og_url":"https:\/\/linas.lt\/fr\/lino-prieziura\/lino-isskirtines-savybes\/","og_site_name":"linas.lt","article_modified_time":"2021-10-29T07:38:23+00:00","og_image":[{"width":2560,"height":1707,"url":"https:\/\/linas.lt\/wp-content\/uploads\/2021\/10\/DSC_0027-Copy-1-scaled.jpg","type":"image\/jpeg"}],"twitter_card":"summary_large_image","twitter_misc":{"Dur\u00e9e de lecture estim\u00e9e":"3 minutes"},"schema":{"@context":"https:\/\/schema.org","@graph":[{"@type":"WebPage","@id":"https:\/\/linas.lt\/fr\/lino-prieziura\/lino-isskirtines-savybes\/","url":"https:\/\/linas.lt\/fr\/lino-prieziura\/lino-isskirtines-savybes\/","name":"Propri\u00e9t\u00e9s exclusives du lin - linas.lt","isPartOf":{"@id":"https:\/\/linas.lt\/en\/#website"},"primaryImageOfPage":{"@id":"https:\/\/linas.lt\/fr\/lino-prieziura\/lino-isskirtines-savybes\/#primaryimage"},"image":{"@id":"https:\/\/linas.lt\/fr\/lino-prieziura\/lino-isskirtines-savybes\/#primaryimage"},"thumbnailUrl":"https:\/\/linas.lt\/wp-content\/uploads\/2021\/10\/DSC_0027-Copy-1-scaled.jpg","datePublished":"2021-10-21T07:21:06+00:00","dateModified":"2021-10-29T07:38:23+00:00","breadcrumb":{"@id":"https:\/\/linas.lt\/fr\/lino-prieziura\/lino-isskirtines-savybes\/#breadcrumb"},"inLanguage":"fr-FR","potentialAction":[{"@type":"ReadAction","target":["https:\/\/linas.lt\/fr\/lino-prieziura\/lino-isskirtines-savybes\/"]}]},{"@type":"ImageObject","inLanguage":"fr-FR","@id":"https:\/\/linas.lt\/fr\/lino-prieziura\/lino-isskirtines-savybes\/#primaryimage","url":"https:\/\/linas.lt\/wp-content\/uploads\/2021\/10\/DSC_0027-Copy-1-scaled.jpg","contentUrl":"https:\/\/linas.lt\/wp-content\/uploads\/2021\/10\/DSC_0027-Copy-1-scaled.jpg","width":2560,"height":1707},{"@type":"BreadcrumbList","@id":"https:\/\/linas.lt\/fr\/lino-prieziura\/lino-isskirtines-savybes\/#breadcrumb","itemListElement":[{"@type":"ListItem","position":1,"name":"Home","item":"https:\/\/linas.lt\/fr\/"},{"@type":"ListItem","position":2,"name":"Entretien du lin","item":"https:\/\/linas.lt\/fr\/lino-prieziura\/"},{"@type":"ListItem","position":3,"name":"Propri\u00e9t\u00e9s exclusives du lin"}]},{"@type":"WebSite","@id":"https:\/\/linas.lt\/en\/#website","url":"https:\/\/linas.lt\/en\/","name":"linas.lt","description":"Viena did\u017eiausi\u0173 lin\u0173 tekstil\u0117s gamintoj\u0173 Lietuvoje ir Baltijos valstyb\u0117se. Gilios tradicijos, ilgamet\u0117 darbo patirtis puosel\u0117jama nuo 1957 m.","potentialAction":[{"@type":"SearchAction","target":{"@type":"EntryPoint","urlTemplate":"https:\/\/linas.lt\/en\/?s={search_term_string}"},"query-input":{"@type":"PropertyValueSpecification","valueRequired":true,"valueName":"search_term_string"}}],"inLanguage":"fr-FR"}]}},"_links":{"self":[{"href":"https:\/\/linas.lt\/fr\/wp-json\/wp\/v2\/pages\/11301","targetHints":{"allow":["GET"]}}],"collection":[{"href":"https:\/\/linas.lt\/fr\/wp-json\/wp\/v2\/pages"}],"about":[{"href":"https:\/\/linas.lt\/fr\/wp-json\/wp\/v2\/types\/page"}],"author":[{"embeddable":true,"href":"https:\/\/linas.lt\/fr\/wp-json\/wp\/v2\/users\/1"}],"replies":[{"embeddable":true,"href":"https:\/\/linas.lt\/fr\/wp-json\/wp\/v2\/comments?post=11301"}],"version-history":[{"count":4,"href":"https:\/\/linas.lt\/fr\/wp-json\/wp\/v2\/pages\/11301\/revisions"}],"predecessor-version":[{"id":11412,"href":"https:\/\/linas.lt\/fr\/wp-json\/wp\/v2\/pages\/11301\/revisions\/11412"}],"up":[{"embeddable":true,"href":"https:\/\/linas.lt\/fr\/wp-json\/wp\/v2\/pages\/11299"}],"wp:featuredmedia":[{"embeddable":true,"href":"https:\/\/linas.lt\/fr\/wp-json\/wp\/v2\/media\/5882"}],"wp:attachment":[{"href":"https:\/\/linas.lt\/fr\/wp-json\/wp\/v2\/media?parent=11301"}],"curies":[{"name":"wp","href":"https:\/\/api.w.org\/{rel}","templated":true}]}}