{"id":11303,"date":"2021-10-21T07:21:28","date_gmt":"2021-10-21T07:21:28","guid":{"rendered":"https:\/\/linas.lt\/?page_id=11303"},"modified":"2021-10-21T07:37:40","modified_gmt":"2021-10-21T07:37:40","slug":"11303-2","status":"publish","type":"page","link":"https:\/\/linas.lt\/fr\/lino-prieziura\/11303-2\/","title":{"rendered":"L`entretien des tissus et des produits en lin"},"content":{"rendered":"<p>[vc_row][vc_column][vc_row_inner][vc_column_inner width=\u00a0\u00bb2\/3&Prime;][vc_column_text]<\/p>\n<h2><strong>L`ENTRETIEN DES TISSUS ET DES PRODUITS EN LIN\u00a0<\/strong><\/h2>\n<p>Pour profiter des meilleures qualit\u00e9s offertes par le lin, il est n\u00e9cessaire de conna\u00eetre quelques secrets et quelques astuces afin de prendre soin et pr\u00e9server vos produits en lin.<\/p>\n<h3><strong>Le lavage<\/strong><\/h3>\n<blockquote><p>Le tissu de lin peut \u00eatre lav\u00e9 \u00e0 la main mais aussi au lave-linge ou en nettoyage \u00e0 sec. Les produits de blanchissage sont autoris\u00e9s pour le lavage des tissus \u00e0 base de lin blanc. Les tissus de couleurs doivent \u00eatre lav\u00e9s avec du savon ou un d\u00e9tergent doux. Si l&rsquo;eau est tr\u00e8s calcaire, nous vous conseillons d\u2018utiliser des assouplissants pour le lavage. Ne lavez jamais les tissus sombres et les tissus claires ensemble. Si vous souhaitez laver vos v\u00eatements \u00e0 la machine, ne surchargez pas la machine afin que les produits en lin soient plus libre durant les cycles de lavage. Dans le cas contraire, votre v\u00eatement en lin peut pr\u00e9senter des traces de rayures.<\/p>\n<p>Nous attirons votre attention \u00e9galement sur la composition de v\u00eatements comprenants une fibre autre que le lin et qui doivent \u00eatre pris en compte lors du lavage. Apr\u00e8s le lavage \u00e0 la main ou au lave-linge, les produits doivent \u00eatre tr\u00e8s bien rinc\u00e9s.<\/p>\n<p>Le nettoyage \u00e0 sec pr\u00e9sente l`avantage que les produits pr\u00e9sentent un aspect d\u00e9j\u00e0 repass\u00e9s. Pour les rideaux en lin, nous recommandons d\u2018utiliser le nettoyage \u00e0 sec afin d&rsquo;\u00e9viter les risques de r\u00e9tricements de nos produits.<\/p>\n<p>Si vous avez une t\u00e2che sur votre vetement, vous pouvez utiliser un produit nettoyant. Nous vous conseillons de faire des essais sur une partie invisible du v\u00eatement avant. Laissez agir ensuite le nettoyant de 2 \u00e0 3 minutes sans oublier ensuite de bien le rincer. Si la couleur existante n\u2018est pas alt\u00e9r\u00e9e, vous pouvez alors l&rsquo;utiliser en traitant la t\u00e2che en prenant soin de ne pas m\u00e9langer le produit de nettoyage avec d\u2018autres lessives dans votre lave linge.<\/p><\/blockquote>\n<p><b><strong>S\u00e9chage<\/strong><\/b><\/p>\n<blockquote><p>La toile de lin peut s\u00e9cher dans un s\u00e8che-linge ainsi que de fa\u00e7on naturelle. Apr\u00e8s le lavage, le tissu pr\u00e9sentera un aspect froiss\u00e9. Dans ce sens, nous vous conseillons de l\u2018accrocher correctement pour le faire s\u00e8cher afin que la fibre ne se froisse pas plus. Comme le tissu de lin s\u00e8che vite, il est important de ne pas le laisser s\u00e8cher trop longtemps, sinon la fibre sera sera tr\u00e8s difficile \u00e0 repasser.<\/p><\/blockquote>\n<p><b>Repassage<\/b><\/p>\n<blockquote><p>Le tissu de lin est plus facile \u00e0 repasser quand il est encore l\u00e9g\u00e8rement humide. Il est recommand\u00e9\u00a0 de le repasser du cot\u00e9 inverse afin de ne pas alt\u00e8rer la brillance du tissu. Pour repasser l\u2018aspect froiss\u00e9 du tissu, la temp\u00e9rature du fer ainsi que la vapeur doit \u00eatre assez \u00e9lev\u00e9e. Apr\u00e8s le repassage, de votre produit en lin, nous vous conseillons de laisser votre produit dans un endroit frais et bien ventil\u00e9 afin qu`il s\u00e9che compl\u00e8tement.<\/p><\/blockquote>\n<p>[\/vc_column_text][\/vc_column_inner][vc_column_inner width=\u00a0\u00bb1\/3&Prime;][vc_single_image image=\u00a0\u00bb5857&Prime; img_size=\u00a0\u00bblarge\u00a0\u00bb][vc_single_image image=\u00a0\u00bb5863&Prime; img_size=\u00a0\u00bblarge\u00a0\u00bb][vc_single_image image=\u00a0\u00bb5860&Prime; img_size=\u00a0\u00bblarge\u00a0\u00bb][vc_single_image image=\u00a0\u00bb5871&Prime; img_size=\u00a0\u00bblarge\u00a0\u00bb][\/vc_column_inner][\/vc_row_inner][\/vc_column][\/vc_row]<\/p>\n","protected":false},"excerpt":{"rendered":"<p>[vc_row][vc_column][vc_row_inner][vc_column_inner width=\u00a0\u00bb2\/3&Prime;][vc_column_text] L`ENTRETIEN DES TISSUS ET DES PRODUITS EN LIN\u00a0 Pour profiter des meilleures qualit\u00e9s offertes par le lin, il est n\u00e9cessaire de conna\u00eetre quelques secrets et quelques astuces afin de prendre soin et pr\u00e9server vos produits en lin. Le lavage Le tissu de lin peut \u00eatre lav\u00e9 \u00e0 la main mais aussi au lave-linge [&hellip;]<\/p>\n","protected":false},"author":1,"featured_media":5876,"parent":11299,"menu_order":0,"comment_status":"closed","ping_status":"closed","template":"page-prieziura-item.php","meta":{"_acf_changed":false,"footnotes":""},"class_list":["post-11303","page","type-page","status-publish","has-post-thumbnail","hentry"],"acf":[],"yoast_head":"<!-- This site is optimized with the Yoast SEO plugin v25.8 - https:\/\/yoast.com\/wordpress\/plugins\/seo\/ -->\n<title>L`entretien des tissus et des produits en lin - linas.lt<\/title>\n<meta name=\"robots\" content=\"index, follow, max-snippet:-1, max-image-preview:large, max-video-preview:-1\" \/>\n<link rel=\"canonical\" href=\"https:\/\/linas.lt\/fr\/lino-prieziura\/11303-2\/\" \/>\n<meta property=\"og:locale\" content=\"fr_FR\" \/>\n<meta property=\"og:type\" content=\"article\" \/>\n<meta property=\"og:title\" content=\"L`entretien des tissus et des produits en lin - linas.lt\" \/>\n<meta property=\"og:description\" content=\"[vc_row][vc_column][vc_row_inner][vc_column_inner width=\u00a0\u00bb2\/3&Prime;][vc_column_text] L`ENTRETIEN DES TISSUS ET DES PRODUITS EN LIN\u00a0 Pour profiter des meilleures qualit\u00e9s offertes par le lin, il est n\u00e9cessaire de conna\u00eetre quelques secrets et quelques astuces afin de prendre soin et pr\u00e9server vos produits en lin. Le lavage Le tissu de lin peut \u00eatre lav\u00e9 \u00e0 la main mais aussi au lave-linge [&hellip;]\" \/>\n<meta property=\"og:url\" content=\"https:\/\/linas.lt\/fr\/lino-prieziura\/11303-2\/\" \/>\n<meta property=\"og:site_name\" content=\"linas.lt\" \/>\n<meta property=\"article:modified_time\" content=\"2021-10-21T07:37:40+00:00\" \/>\n<meta property=\"og:image\" content=\"https:\/\/linas.lt\/wp-content\/uploads\/2021\/10\/1-10-Copy-1-scaled.jpg\" \/>\n\t<meta property=\"og:image:width\" content=\"1702\" \/>\n\t<meta property=\"og:image:height\" content=\"2560\" \/>\n\t<meta property=\"og:image:type\" content=\"image\/jpeg\" \/>\n<meta name=\"twitter:card\" content=\"summary_large_image\" \/>\n<meta name=\"twitter:label1\" content=\"Dur\u00e9e de lecture estim\u00e9e\" \/>\n\t<meta name=\"twitter:data1\" content=\"3 minutes\" \/>\n<script type=\"application\/ld+json\" class=\"yoast-schema-graph\">{\"@context\":\"https:\/\/schema.org\",\"@graph\":[{\"@type\":\"WebPage\",\"@id\":\"https:\/\/linas.lt\/fr\/lino-prieziura\/11303-2\/\",\"url\":\"https:\/\/linas.lt\/fr\/lino-prieziura\/11303-2\/\",\"name\":\"L`entretien des tissus et des produits en lin - linas.lt\",\"isPartOf\":{\"@id\":\"https:\/\/linas.lt\/en\/#website\"},\"primaryImageOfPage\":{\"@id\":\"https:\/\/linas.lt\/fr\/lino-prieziura\/11303-2\/#primaryimage\"},\"image\":{\"@id\":\"https:\/\/linas.lt\/fr\/lino-prieziura\/11303-2\/#primaryimage\"},\"thumbnailUrl\":\"https:\/\/linas.lt\/wp-content\/uploads\/2021\/10\/1-10-Copy-1-scaled.jpg\",\"datePublished\":\"2021-10-21T07:21:28+00:00\",\"dateModified\":\"2021-10-21T07:37:40+00:00\",\"breadcrumb\":{\"@id\":\"https:\/\/linas.lt\/fr\/lino-prieziura\/11303-2\/#breadcrumb\"},\"inLanguage\":\"fr-FR\",\"potentialAction\":[{\"@type\":\"ReadAction\",\"target\":[\"https:\/\/linas.lt\/fr\/lino-prieziura\/11303-2\/\"]}]},{\"@type\":\"ImageObject\",\"inLanguage\":\"fr-FR\",\"@id\":\"https:\/\/linas.lt\/fr\/lino-prieziura\/11303-2\/#primaryimage\",\"url\":\"https:\/\/linas.lt\/wp-content\/uploads\/2021\/10\/1-10-Copy-1-scaled.jpg\",\"contentUrl\":\"https:\/\/linas.lt\/wp-content\/uploads\/2021\/10\/1-10-Copy-1-scaled.jpg\",\"width\":1702,\"height\":2560},{\"@type\":\"BreadcrumbList\",\"@id\":\"https:\/\/linas.lt\/fr\/lino-prieziura\/11303-2\/#breadcrumb\",\"itemListElement\":[{\"@type\":\"ListItem\",\"position\":1,\"name\":\"Home\",\"item\":\"https:\/\/linas.lt\/fr\/\"},{\"@type\":\"ListItem\",\"position\":2,\"name\":\"Entretien du lin\",\"item\":\"https:\/\/linas.lt\/fr\/lino-prieziura\/\"},{\"@type\":\"ListItem\",\"position\":3,\"name\":\"L`entretien des tissus et des produits en lin\"}]},{\"@type\":\"WebSite\",\"@id\":\"https:\/\/linas.lt\/en\/#website\",\"url\":\"https:\/\/linas.lt\/en\/\",\"name\":\"linas.lt\",\"description\":\"Viena did\u017eiausi\u0173 lin\u0173 tekstil\u0117s gamintoj\u0173 Lietuvoje ir Baltijos valstyb\u0117se. Gilios tradicijos, ilgamet\u0117 darbo patirtis puosel\u0117jama nuo 1957 m.\",\"potentialAction\":[{\"@type\":\"SearchAction\",\"target\":{\"@type\":\"EntryPoint\",\"urlTemplate\":\"https:\/\/linas.lt\/en\/?s={search_term_string}\"},\"query-input\":{\"@type\":\"PropertyValueSpecification\",\"valueRequired\":true,\"valueName\":\"search_term_string\"}}],\"inLanguage\":\"fr-FR\"}]}<\/script>\n<!-- \/ Yoast SEO plugin. -->","yoast_head_json":{"title":"L`entretien des tissus et des produits en lin - linas.lt","robots":{"index":"index","follow":"follow","max-snippet":"max-snippet:-1","max-image-preview":"max-image-preview:large","max-video-preview":"max-video-preview:-1"},"canonical":"https:\/\/linas.lt\/fr\/lino-prieziura\/11303-2\/","og_locale":"fr_FR","og_type":"article","og_title":"L`entretien des tissus et des produits en lin - linas.lt","og_description":"[vc_row][vc_column][vc_row_inner][vc_column_inner width=\u00a0\u00bb2\/3&Prime;][vc_column_text] L`ENTRETIEN DES TISSUS ET DES PRODUITS EN LIN\u00a0 Pour profiter des meilleures qualit\u00e9s offertes par le lin, il est n\u00e9cessaire de conna\u00eetre quelques secrets et quelques astuces afin de prendre soin et pr\u00e9server vos produits en lin. Le lavage Le tissu de lin peut \u00eatre lav\u00e9 \u00e0 la main mais aussi au lave-linge [&hellip;]","og_url":"https:\/\/linas.lt\/fr\/lino-prieziura\/11303-2\/","og_site_name":"linas.lt","article_modified_time":"2021-10-21T07:37:40+00:00","og_image":[{"width":1702,"height":2560,"url":"https:\/\/linas.lt\/wp-content\/uploads\/2021\/10\/1-10-Copy-1-scaled.jpg","type":"image\/jpeg"}],"twitter_card":"summary_large_image","twitter_misc":{"Dur\u00e9e de lecture estim\u00e9e":"3 minutes"},"schema":{"@context":"https:\/\/schema.org","@graph":[{"@type":"WebPage","@id":"https:\/\/linas.lt\/fr\/lino-prieziura\/11303-2\/","url":"https:\/\/linas.lt\/fr\/lino-prieziura\/11303-2\/","name":"L`entretien des tissus et des produits en lin - linas.lt","isPartOf":{"@id":"https:\/\/linas.lt\/en\/#website"},"primaryImageOfPage":{"@id":"https:\/\/linas.lt\/fr\/lino-prieziura\/11303-2\/#primaryimage"},"image":{"@id":"https:\/\/linas.lt\/fr\/lino-prieziura\/11303-2\/#primaryimage"},"thumbnailUrl":"https:\/\/linas.lt\/wp-content\/uploads\/2021\/10\/1-10-Copy-1-scaled.jpg","datePublished":"2021-10-21T07:21:28+00:00","dateModified":"2021-10-21T07:37:40+00:00","breadcrumb":{"@id":"https:\/\/linas.lt\/fr\/lino-prieziura\/11303-2\/#breadcrumb"},"inLanguage":"fr-FR","potentialAction":[{"@type":"ReadAction","target":["https:\/\/linas.lt\/fr\/lino-prieziura\/11303-2\/"]}]},{"@type":"ImageObject","inLanguage":"fr-FR","@id":"https:\/\/linas.lt\/fr\/lino-prieziura\/11303-2\/#primaryimage","url":"https:\/\/linas.lt\/wp-content\/uploads\/2021\/10\/1-10-Copy-1-scaled.jpg","contentUrl":"https:\/\/linas.lt\/wp-content\/uploads\/2021\/10\/1-10-Copy-1-scaled.jpg","width":1702,"height":2560},{"@type":"BreadcrumbList","@id":"https:\/\/linas.lt\/fr\/lino-prieziura\/11303-2\/#breadcrumb","itemListElement":[{"@type":"ListItem","position":1,"name":"Home","item":"https:\/\/linas.lt\/fr\/"},{"@type":"ListItem","position":2,"name":"Entretien du lin","item":"https:\/\/linas.lt\/fr\/lino-prieziura\/"},{"@type":"ListItem","position":3,"name":"L`entretien des tissus et des produits en lin"}]},{"@type":"WebSite","@id":"https:\/\/linas.lt\/en\/#website","url":"https:\/\/linas.lt\/en\/","name":"linas.lt","description":"Viena did\u017eiausi\u0173 lin\u0173 tekstil\u0117s gamintoj\u0173 Lietuvoje ir Baltijos valstyb\u0117se. Gilios tradicijos, ilgamet\u0117 darbo patirtis puosel\u0117jama nuo 1957 m.","potentialAction":[{"@type":"SearchAction","target":{"@type":"EntryPoint","urlTemplate":"https:\/\/linas.lt\/en\/?s={search_term_string}"},"query-input":{"@type":"PropertyValueSpecification","valueRequired":true,"valueName":"search_term_string"}}],"inLanguage":"fr-FR"}]}},"_links":{"self":[{"href":"https:\/\/linas.lt\/fr\/wp-json\/wp\/v2\/pages\/11303","targetHints":{"allow":["GET"]}}],"collection":[{"href":"https:\/\/linas.lt\/fr\/wp-json\/wp\/v2\/pages"}],"about":[{"href":"https:\/\/linas.lt\/fr\/wp-json\/wp\/v2\/types\/page"}],"author":[{"embeddable":true,"href":"https:\/\/linas.lt\/fr\/wp-json\/wp\/v2\/users\/1"}],"replies":[{"embeddable":true,"href":"https:\/\/linas.lt\/fr\/wp-json\/wp\/v2\/comments?post=11303"}],"version-history":[{"count":4,"href":"https:\/\/linas.lt\/fr\/wp-json\/wp\/v2\/pages\/11303\/revisions"}],"predecessor-version":[{"id":11312,"href":"https:\/\/linas.lt\/fr\/wp-json\/wp\/v2\/pages\/11303\/revisions\/11312"}],"up":[{"embeddable":true,"href":"https:\/\/linas.lt\/fr\/wp-json\/wp\/v2\/pages\/11299"}],"wp:featuredmedia":[{"embeddable":true,"href":"https:\/\/linas.lt\/fr\/wp-json\/wp\/v2\/media\/5876"}],"wp:attachment":[{"href":"https:\/\/linas.lt\/fr\/wp-json\/wp\/v2\/media?parent=11303"}],"curies":[{"name":"wp","href":"https:\/\/api.w.org\/{rel}","templated":true}]}}