{"id":11306,"date":"2021-10-21T07:22:02","date_gmt":"2021-10-21T07:22:02","guid":{"rendered":"https:\/\/linas.lt\/?page_id=11306"},"modified":"2021-10-21T07:32:17","modified_gmt":"2021-10-21T07:32:17","slug":"lino-privalumai","status":"publish","type":"page","link":"https:\/\/linas.lt\/fr\/lino-prieziura\/lino-privalumai\/","title":{"rendered":"Les avantages du lin"},"content":{"rendered":"<p>[vc_row][vc_column][vc_row_inner][vc_column_inner width=\u00a0\u00bb2\/3&Prime;][vc_column_text]<\/p>\n<h2>LES AVANTAGES DU LIN<\/h2>\n<ol>\n<li>Le tissu de lin est cinq fois plus r\u00e9sistant face \u00e0 l\u2018usure et offre une plus belle lumi\u00e8re que le coton;<\/li>\n<li>Le lin ne provoque pas de r\u00e9actions allergiques. La fibre de lin peut \u00eatre consid\u00e9r\u00e9 comme un antiseptique naturel. Il accumule beaucoup moins de salet\u00e9, de r\u00e9sidus de savon de lavage et de calcaire qu\u2018un tissu classique. Le lin convient parfaitement aux jeunes enfants mais aussi aux personnes qui connaissent des probl\u00e8mes de peau;<\/li>\n<li>Apr\u00e8s chaque lavage, le tissu de lin devient beaucoup plus doux et sa fibre se d\u00e9tend;<\/li>\n<li>Apr\u00e8s quelques temps, la toile de lin ne pr\u00e9sente pas de traces jaunes. Au contraire, le tissu offre, de plus en plus, un blanc resplendissant et doux au touch\u00e9;<\/li>\n<li>La fibre de lin lorsqu\u2018elle est humide, s\u00e8che rapidement. Cette fibre est capable de prot\u00e9ger du froid pendant la nuit tout en rafraichissant le coprs aux heures les plus chaudes de la journ\u00e9e;<\/li>\n<li>Si on le compare avec d\u2018autres tissus, le lin permet \u00e0 la peau de mieux respirer. Il absorbe l&rsquo;humidit\u00e9 et la sueur (la fibre de lin pouvant absorber 20% de son poids et sans pr\u00e9senter de traces d\u2018humid\u00e9;<\/li>\n<li>Le lin, c`est la fibre ecologique par excellence qui pr\u00e9serve l&rsquo;environnement et s\u2018inscrit dans une prespective de D\u00e9veloppement Durable;<\/li>\n<li>La toile de lin ne se sallit pas aussi vite que d\u2018autres tissus parce que la surface du tissu pr\u00e9sente de petits poils qui ne capte pas la salet\u00e9;<\/li>\n<li>La toile de lin peut pr\u00e9senter quelques froissures parfois. Mais ces froisures sont la r\u00e9f\u00e9rence d\u2018un caract\u00e8re d&rsquo;authenticit\u00e9 et d\u2018une v\u00e9ritable qualit\u00e9;<\/li>\n<li>Le toile de lin est capable de prot\u00e8ger le corps humain contre les rayons ultraviolets du soleil;<\/li>\n<li>La fibre de lin est utilis\u00e9e par exemple pour la fabrication des v\u00eatements destin\u00e9s aux astronautes, pour la protection ext\u00e9rieur des navettes spatiaux mais aussi (plus surprenant) pour la fabrication du c\u00e9l\u00e8bre billet de banques am\u00e9ricains : le Dollar.<\/li>\n<\/ol>\n<p>Aujourd&rsquo;hui, curieusemement, il existe encore des hommes et des femmes qui pensent que le toile de lin, \u00e0 tort, n\u2018est pas pratique \u00e0 utiliser. Si vous avez acquis des produits r\u00e9alis\u00e9s \u00e0 partir de lin, soyez s\u00fbr que vous investissez dans le luxe et la fonctionnalit\u00e9 tout en respectant la nature.<\/p>\n<p><strong>D\u00e9couvrez toutes les avantages du lin avec les produits con\u00e7us par AB \u00ab\u00a0Linas\u00a0\u00bb<\/strong>[\/vc_column_text][\/vc_column_inner][vc_column_inner width=\u00a0\u00bb1\/3&Prime;][vc_single_image image=\u00a0\u00bb5857&Prime; img_size=\u00a0\u00bblarge\u00a0\u00bb][vc_single_image image=\u00a0\u00bb5863&Prime; img_size=\u00a0\u00bblarge\u00a0\u00bb][vc_single_image image=\u00a0\u00bb5860&Prime; img_size=\u00a0\u00bblarge\u00a0\u00bb][vc_single_image image=\u00a0\u00bb5871&Prime; img_size=\u00a0\u00bblarge\u00a0\u00bb][\/vc_column_inner][\/vc_row_inner][\/vc_column][\/vc_row]<\/p>\n","protected":false},"excerpt":{"rendered":"<p>[vc_row][vc_column][vc_row_inner][vc_column_inner width=\u00a0\u00bb2\/3&Prime;][vc_column_text] LES AVANTAGES DU LIN Le tissu de lin est cinq fois plus r\u00e9sistant face \u00e0 l\u2018usure et offre une plus belle lumi\u00e8re que le coton; Le lin ne provoque pas de r\u00e9actions allergiques. La fibre de lin peut \u00eatre consid\u00e9r\u00e9 comme un antiseptique naturel. Il accumule beaucoup moins de salet\u00e9, de r\u00e9sidus de [&hellip;]<\/p>\n","protected":false},"author":1,"featured_media":5885,"parent":11299,"menu_order":0,"comment_status":"closed","ping_status":"closed","template":"page-prieziura-item.php","meta":{"_acf_changed":false,"footnotes":""},"class_list":["post-11306","page","type-page","status-publish","has-post-thumbnail","hentry"],"acf":[],"yoast_head":"<!-- This site is optimized with the Yoast SEO plugin v25.8 - https:\/\/yoast.com\/wordpress\/plugins\/seo\/ -->\n<title>Les avantages du lin - linas.lt<\/title>\n<meta name=\"robots\" content=\"index, follow, max-snippet:-1, max-image-preview:large, max-video-preview:-1\" \/>\n<link rel=\"canonical\" href=\"https:\/\/linas.lt\/fr\/lino-prieziura\/lino-privalumai\/\" \/>\n<meta property=\"og:locale\" content=\"fr_FR\" \/>\n<meta property=\"og:type\" content=\"article\" \/>\n<meta property=\"og:title\" content=\"Les avantages du lin - linas.lt\" \/>\n<meta property=\"og:description\" content=\"[vc_row][vc_column][vc_row_inner][vc_column_inner width=\u00a0\u00bb2\/3&Prime;][vc_column_text] LES AVANTAGES DU LIN Le tissu de lin est cinq fois plus r\u00e9sistant face \u00e0 l\u2018usure et offre une plus belle lumi\u00e8re que le coton; Le lin ne provoque pas de r\u00e9actions allergiques. La fibre de lin peut \u00eatre consid\u00e9r\u00e9 comme un antiseptique naturel. Il accumule beaucoup moins de salet\u00e9, de r\u00e9sidus de [&hellip;]\" \/>\n<meta property=\"og:url\" content=\"https:\/\/linas.lt\/fr\/lino-prieziura\/lino-privalumai\/\" \/>\n<meta property=\"og:site_name\" content=\"linas.lt\" \/>\n<meta property=\"article:modified_time\" content=\"2021-10-21T07:32:17+00:00\" \/>\n<meta property=\"og:image\" content=\"https:\/\/linas.lt\/wp-content\/uploads\/2021\/10\/uzvalkaliukai-limited2-1-scaled.jpg\" \/>\n\t<meta property=\"og:image:width\" content=\"2560\" \/>\n\t<meta property=\"og:image:height\" content=\"1707\" \/>\n\t<meta property=\"og:image:type\" content=\"image\/jpeg\" \/>\n<meta name=\"twitter:card\" content=\"summary_large_image\" \/>\n<meta name=\"twitter:label1\" content=\"Dur\u00e9e de lecture estim\u00e9e\" \/>\n\t<meta name=\"twitter:data1\" content=\"2 minutes\" \/>\n<script type=\"application\/ld+json\" class=\"yoast-schema-graph\">{\"@context\":\"https:\/\/schema.org\",\"@graph\":[{\"@type\":\"WebPage\",\"@id\":\"https:\/\/linas.lt\/fr\/lino-prieziura\/lino-privalumai\/\",\"url\":\"https:\/\/linas.lt\/fr\/lino-prieziura\/lino-privalumai\/\",\"name\":\"Les avantages du lin - linas.lt\",\"isPartOf\":{\"@id\":\"https:\/\/linas.lt\/en\/#website\"},\"primaryImageOfPage\":{\"@id\":\"https:\/\/linas.lt\/fr\/lino-prieziura\/lino-privalumai\/#primaryimage\"},\"image\":{\"@id\":\"https:\/\/linas.lt\/fr\/lino-prieziura\/lino-privalumai\/#primaryimage\"},\"thumbnailUrl\":\"https:\/\/linas.lt\/wp-content\/uploads\/2021\/10\/uzvalkaliukai-limited2-1-scaled.jpg\",\"datePublished\":\"2021-10-21T07:22:02+00:00\",\"dateModified\":\"2021-10-21T07:32:17+00:00\",\"breadcrumb\":{\"@id\":\"https:\/\/linas.lt\/fr\/lino-prieziura\/lino-privalumai\/#breadcrumb\"},\"inLanguage\":\"fr-FR\",\"potentialAction\":[{\"@type\":\"ReadAction\",\"target\":[\"https:\/\/linas.lt\/fr\/lino-prieziura\/lino-privalumai\/\"]}]},{\"@type\":\"ImageObject\",\"inLanguage\":\"fr-FR\",\"@id\":\"https:\/\/linas.lt\/fr\/lino-prieziura\/lino-privalumai\/#primaryimage\",\"url\":\"https:\/\/linas.lt\/wp-content\/uploads\/2021\/10\/uzvalkaliukai-limited2-1-scaled.jpg\",\"contentUrl\":\"https:\/\/linas.lt\/wp-content\/uploads\/2021\/10\/uzvalkaliukai-limited2-1-scaled.jpg\",\"width\":2560,\"height\":1707},{\"@type\":\"BreadcrumbList\",\"@id\":\"https:\/\/linas.lt\/fr\/lino-prieziura\/lino-privalumai\/#breadcrumb\",\"itemListElement\":[{\"@type\":\"ListItem\",\"position\":1,\"name\":\"Home\",\"item\":\"https:\/\/linas.lt\/fr\/\"},{\"@type\":\"ListItem\",\"position\":2,\"name\":\"Entretien du lin\",\"item\":\"https:\/\/linas.lt\/fr\/lino-prieziura\/\"},{\"@type\":\"ListItem\",\"position\":3,\"name\":\"Les avantages du lin\"}]},{\"@type\":\"WebSite\",\"@id\":\"https:\/\/linas.lt\/en\/#website\",\"url\":\"https:\/\/linas.lt\/en\/\",\"name\":\"linas.lt\",\"description\":\"Viena did\u017eiausi\u0173 lin\u0173 tekstil\u0117s gamintoj\u0173 Lietuvoje ir Baltijos valstyb\u0117se. Gilios tradicijos, ilgamet\u0117 darbo patirtis puosel\u0117jama nuo 1957 m.\",\"potentialAction\":[{\"@type\":\"SearchAction\",\"target\":{\"@type\":\"EntryPoint\",\"urlTemplate\":\"https:\/\/linas.lt\/en\/?s={search_term_string}\"},\"query-input\":{\"@type\":\"PropertyValueSpecification\",\"valueRequired\":true,\"valueName\":\"search_term_string\"}}],\"inLanguage\":\"fr-FR\"}]}<\/script>\n<!-- \/ Yoast SEO plugin. -->","yoast_head_json":{"title":"Les avantages du lin - linas.lt","robots":{"index":"index","follow":"follow","max-snippet":"max-snippet:-1","max-image-preview":"max-image-preview:large","max-video-preview":"max-video-preview:-1"},"canonical":"https:\/\/linas.lt\/fr\/lino-prieziura\/lino-privalumai\/","og_locale":"fr_FR","og_type":"article","og_title":"Les avantages du lin - linas.lt","og_description":"[vc_row][vc_column][vc_row_inner][vc_column_inner width=\u00a0\u00bb2\/3&Prime;][vc_column_text] LES AVANTAGES DU LIN Le tissu de lin est cinq fois plus r\u00e9sistant face \u00e0 l\u2018usure et offre une plus belle lumi\u00e8re que le coton; Le lin ne provoque pas de r\u00e9actions allergiques. La fibre de lin peut \u00eatre consid\u00e9r\u00e9 comme un antiseptique naturel. Il accumule beaucoup moins de salet\u00e9, de r\u00e9sidus de [&hellip;]","og_url":"https:\/\/linas.lt\/fr\/lino-prieziura\/lino-privalumai\/","og_site_name":"linas.lt","article_modified_time":"2021-10-21T07:32:17+00:00","og_image":[{"width":2560,"height":1707,"url":"https:\/\/linas.lt\/wp-content\/uploads\/2021\/10\/uzvalkaliukai-limited2-1-scaled.jpg","type":"image\/jpeg"}],"twitter_card":"summary_large_image","twitter_misc":{"Dur\u00e9e de lecture estim\u00e9e":"2 minutes"},"schema":{"@context":"https:\/\/schema.org","@graph":[{"@type":"WebPage","@id":"https:\/\/linas.lt\/fr\/lino-prieziura\/lino-privalumai\/","url":"https:\/\/linas.lt\/fr\/lino-prieziura\/lino-privalumai\/","name":"Les avantages du lin - linas.lt","isPartOf":{"@id":"https:\/\/linas.lt\/en\/#website"},"primaryImageOfPage":{"@id":"https:\/\/linas.lt\/fr\/lino-prieziura\/lino-privalumai\/#primaryimage"},"image":{"@id":"https:\/\/linas.lt\/fr\/lino-prieziura\/lino-privalumai\/#primaryimage"},"thumbnailUrl":"https:\/\/linas.lt\/wp-content\/uploads\/2021\/10\/uzvalkaliukai-limited2-1-scaled.jpg","datePublished":"2021-10-21T07:22:02+00:00","dateModified":"2021-10-21T07:32:17+00:00","breadcrumb":{"@id":"https:\/\/linas.lt\/fr\/lino-prieziura\/lino-privalumai\/#breadcrumb"},"inLanguage":"fr-FR","potentialAction":[{"@type":"ReadAction","target":["https:\/\/linas.lt\/fr\/lino-prieziura\/lino-privalumai\/"]}]},{"@type":"ImageObject","inLanguage":"fr-FR","@id":"https:\/\/linas.lt\/fr\/lino-prieziura\/lino-privalumai\/#primaryimage","url":"https:\/\/linas.lt\/wp-content\/uploads\/2021\/10\/uzvalkaliukai-limited2-1-scaled.jpg","contentUrl":"https:\/\/linas.lt\/wp-content\/uploads\/2021\/10\/uzvalkaliukai-limited2-1-scaled.jpg","width":2560,"height":1707},{"@type":"BreadcrumbList","@id":"https:\/\/linas.lt\/fr\/lino-prieziura\/lino-privalumai\/#breadcrumb","itemListElement":[{"@type":"ListItem","position":1,"name":"Home","item":"https:\/\/linas.lt\/fr\/"},{"@type":"ListItem","position":2,"name":"Entretien du lin","item":"https:\/\/linas.lt\/fr\/lino-prieziura\/"},{"@type":"ListItem","position":3,"name":"Les avantages du lin"}]},{"@type":"WebSite","@id":"https:\/\/linas.lt\/en\/#website","url":"https:\/\/linas.lt\/en\/","name":"linas.lt","description":"Viena did\u017eiausi\u0173 lin\u0173 tekstil\u0117s gamintoj\u0173 Lietuvoje ir Baltijos valstyb\u0117se. Gilios tradicijos, ilgamet\u0117 darbo patirtis puosel\u0117jama nuo 1957 m.","potentialAction":[{"@type":"SearchAction","target":{"@type":"EntryPoint","urlTemplate":"https:\/\/linas.lt\/en\/?s={search_term_string}"},"query-input":{"@type":"PropertyValueSpecification","valueRequired":true,"valueName":"search_term_string"}}],"inLanguage":"fr-FR"}]}},"_links":{"self":[{"href":"https:\/\/linas.lt\/fr\/wp-json\/wp\/v2\/pages\/11306","targetHints":{"allow":["GET"]}}],"collection":[{"href":"https:\/\/linas.lt\/fr\/wp-json\/wp\/v2\/pages"}],"about":[{"href":"https:\/\/linas.lt\/fr\/wp-json\/wp\/v2\/types\/page"}],"author":[{"embeddable":true,"href":"https:\/\/linas.lt\/fr\/wp-json\/wp\/v2\/users\/1"}],"replies":[{"embeddable":true,"href":"https:\/\/linas.lt\/fr\/wp-json\/wp\/v2\/comments?post=11306"}],"version-history":[{"count":3,"href":"https:\/\/linas.lt\/fr\/wp-json\/wp\/v2\/pages\/11306\/revisions"}],"predecessor-version":[{"id":11310,"href":"https:\/\/linas.lt\/fr\/wp-json\/wp\/v2\/pages\/11306\/revisions\/11310"}],"up":[{"embeddable":true,"href":"https:\/\/linas.lt\/fr\/wp-json\/wp\/v2\/pages\/11299"}],"wp:featuredmedia":[{"embeddable":true,"href":"https:\/\/linas.lt\/fr\/wp-json\/wp\/v2\/media\/5885"}],"wp:attachment":[{"href":"https:\/\/linas.lt\/fr\/wp-json\/wp\/v2\/media?parent=11306"}],"curies":[{"name":"wp","href":"https:\/\/api.w.org\/{rel}","templated":true}]}}