{"id":2261,"date":"2021-09-28T06:08:54","date_gmt":"2021-09-28T06:08:54","guid":{"rendered":"https:\/\/linas.lt\/?page_id=2261"},"modified":"2026-04-02T10:43:23","modified_gmt":"2026-04-02T07:43:23","slug":"katalogai","status":"publish","type":"page","link":"https:\/\/linas.lt\/fr\/katalogai\/","title":{"rendered":"Catalogues"},"content":{"rendered":"<p>[vc_row][vc_column][vc_column_text el_class=\u00a0\u00bblinkstocatalogs\u00a0\u00bb]\\<\/p>\n<p><a class=\"buttonarrowback\" href=\"https:\/\/linas.lt\/wp-content\/uploads\/2023\/12\/2024-Collection-de-tissus.pdf\">2024 Collection de tissus<\/a><br \/>\n<a class=\"buttonarrowback\" href=\"https:\/\/linas.lt\/wp-content\/uploads\/2024\/10\/2024-Collection-de-la-marque-Linas.pdf\">2024 Collection de la marque Linas<\/a><br \/>\n<a class=\"buttonarrowback\" href=\"https:\/\/linas.lt\/wp-content\/uploads\/2024\/04\/2024-garment-collection.pdf\">2024 garment collection<\/a><br \/>\n<a class=\"buttonarrowback\" href=\"https:\/\/linas.lt\/wp-content\/uploads\/2025\/01\/2025-Home-textile-collection.pdf\">2025 Home textile collection<\/a><br \/>\n<a class=\"buttonarrowback\" href=\"https:\/\/linas.lt\/wp-content\/uploads\/2025\/02\/2025-Clothing-Fabrics-1.pdf\">2025 Clothing Fabrics<\/a><br \/>\n<a class=\"buttonarrowback\" href=\"https:\/\/linas.lt\/wp-content\/uploads\/2026\/02\/2026-ASSORTIMENT-DE-TISSUS-DE-BASE-.pdf\">2026 ASSORTIMENT DE TISSUS DE BASE<\/a><br \/>\n<a class=\"buttonarrowback\" href=\"https:\/\/linas.lt\/wp-content\/uploads\/2026\/04\/2026-Clothing-Fabrics.pdf\">2026 Clothing Fabrics<\/a><br \/>\n[\/vc_column_text][\/vc_column][\/vc_row]<\/p>\n","protected":false},"excerpt":{"rendered":"<p>[vc_row][vc_column][vc_column_text el_class=\u00a0\u00bblinkstocatalogs\u00a0\u00bb]\\ 2024 Collection de tissus 2024 Collection de la marque Linas 2024 garment collection 2025 Home textile collection 2025 Clothing Fabrics 2026 ASSORTIMENT DE TISSUS DE BASE 2026 Clothing Fabrics [\/vc_column_text][\/vc_column][\/vc_row]<\/p>\n","protected":false},"author":1,"featured_media":16333,"parent":0,"menu_order":26,"comment_status":"closed","ping_status":"closed","template":"","meta":{"_acf_changed":false,"footnotes":""},"class_list":["post-2261","page","type-page","status-publish","has-post-thumbnail","hentry"],"acf":[],"yoast_head":"<!-- This site is optimized with the Yoast SEO plugin v25.8 - https:\/\/yoast.com\/wordpress\/plugins\/seo\/ -->\n<title>Catalogues - linas.lt<\/title>\n<meta name=\"robots\" content=\"index, follow, max-snippet:-1, max-image-preview:large, max-video-preview:-1\" \/>\n<link rel=\"canonical\" href=\"https:\/\/linas.lt\/fr\/katalogai\/\" \/>\n<meta property=\"og:locale\" content=\"fr_FR\" \/>\n<meta property=\"og:type\" content=\"article\" \/>\n<meta property=\"og:title\" content=\"Catalogues - linas.lt\" \/>\n<meta property=\"og:description\" content=\"[vc_row][vc_column][vc_column_text el_class=\u00a0\u00bblinkstocatalogs\u00a0\u00bb] 2024 Collection de tissus 2024 Collection de la marque Linas 2024 garment collection 2025 Home textile collection 2025 Clothing Fabrics 2026 ASSORTIMENT DE TISSUS DE BASE 2026 Clothing Fabrics [\/vc_column_text][\/vc_column][\/vc_row]\" \/>\n<meta property=\"og:url\" content=\"https:\/\/linas.lt\/fr\/katalogai\/\" \/>\n<meta property=\"og:site_name\" content=\"linas.lt\" \/>\n<meta property=\"article:modified_time\" content=\"2026-04-02T07:43:23+00:00\" \/>\n<meta property=\"og:image\" content=\"https:\/\/linas.lt\/wp-content\/uploads\/2021\/08\/1116445_HA90_L19_LN_503_1.jpg\" \/>\n\t<meta property=\"og:image:width\" content=\"1000\" \/>\n\t<meta property=\"og:image:height\" content=\"1000\" \/>\n\t<meta property=\"og:image:type\" content=\"image\/jpeg\" \/>\n<meta name=\"twitter:card\" content=\"summary_large_image\" \/>\n<meta name=\"twitter:label1\" content=\"Dur\u00e9e de lecture estim\u00e9e\" \/>\n\t<meta name=\"twitter:data1\" content=\"1 minute\" \/>\n<script type=\"application\/ld+json\" class=\"yoast-schema-graph\">{\"@context\":\"https:\/\/schema.org\",\"@graph\":[{\"@type\":\"WebPage\",\"@id\":\"https:\/\/linas.lt\/fr\/katalogai\/\",\"url\":\"https:\/\/linas.lt\/fr\/katalogai\/\",\"name\":\"Catalogues - linas.lt\",\"isPartOf\":{\"@id\":\"https:\/\/linas.lt\/en\/#website\"},\"primaryImageOfPage\":{\"@id\":\"https:\/\/linas.lt\/fr\/katalogai\/#primaryimage\"},\"image\":{\"@id\":\"https:\/\/linas.lt\/fr\/katalogai\/#primaryimage\"},\"thumbnailUrl\":\"https:\/\/linas.lt\/wp-content\/uploads\/2021\/08\/1116445_HA90_L19_LN_503_1.jpg\",\"datePublished\":\"2021-09-28T06:08:54+00:00\",\"dateModified\":\"2026-04-02T07:43:23+00:00\",\"breadcrumb\":{\"@id\":\"https:\/\/linas.lt\/fr\/katalogai\/#breadcrumb\"},\"inLanguage\":\"fr-FR\",\"potentialAction\":[{\"@type\":\"ReadAction\",\"target\":[\"https:\/\/linas.lt\/fr\/katalogai\/\"]}]},{\"@type\":\"ImageObject\",\"inLanguage\":\"fr-FR\",\"@id\":\"https:\/\/linas.lt\/fr\/katalogai\/#primaryimage\",\"url\":\"https:\/\/linas.lt\/wp-content\/uploads\/2021\/08\/1116445_HA90_L19_LN_503_1.jpg\",\"contentUrl\":\"https:\/\/linas.lt\/wp-content\/uploads\/2021\/08\/1116445_HA90_L19_LN_503_1.jpg\",\"width\":1000,\"height\":1000},{\"@type\":\"BreadcrumbList\",\"@id\":\"https:\/\/linas.lt\/fr\/katalogai\/#breadcrumb\",\"itemListElement\":[{\"@type\":\"ListItem\",\"position\":1,\"name\":\"Home\",\"item\":\"https:\/\/linas.lt\/fr\/\"},{\"@type\":\"ListItem\",\"position\":2,\"name\":\"Catalogues\"}]},{\"@type\":\"WebSite\",\"@id\":\"https:\/\/linas.lt\/en\/#website\",\"url\":\"https:\/\/linas.lt\/en\/\",\"name\":\"linas.lt\",\"description\":\"Viena did\u017eiausi\u0173 lin\u0173 tekstil\u0117s gamintoj\u0173 Lietuvoje ir Baltijos valstyb\u0117se. Gilios tradicijos, ilgamet\u0117 darbo patirtis puosel\u0117jama nuo 1957 m.\",\"potentialAction\":[{\"@type\":\"SearchAction\",\"target\":{\"@type\":\"EntryPoint\",\"urlTemplate\":\"https:\/\/linas.lt\/en\/?s={search_term_string}\"},\"query-input\":{\"@type\":\"PropertyValueSpecification\",\"valueRequired\":true,\"valueName\":\"search_term_string\"}}],\"inLanguage\":\"fr-FR\"}]}<\/script>\n<!-- \/ Yoast SEO plugin. -->","yoast_head_json":{"title":"Catalogues - linas.lt","robots":{"index":"index","follow":"follow","max-snippet":"max-snippet:-1","max-image-preview":"max-image-preview:large","max-video-preview":"max-video-preview:-1"},"canonical":"https:\/\/linas.lt\/fr\/katalogai\/","og_locale":"fr_FR","og_type":"article","og_title":"Catalogues - linas.lt","og_description":"[vc_row][vc_column][vc_column_text el_class=\u00a0\u00bblinkstocatalogs\u00a0\u00bb] 2024 Collection de tissus 2024 Collection de la marque Linas 2024 garment collection 2025 Home textile collection 2025 Clothing Fabrics 2026 ASSORTIMENT DE TISSUS DE BASE 2026 Clothing Fabrics [\/vc_column_text][\/vc_column][\/vc_row]","og_url":"https:\/\/linas.lt\/fr\/katalogai\/","og_site_name":"linas.lt","article_modified_time":"2026-04-02T07:43:23+00:00","og_image":[{"width":1000,"height":1000,"url":"https:\/\/linas.lt\/wp-content\/uploads\/2021\/08\/1116445_HA90_L19_LN_503_1.jpg","type":"image\/jpeg"}],"twitter_card":"summary_large_image","twitter_misc":{"Dur\u00e9e de lecture estim\u00e9e":"1 minute"},"schema":{"@context":"https:\/\/schema.org","@graph":[{"@type":"WebPage","@id":"https:\/\/linas.lt\/fr\/katalogai\/","url":"https:\/\/linas.lt\/fr\/katalogai\/","name":"Catalogues - linas.lt","isPartOf":{"@id":"https:\/\/linas.lt\/en\/#website"},"primaryImageOfPage":{"@id":"https:\/\/linas.lt\/fr\/katalogai\/#primaryimage"},"image":{"@id":"https:\/\/linas.lt\/fr\/katalogai\/#primaryimage"},"thumbnailUrl":"https:\/\/linas.lt\/wp-content\/uploads\/2021\/08\/1116445_HA90_L19_LN_503_1.jpg","datePublished":"2021-09-28T06:08:54+00:00","dateModified":"2026-04-02T07:43:23+00:00","breadcrumb":{"@id":"https:\/\/linas.lt\/fr\/katalogai\/#breadcrumb"},"inLanguage":"fr-FR","potentialAction":[{"@type":"ReadAction","target":["https:\/\/linas.lt\/fr\/katalogai\/"]}]},{"@type":"ImageObject","inLanguage":"fr-FR","@id":"https:\/\/linas.lt\/fr\/katalogai\/#primaryimage","url":"https:\/\/linas.lt\/wp-content\/uploads\/2021\/08\/1116445_HA90_L19_LN_503_1.jpg","contentUrl":"https:\/\/linas.lt\/wp-content\/uploads\/2021\/08\/1116445_HA90_L19_LN_503_1.jpg","width":1000,"height":1000},{"@type":"BreadcrumbList","@id":"https:\/\/linas.lt\/fr\/katalogai\/#breadcrumb","itemListElement":[{"@type":"ListItem","position":1,"name":"Home","item":"https:\/\/linas.lt\/fr\/"},{"@type":"ListItem","position":2,"name":"Catalogues"}]},{"@type":"WebSite","@id":"https:\/\/linas.lt\/en\/#website","url":"https:\/\/linas.lt\/en\/","name":"linas.lt","description":"Viena did\u017eiausi\u0173 lin\u0173 tekstil\u0117s gamintoj\u0173 Lietuvoje ir Baltijos valstyb\u0117se. Gilios tradicijos, ilgamet\u0117 darbo patirtis puosel\u0117jama nuo 1957 m.","potentialAction":[{"@type":"SearchAction","target":{"@type":"EntryPoint","urlTemplate":"https:\/\/linas.lt\/en\/?s={search_term_string}"},"query-input":{"@type":"PropertyValueSpecification","valueRequired":true,"valueName":"search_term_string"}}],"inLanguage":"fr-FR"}]}},"_links":{"self":[{"href":"https:\/\/linas.lt\/fr\/wp-json\/wp\/v2\/pages\/2261","targetHints":{"allow":["GET"]}}],"collection":[{"href":"https:\/\/linas.lt\/fr\/wp-json\/wp\/v2\/pages"}],"about":[{"href":"https:\/\/linas.lt\/fr\/wp-json\/wp\/v2\/types\/page"}],"author":[{"embeddable":true,"href":"https:\/\/linas.lt\/fr\/wp-json\/wp\/v2\/users\/1"}],"replies":[{"embeddable":true,"href":"https:\/\/linas.lt\/fr\/wp-json\/wp\/v2\/comments?post=2261"}],"version-history":[{"count":37,"href":"https:\/\/linas.lt\/fr\/wp-json\/wp\/v2\/pages\/2261\/revisions"}],"predecessor-version":[{"id":17101,"href":"https:\/\/linas.lt\/fr\/wp-json\/wp\/v2\/pages\/2261\/revisions\/17101"}],"wp:featuredmedia":[{"embeddable":true,"href":"https:\/\/linas.lt\/fr\/wp-json\/wp\/v2\/media\/16333"}],"wp:attachment":[{"href":"https:\/\/linas.lt\/fr\/wp-json\/wp\/v2\/media?parent=2261"}],"curies":[{"name":"wp","href":"https:\/\/api.w.org\/{rel}","templated":true}]}}