{"id":2304,"date":"2021-06-13T07:51:57","date_gmt":"2021-06-13T07:51:57","guid":{"rendered":"https:\/\/linas.lt\/apie-mus\/"},"modified":"2022-10-19T07:53:33","modified_gmt":"2022-10-19T07:53:33","slug":"apie-mus","status":"publish","type":"page","link":"https:\/\/linas.lt\/fr\/apie-mus\/","title":{"rendered":"\u00c0 notre propos"},"content":{"rendered":"<p>[vc_row][vc_column][vc_column_text el_class=\u00a0\u00bbboxefect\u00a0\u00bb]AB Linas est une entreprise de fabrication int\u00e9gr\u00e9e verticale avec les \u00e9tapes de production suivantes : Coloration des fils -&gt; Tissage -&gt; Finition -&gt; Confection -&gt; Emballage.<\/p>\n<p><strong>TISSAGE <\/strong><\/p>\n<p>Nous tissons des tissus en lin et moiti\u00e9 lin avec des m\u00e9tiers \u00e0 tisser jacquard et \u00e0 rati\u00e8re pour l\u2019habillement, le textile de maison ou les tissus techniques, selon les caract\u00e9ristiques techniques et les couleurs souhait\u00e9es par le client. Le poids possible des tissus va de 80 \u00e0 400 g et la largeur de 140 \u00e0 300\u00a0cm (possibilit\u00e9s limit\u00e9es pour les tissus avec une grande largeur).<\/p>\n<p>Equipement : 60 m\u00e9tiers \u00e0 tisser<\/p>\n<p>Volumes de production ~ 60 000 m\/mois.<\/p>\n<p><strong>\u00a0<\/strong><strong>FINITION<\/strong><\/p>\n<p>Les services de finition peuvent \u00eatre r\u00e9alis\u00e9s en utilisant nos tissus et produits ou ceux fournis par le client:<\/p>\n<ul>\n<li>Blanchiment<\/li>\n<li>Teinture avec un colorant r\u00e9actif ou lavable<\/li>\n<li>Impression: impression au pochoir sur un dessin jusqu\u2019\u00e0 7 couleurs<\/li>\n<li>Assouplissement: m\u00e9canique, chimique, a\u00e9ro<\/li>\n<li>Pr\u00e9-r\u00e9tr\u00e9cissement: finition sp\u00e9ciale pour r\u00e9duire le r\u00e9tr\u00e9cissement<\/li>\n<li>Finitions sp\u00e9ciales: voir nos produits SMART<\/li>\n<li>Enduction des tissus: une des finitions les plus exclusives r\u00e9alis\u00e9es dans la soci\u00e9t\u00e9 ; le rev\u00eatement est l\u2019application d\u2019une couche fonctionnelle, protectrice ou d\u00e9corative sur la surface du mat\u00e9riau. En changeant le tissu, les produits chimiques ou les m\u00e9thodes d\u2019enduction, de nouveaux effets exclusifs avec une nouvelle application et de nouvelles fonctions sont obtenus.<\/li>\n<li>Nettoyage, assouplissement et coloration de produits et v\u00eatements<\/li>\n<li>Coloration des fils \u00e0 partir de fibres naturelles<\/li>\n<\/ul>\n<p>7 machines de cloration des fils et 22 machines de finissage<\/p>\n<p>Volumes de production pour la coloration du fil ~ 22 000 kg\/mois, pour la finition ~ 150 000 m\/mois.<\/p>\n<p><strong>\u00a0<\/strong><strong>CONFECTION <\/strong><\/p>\n<p>Coudre des v\u00eatements simples et des textiles de maison :<\/p>\n<ul>\n<li>Produits pour la table (nappes, napperons, serviettes)<\/li>\n<li>Produits pour la cuisine (tabliers, maniques, gants, dessous-de-plat, torchons)<\/li>\n<li>Literie<\/li>\n<li>Produits pour l\u2019int\u00e9rieur (rideaux, coussins)<\/li>\n<li>Accessoires (sacs \u00e0 main, sacs, \u00e9charpes, cosm\u00e9tique)<\/li>\n<li>Produits pour le sauna (peignoirs, serviettes, si\u00e8ges).<\/li>\n<\/ul>\n<p>Equipement : 55 machines \u00e0 coudre<\/p>\n<p>Volumes de production ~ 78 000 pi\u00e8ces\/mois.<\/p>\n<h2>PRINCIPALE ACTIVIT\u00c9 DE LA SOCI\u00c9T\u00c9<\/h2>\n<p>Fabrication de textiles conform\u00e9ment au code 13.9 de la NACE<br \/>\nCommerce de gros de textiles conform\u00e9ment au code 46.41 de la NACE<\/p>\n<p><strong>\u00ab\u00a0Programme op\u00e9rationnel des investissements des fonds de l\u2019Union europ\u00e9enne 2014-2020\u00a0\u00bb<\/strong><\/p>\n<p>AB Linas, la soci\u00e9t\u00e9 lettone JLU Technologies Ltd research&amp;developing et l\u2019institut de recherche d\u2019\u00c9tat \u00ab\u00a0Gamtos tyrim\u0173 centras\u00a0\u00bb (Centre de recherche sur la nature) mettent en \u0153uvre le projet \u00ab\u00a0Conception d\u2019un biotextile multifonctionnel innovant avec des ajouts de silice et de la succinite int\u00e9gr\u00e9s et recherche sur l\u2019impact de ce produit\u00a0\u00bb IFSITEX Nr.01.2.2-MITA-K-702-02-002. Le projet se d\u00e9roule sur la p\u00e9riode 2018-2021.<\/p>\n<p>Le concept du projet est li\u00e9 \u00e0 une recherche compl\u00e8te qui s\u2019appuie sur des biotextiles innovants capables de prot\u00e9ger les organismes vivants des facteurs environnements ext\u00e9rieurs n\u00e9gatifs.<\/p>\n<p><strong>Des combinaisons complexes int\u00e9gr\u00e9es au textile seront r\u00e9alis\u00e9es pour la premi\u00e8re fois.<\/strong><\/p>\n<p>Le principal objectif de AB Linas dans ce projet est une orientation pour accro\u00eetre sa part de march\u00e9, am\u00e9liorer la conservation des acheteurs et gagner de nouveaux secteurs du march\u00e9.<\/p>\n<p>Les missions professionnelles incluent le d\u00e9veloppement et l\u2019application de technologies modernes, la conception de tissus et produits innovants et leur pr\u00e9sentation aux clients. Les nouveaux produits con\u00e7us peuvent donner aux clients un avantages que ne peuvent proposer les concurrents de AB Linas.<\/p>\n<p>Ce projet est financ\u00e9 par les fonds structurels europ\u00e9ens conform\u00e9ment \u00e0 la mesure 01.2.2-MITA-K-702 \u00ab\u00a0Promotion de la commercialisation et de la transnationalit\u00e9 des r\u00e9sultats de la R&amp;D\u00a0\u00bb.<\/p>\n<p><img loading=\"lazy\" decoding=\"async\" class=\" wp-image-13817 alignleft\" src=\"https:\/\/linas.lt\/wp-content\/uploads\/2022\/10\/5000-300x300.jpg\" alt=\"\" width=\"243\" height=\"243\" srcset=\"https:\/\/linas.lt\/wp-content\/uploads\/2022\/10\/5000-300x300.jpg 300w, https:\/\/linas.lt\/wp-content\/uploads\/2022\/10\/5000-1024x1024.jpg 1024w, https:\/\/linas.lt\/wp-content\/uploads\/2022\/10\/5000-150x150.jpg 150w, https:\/\/linas.lt\/wp-content\/uploads\/2022\/10\/5000-768x768.jpg 768w, https:\/\/linas.lt\/wp-content\/uploads\/2022\/10\/5000-1536x1536.jpg 1536w, https:\/\/linas.lt\/wp-content\/uploads\/2022\/10\/5000-2048x2048.jpg 2048w, https:\/\/linas.lt\/wp-content\/uploads\/2022\/10\/5000-450x450.jpg 450w\" sizes=\"auto, (max-width: 243px) 100vw, 243px\" \/><\/p>\n<p><img loading=\"lazy\" decoding=\"async\" class=\" wp-image-13821 alignleft\" src=\"https:\/\/linas.lt\/wp-content\/uploads\/2022\/10\/2-1-300x300.jpg\" alt=\"\" width=\"245\" height=\"245\" srcset=\"https:\/\/linas.lt\/wp-content\/uploads\/2022\/10\/2-1-300x300.jpg 300w, https:\/\/linas.lt\/wp-content\/uploads\/2022\/10\/2-1-1024x1024.jpg 1024w, https:\/\/linas.lt\/wp-content\/uploads\/2022\/10\/2-1-150x150.jpg 150w, https:\/\/linas.lt\/wp-content\/uploads\/2022\/10\/2-1-768x768.jpg 768w, https:\/\/linas.lt\/wp-content\/uploads\/2022\/10\/2-1-1536x1536.jpg 1536w, https:\/\/linas.lt\/wp-content\/uploads\/2022\/10\/2-1-2048x2048.jpg 2048w, https:\/\/linas.lt\/wp-content\/uploads\/2022\/10\/2-1-450x450.jpg 450w\" sizes=\"auto, (max-width: 245px) 100vw, 245px\" \/><\/p>\n<p><img loading=\"lazy\" decoding=\"async\" class=\" wp-image-13824 alignleft\" src=\"https:\/\/linas.lt\/wp-content\/uploads\/2022\/10\/tadas_kazakevicius026-1-300x300.jpg\" alt=\"\" width=\"244\" height=\"244\" srcset=\"https:\/\/linas.lt\/wp-content\/uploads\/2022\/10\/tadas_kazakevicius026-1-300x300.jpg 300w, https:\/\/linas.lt\/wp-content\/uploads\/2022\/10\/tadas_kazakevicius026-1-150x150.jpg 150w, https:\/\/linas.lt\/wp-content\/uploads\/2022\/10\/tadas_kazakevicius026-1-768x768.jpg 768w, https:\/\/linas.lt\/wp-content\/uploads\/2022\/10\/tadas_kazakevicius026-1-450x450.jpg 450w, https:\/\/linas.lt\/wp-content\/uploads\/2022\/10\/tadas_kazakevicius026-1.jpg 960w\" sizes=\"auto, (max-width: 244px) 100vw, 244px\" \/><\/p>\n<p><img loading=\"lazy\" decoding=\"async\" class=\"wp-image-13828 alignleft\" src=\"https:\/\/linas.lt\/wp-content\/uploads\/2022\/10\/DSC_0003-300x300.jpg\" alt=\"\" width=\"245\" height=\"245\" srcset=\"https:\/\/linas.lt\/wp-content\/uploads\/2022\/10\/DSC_0003-300x300.jpg 300w, https:\/\/linas.lt\/wp-content\/uploads\/2022\/10\/DSC_0003-1024x1024.jpg 1024w, https:\/\/linas.lt\/wp-content\/uploads\/2022\/10\/DSC_0003-150x150.jpg 150w, https:\/\/linas.lt\/wp-content\/uploads\/2022\/10\/DSC_0003-768x768.jpg 768w, https:\/\/linas.lt\/wp-content\/uploads\/2022\/10\/DSC_0003-1536x1536.jpg 1536w, https:\/\/linas.lt\/wp-content\/uploads\/2022\/10\/DSC_0003-2048x2048.jpg 2048w, https:\/\/linas.lt\/wp-content\/uploads\/2022\/10\/DSC_0003-450x450.jpg 450w\" sizes=\"auto, (max-width: 245px) 100vw, 245px\" \/>[\/vc_column_text][\/vc_column][\/vc_row][vc_row][vc_column][vc_column_text el_class=\u00a0\u00bbboxefect\u00a0\u00bb]<\/p>\n<h2 style=\"text-align: center;\"><iframe loading=\"lazy\" title=\"YouTube video player\" src=\"https:\/\/www.youtube.com\/embed\/4hdSAljbCq8\" width=\"560\" height=\"315\" frameborder=\"0\" allowfullscreen=\"allowfullscreen\"><\/iframe><\/h2>\n<h2><\/h2>\n<p>[\/vc_column_text][\/vc_column][vc_column][\/vc_column][\/vc_row]<\/p>\n","protected":false},"excerpt":{"rendered":"<p>[vc_row][vc_column][vc_column_text el_class=\u00a0\u00bbboxefect\u00a0\u00bb]AB Linas est une entreprise de fabrication int\u00e9gr\u00e9e verticale avec les \u00e9tapes de production suivantes : Coloration des fils -&gt; Tissage -&gt; Finition -&gt; Confection -&gt; Emballage. TISSAGE Nous tissons des tissus en lin et moiti\u00e9 lin avec des m\u00e9tiers \u00e0 tisser jacquard et \u00e0 rati\u00e8re pour l\u2019habillement, le textile de maison ou les [&hellip;]<\/p>\n","protected":false},"author":1,"featured_media":13796,"parent":0,"menu_order":44,"comment_status":"closed","ping_status":"closed","template":"page-about-us.php","meta":{"_acf_changed":false,"footnotes":""},"class_list":["post-2304","page","type-page","status-publish","has-post-thumbnail","hentry"],"acf":[],"yoast_head":"<!-- This site is optimized with the Yoast SEO plugin v25.8 - https:\/\/yoast.com\/wordpress\/plugins\/seo\/ -->\n<title>\u00c0 notre propos - linas.lt<\/title>\n<meta name=\"robots\" content=\"index, follow, max-snippet:-1, max-image-preview:large, max-video-preview:-1\" \/>\n<link rel=\"canonical\" href=\"https:\/\/linas.lt\/fr\/apie-mus\/\" \/>\n<meta property=\"og:locale\" content=\"fr_FR\" \/>\n<meta property=\"og:type\" content=\"article\" \/>\n<meta property=\"og:title\" content=\"\u00c0 notre propos - linas.lt\" \/>\n<meta property=\"og:description\" content=\"[vc_row][vc_column][vc_column_text el_class=\u00a0\u00bbboxefect\u00a0\u00bb]AB Linas est une entreprise de fabrication int\u00e9gr\u00e9e verticale avec les \u00e9tapes de production suivantes : Coloration des fils -&gt; Tissage -&gt; Finition -&gt; Confection -&gt; Emballage. TISSAGE Nous tissons des tissus en lin et moiti\u00e9 lin avec des m\u00e9tiers \u00e0 tisser jacquard et \u00e0 rati\u00e8re pour l\u2019habillement, le textile de maison ou les [&hellip;]\" \/>\n<meta property=\"og:url\" content=\"https:\/\/linas.lt\/fr\/apie-mus\/\" \/>\n<meta property=\"og:site_name\" content=\"linas.lt\" \/>\n<meta property=\"article:modified_time\" content=\"2022-10-19T07:53:33+00:00\" \/>\n<meta property=\"og:image\" content=\"https:\/\/linas.lt\/wp-content\/uploads\/2022\/10\/Untitled-1-3-scaled.jpg\" \/>\n\t<meta property=\"og:image:width\" content=\"2560\" \/>\n\t<meta property=\"og:image:height\" content=\"1024\" \/>\n\t<meta property=\"og:image:type\" content=\"image\/jpeg\" \/>\n<meta name=\"twitter:card\" content=\"summary_large_image\" \/>\n<meta name=\"twitter:label1\" content=\"Dur\u00e9e de lecture estim\u00e9e\" \/>\n\t<meta name=\"twitter:data1\" content=\"4 minutes\" \/>\n<script type=\"application\/ld+json\" class=\"yoast-schema-graph\">{\"@context\":\"https:\/\/schema.org\",\"@graph\":[{\"@type\":\"WebPage\",\"@id\":\"https:\/\/linas.lt\/fr\/apie-mus\/\",\"url\":\"https:\/\/linas.lt\/fr\/apie-mus\/\",\"name\":\"\u00c0 notre propos - linas.lt\",\"isPartOf\":{\"@id\":\"https:\/\/linas.lt\/en\/#website\"},\"primaryImageOfPage\":{\"@id\":\"https:\/\/linas.lt\/fr\/apie-mus\/#primaryimage\"},\"image\":{\"@id\":\"https:\/\/linas.lt\/fr\/apie-mus\/#primaryimage\"},\"thumbnailUrl\":\"https:\/\/linas.lt\/wp-content\/uploads\/2022\/10\/Untitled-1-3-scaled.jpg\",\"datePublished\":\"2021-06-13T07:51:57+00:00\",\"dateModified\":\"2022-10-19T07:53:33+00:00\",\"breadcrumb\":{\"@id\":\"https:\/\/linas.lt\/fr\/apie-mus\/#breadcrumb\"},\"inLanguage\":\"fr-FR\",\"potentialAction\":[{\"@type\":\"ReadAction\",\"target\":[\"https:\/\/linas.lt\/fr\/apie-mus\/\"]}]},{\"@type\":\"ImageObject\",\"inLanguage\":\"fr-FR\",\"@id\":\"https:\/\/linas.lt\/fr\/apie-mus\/#primaryimage\",\"url\":\"https:\/\/linas.lt\/wp-content\/uploads\/2022\/10\/Untitled-1-3-scaled.jpg\",\"contentUrl\":\"https:\/\/linas.lt\/wp-content\/uploads\/2022\/10\/Untitled-1-3-scaled.jpg\",\"width\":2560,\"height\":1024},{\"@type\":\"BreadcrumbList\",\"@id\":\"https:\/\/linas.lt\/fr\/apie-mus\/#breadcrumb\",\"itemListElement\":[{\"@type\":\"ListItem\",\"position\":1,\"name\":\"Home\",\"item\":\"https:\/\/linas.lt\/fr\/\"},{\"@type\":\"ListItem\",\"position\":2,\"name\":\"\u00c0 notre propos\"}]},{\"@type\":\"WebSite\",\"@id\":\"https:\/\/linas.lt\/en\/#website\",\"url\":\"https:\/\/linas.lt\/en\/\",\"name\":\"linas.lt\",\"description\":\"Viena did\u017eiausi\u0173 lin\u0173 tekstil\u0117s gamintoj\u0173 Lietuvoje ir Baltijos valstyb\u0117se. Gilios tradicijos, ilgamet\u0117 darbo patirtis puosel\u0117jama nuo 1957 m.\",\"potentialAction\":[{\"@type\":\"SearchAction\",\"target\":{\"@type\":\"EntryPoint\",\"urlTemplate\":\"https:\/\/linas.lt\/en\/?s={search_term_string}\"},\"query-input\":{\"@type\":\"PropertyValueSpecification\",\"valueRequired\":true,\"valueName\":\"search_term_string\"}}],\"inLanguage\":\"fr-FR\"}]}<\/script>\n<!-- \/ Yoast SEO plugin. -->","yoast_head_json":{"title":"\u00c0 notre propos - linas.lt","robots":{"index":"index","follow":"follow","max-snippet":"max-snippet:-1","max-image-preview":"max-image-preview:large","max-video-preview":"max-video-preview:-1"},"canonical":"https:\/\/linas.lt\/fr\/apie-mus\/","og_locale":"fr_FR","og_type":"article","og_title":"\u00c0 notre propos - linas.lt","og_description":"[vc_row][vc_column][vc_column_text el_class=\u00a0\u00bbboxefect\u00a0\u00bb]AB Linas est une entreprise de fabrication int\u00e9gr\u00e9e verticale avec les \u00e9tapes de production suivantes : Coloration des fils -&gt; Tissage -&gt; Finition -&gt; Confection -&gt; Emballage. TISSAGE Nous tissons des tissus en lin et moiti\u00e9 lin avec des m\u00e9tiers \u00e0 tisser jacquard et \u00e0 rati\u00e8re pour l\u2019habillement, le textile de maison ou les [&hellip;]","og_url":"https:\/\/linas.lt\/fr\/apie-mus\/","og_site_name":"linas.lt","article_modified_time":"2022-10-19T07:53:33+00:00","og_image":[{"width":2560,"height":1024,"url":"https:\/\/linas.lt\/wp-content\/uploads\/2022\/10\/Untitled-1-3-scaled.jpg","type":"image\/jpeg"}],"twitter_card":"summary_large_image","twitter_misc":{"Dur\u00e9e de lecture estim\u00e9e":"4 minutes"},"schema":{"@context":"https:\/\/schema.org","@graph":[{"@type":"WebPage","@id":"https:\/\/linas.lt\/fr\/apie-mus\/","url":"https:\/\/linas.lt\/fr\/apie-mus\/","name":"\u00c0 notre propos - linas.lt","isPartOf":{"@id":"https:\/\/linas.lt\/en\/#website"},"primaryImageOfPage":{"@id":"https:\/\/linas.lt\/fr\/apie-mus\/#primaryimage"},"image":{"@id":"https:\/\/linas.lt\/fr\/apie-mus\/#primaryimage"},"thumbnailUrl":"https:\/\/linas.lt\/wp-content\/uploads\/2022\/10\/Untitled-1-3-scaled.jpg","datePublished":"2021-06-13T07:51:57+00:00","dateModified":"2022-10-19T07:53:33+00:00","breadcrumb":{"@id":"https:\/\/linas.lt\/fr\/apie-mus\/#breadcrumb"},"inLanguage":"fr-FR","potentialAction":[{"@type":"ReadAction","target":["https:\/\/linas.lt\/fr\/apie-mus\/"]}]},{"@type":"ImageObject","inLanguage":"fr-FR","@id":"https:\/\/linas.lt\/fr\/apie-mus\/#primaryimage","url":"https:\/\/linas.lt\/wp-content\/uploads\/2022\/10\/Untitled-1-3-scaled.jpg","contentUrl":"https:\/\/linas.lt\/wp-content\/uploads\/2022\/10\/Untitled-1-3-scaled.jpg","width":2560,"height":1024},{"@type":"BreadcrumbList","@id":"https:\/\/linas.lt\/fr\/apie-mus\/#breadcrumb","itemListElement":[{"@type":"ListItem","position":1,"name":"Home","item":"https:\/\/linas.lt\/fr\/"},{"@type":"ListItem","position":2,"name":"\u00c0 notre propos"}]},{"@type":"WebSite","@id":"https:\/\/linas.lt\/en\/#website","url":"https:\/\/linas.lt\/en\/","name":"linas.lt","description":"Viena did\u017eiausi\u0173 lin\u0173 tekstil\u0117s gamintoj\u0173 Lietuvoje ir Baltijos valstyb\u0117se. Gilios tradicijos, ilgamet\u0117 darbo patirtis puosel\u0117jama nuo 1957 m.","potentialAction":[{"@type":"SearchAction","target":{"@type":"EntryPoint","urlTemplate":"https:\/\/linas.lt\/en\/?s={search_term_string}"},"query-input":{"@type":"PropertyValueSpecification","valueRequired":true,"valueName":"search_term_string"}}],"inLanguage":"fr-FR"}]}},"_links":{"self":[{"href":"https:\/\/linas.lt\/fr\/wp-json\/wp\/v2\/pages\/2304","targetHints":{"allow":["GET"]}}],"collection":[{"href":"https:\/\/linas.lt\/fr\/wp-json\/wp\/v2\/pages"}],"about":[{"href":"https:\/\/linas.lt\/fr\/wp-json\/wp\/v2\/types\/page"}],"author":[{"embeddable":true,"href":"https:\/\/linas.lt\/fr\/wp-json\/wp\/v2\/users\/1"}],"replies":[{"embeddable":true,"href":"https:\/\/linas.lt\/fr\/wp-json\/wp\/v2\/comments?post=2304"}],"version-history":[{"count":17,"href":"https:\/\/linas.lt\/fr\/wp-json\/wp\/v2\/pages\/2304\/revisions"}],"predecessor-version":[{"id":13914,"href":"https:\/\/linas.lt\/fr\/wp-json\/wp\/v2\/pages\/2304\/revisions\/13914"}],"wp:featuredmedia":[{"embeddable":true,"href":"https:\/\/linas.lt\/fr\/wp-json\/wp\/v2\/media\/13796"}],"wp:attachment":[{"href":"https:\/\/linas.lt\/fr\/wp-json\/wp\/v2\/media?parent=2304"}],"curies":[{"name":"wp","href":"https:\/\/api.w.org\/{rel}","templated":true}]}}