{"id":2317,"date":"2021-07-05T08:55:32","date_gmt":"2021-07-05T08:55:32","guid":{"rendered":"https:\/\/linas.lt\/apie-mus\/gamybines-paslaugos\/"},"modified":"2022-12-20T19:23:34","modified_gmt":"2022-12-20T19:23:34","slug":"politique-de-durabilite","status":"publish","type":"page","link":"https:\/\/linas.lt\/fr\/apie-mus\/politique-de-durabilite\/","title":{"rendered":"Politique de durabilit\u00e9"},"content":{"rendered":"<p>[vc_row][vc_column][vc_column_text]<\/p>\n<h3><span class=\"Y2IQFc\" lang=\"fr\">VERS LA DURABILIT\u00c9\u00a0!<\/span><\/h3>\n<p>&nbsp;<\/p>\n<p>Nos 60 ans d\u2019exp\u00e9rience en tant que fabricant nous ont appris beaucoup, \u00e0 commencer par la s\u00e9lection de fibres de qualit\u00e9 sup\u00e9rieure jusqu\u2019\u00e0 la perception des cons\u00e9quences de nos actes qui, par une r\u00e9action en cha\u00eene, peuvent ouvrir la voie vers un meilleur lendemain.<br \/>\nDans notre id\u00e9ologie, le plus important est de r\u00e9duire le nombre de facteurs polluant le monde au minimum. Nous avons fait le premier vers cet objectif en 2017, lorsque notre soci\u00e9t\u00e9 a commenc\u00e9 \u00e0 n\u2019utiliser qu\u2019une \u00e9nergie verte. Cela signifie que tous les locaux de production, d\u2019administration et de stockage des produits sont approvisionn\u00e9s en \u00e9lectricit\u00e9 uniquement \u00e0 partir d\u2019\u00e9nergies renouvelables. Chaque ann\u00e9e, nous obtenons un certificat qui indique que nous sommes une entreprise socialement responsable qui prot\u00e8ge l\u2019environnement ainsi que l\u2019impact sur l\u2019environnement de notre d\u00e9cision de choisir une \u00e9nergie verte. Les chiffres \u00e9tonnent et nous sommes plus que satisfaits en voyant les r\u00e9sultats, mais nous pensons que ce n\u2019est pas encore tout ce qui est entre nos mains.<\/p>\n<p>La perception du lin comme tissu durable est connue plus ou moins par tous : c\u2019est une fibre durable et biod\u00e9gradable dont la culture n\u2019utilise pas de pesticides ou autres produits chimiques. H\u00e9las, tous les tissus ne sont pas aussi respectueux de l\u2019environnement. La plupart des autres fibres n\u00e9cessitent mettent plusieurs centaines d\u2019ann\u00e9es \u00e0 se d\u00e9sagr\u00e9ger et rejettent dans la nature des tonnes de produits chimiques nocifs lors du processus de destruction. En tant que soci\u00e9t\u00e9 respectueuse de l\u2019environnement, notre responsabilit\u00e9 est de r\u00e9duire la quantit\u00e9 des tissus longs \u00e0 se d\u00e9sagr\u00e9ger ou autrement nocifs pour l\u2019environnement. C\u2019est ainsi que des fils transform\u00e9s se sont retrouv\u00e9s dans nos collections.<br \/>\nNotre gamme s\u2019est toujours plus d\u00e9velopp\u00e9e avec la conviction que le recyclage des fibres et leur redonner une nouvelle vie font partie des plus grands succ\u00e8s de l\u2019humanit\u00e9. Apr\u00e8s avoir commenc\u00e9 par une offre de tissage simple et de tissus de plusieurs couleurs avec du fil recycl\u00e9, nous sommes aujourd\u2019hui d\u00e9j\u00e0 pr\u00eats \u00e0 proposer aux clients divers designs et structures, une large gamme de couleurs et des produits de confection. De nouveaux partenaires \u00ab\u00a0Hack your jeans\u00a0\u00bb contribuent d\u00e9sormais \u00e0 la conception de nos collections de produits recycl\u00e9s et, gr\u00e2ce \u00e0 eux, vous trouverez dans notre gamme ce qui est enti\u00e8rement nouveau\u00a0: l\u2019association du lin et du jeans recycl\u00e9 lino. Aujourd\u2019hui, il semble que l\u2019entreprise ait fait beaucoup de progr\u00e8s et les r\u00e9sultats sont importants, mais nous avons encore un long chemin \u00e0 parcourir dans la mise en \u0153uvre d\u2019une politique de durabilit\u00e9.<\/p>\n<p><img loading=\"lazy\" decoding=\"async\" class=\"alignnone size-full wp-image-13840\" src=\"https:\/\/linas.lt\/wp-content\/uploads\/2022\/10\/HACK.jpg\" alt=\"\" width=\"313\" height=\"132\" srcset=\"https:\/\/linas.lt\/wp-content\/uploads\/2022\/10\/HACK.jpg 313w, https:\/\/linas.lt\/wp-content\/uploads\/2022\/10\/HACK-300x127.jpg 300w\" sizes=\"auto, (max-width: 313px) 100vw, 313px\" \/><img loading=\"lazy\" decoding=\"async\" class=\"alignnone wp-image-13877\" src=\"https:\/\/linas.lt\/wp-content\/uploads\/2022\/10\/logo-Belda-1.jpg\" alt=\"\" width=\"194\" height=\"132\" srcset=\"https:\/\/linas.lt\/wp-content\/uploads\/2022\/10\/logo-Belda-1.jpg 600w, https:\/\/linas.lt\/wp-content\/uploads\/2022\/10\/logo-Belda-1-300x204.jpg 300w\" sizes=\"auto, (max-width: 194px) 100vw, 194px\" \/><\/p>\n<p>Lorsque nous avons entendu parler pour la premi\u00e8re fois du mouvement Fashion Revolution, nous avons \u00e9t\u00e9 infiniment heureux car, en tant que fabricant, nous pouvons partager avec le monde\u00a0: NOUS AVONS FABRIQU\u00c9 VOS V\u00caTEMENTS. Cette action n\u2019est pas l\u2019une de celles auxquelles nous pourrions ou d\u00e9battrions notre participation, c\u2019est une action \u00e0 laquelle il est obligatoire de participer, et pas seulement pour nous mais pour tous les fabricants, distributeurs ou fournisseurs. La transparence est l\u2019id\u00e9e principale de ce mouvement qui permet de d\u00e9voiler parfaitement tout le processus de fabrication, du tissage au conditionnement. Comme nous r\u00e9alisons tout du d\u00e9but \u00e0 la fin, nous sommes heureux de pouvoir le partager avec vous. D\u00e9couvrez donc notre \u00e9quipe et les gens qui rend le lin propre \u00e0 \u00eatre port\u00e9 et utilis\u00e9 chaque jour\u00a0:<\/p>\n<p><img loading=\"lazy\" decoding=\"async\" class=\"size-full wp-image-151 aligncenter\" src=\"https:\/\/linas.lt\/wp-content\/uploads\/2021\/07\/Who-made-your-clothes.png\" alt=\"\" width=\"931\" height=\"500\" srcset=\"https:\/\/linas.lt\/wp-content\/uploads\/2021\/07\/Who-made-your-clothes.png 931w, https:\/\/linas.lt\/wp-content\/uploads\/2021\/07\/Who-made-your-clothes-300x161.png 300w, https:\/\/linas.lt\/wp-content\/uploads\/2021\/07\/Who-made-your-clothes-768x412.png 768w\" sizes=\"auto, (max-width: 931px) 100vw, 931px\" \/>[\/vc_column_text][\/vc_column][\/vc_row][vc_row][vc_column width=\u00a0\u00bb1\/2&Prime;][vc_column_text]<\/p>\n<h2 style=\"text-align: center;\">Better cotton initiative<\/h2>\n<p>Nous sommes \u00e9galement membres depuis 2020 de la BCI (en anglais Better cotton initiative). La BCI est un organisme mondial \u00e0 but non lucratif qui informe plus de deux millions de cultivateurs de coton de 21 pays sur les pratiques agricoles plus durables. Lors de la saison du coton 2017\u20132018, les exploitant BCI agr\u00e9\u00e9s ont cultiv\u00e9 plus de cinq millions de tonnes de \u00ab\u00a0better cotton\u00a0\u00bb, soit environ 19\u00a0% de la production totale de coton\u00a0! Les chiffres et le sentiment d\u2019appartenance \u00e0 cet organisme sont extraordinaires\u00a0! Et c\u2019est encore mieux de savoir que nos clients reconnaissent ces trois lettres et les consid\u00e8rent comme nous.<\/p>\n<p><img loading=\"lazy\" decoding=\"async\" class=\"size-medium wp-image-147 aligncenter\" src=\"https:\/\/linas.lt\/wp-content\/uploads\/2021\/07\/20170426104313BCI_Logo_2015-300x132.png\" alt=\"\" width=\"300\" height=\"132\" srcset=\"https:\/\/linas.lt\/wp-content\/uploads\/2021\/07\/20170426104313BCI_Logo_2015-300x132.png 300w, https:\/\/linas.lt\/wp-content\/uploads\/2021\/07\/20170426104313BCI_Logo_2015-1024x450.png 1024w, https:\/\/linas.lt\/wp-content\/uploads\/2021\/07\/20170426104313BCI_Logo_2015-768x338.png 768w, https:\/\/linas.lt\/wp-content\/uploads\/2021\/07\/20170426104313BCI_Logo_2015-1536x676.png 1536w, https:\/\/linas.lt\/wp-content\/uploads\/2021\/07\/20170426104313BCI_Logo_2015-2048x901.png 2048w\" sizes=\"auto, (max-width: 300px) 100vw, 300px\" \/><\/p>\n<p>[\/vc_column_text][\/vc_column][vc_column width=\u00a0\u00bb1\/2&Prime;][vc_column_text]<\/p>\n<h2 style=\"text-align: center;\">Des produits \u00e0 usage multiple<\/h2>\n<p>La pollution du plastique dans le monde n\u2019est une surprise pour personne ni un secret. Il ne subsiste qu\u2019une question pour chacun d\u2019entre nous : souhaitons-nous contribuer \u00e0 son augmentation ou sa r\u00e9duction?<br \/>\nNous croyons que vous souhaitez r\u00e9duire la consommation de plastique, que vous choisissez consciemment des produits \u00e0 usage multiple et que vous serez satisfaits des sacs de courses en lin naturel durables qui ont \u00e9t\u00e9 con\u00e7us avec tous les restes inutilis\u00e9s lors de la production, notamment le fil des tissus. Trois id\u00e9es d\u00e9finissent parfaitement l\u2019id\u00e9e de la collection de r\u00e9duire nos d\u00e9chets : Diminue \u2013 R\u00e9utilise \u2013 trie!<br \/>\n<img loading=\"lazy\" decoding=\"async\" class=\"aligncenter size-medium wp-image-1836\" src=\"https:\/\/linas.lt\/wp-content\/uploads\/2021\/09\/zero-300x200.jpg\" alt=\"\" width=\"300\" height=\"200\" srcset=\"https:\/\/linas.lt\/wp-content\/uploads\/2021\/09\/zero-300x200.jpg 300w, https:\/\/linas.lt\/wp-content\/uploads\/2021\/09\/zero-768x511.jpg 768w, https:\/\/linas.lt\/wp-content\/uploads\/2021\/09\/zero.jpg 1000w\" sizes=\"auto, (max-width: 300px) 100vw, 300px\" \/>[\/vc_column_text][\/vc_column][\/vc_row][vc_row][vc_column][vc_column_text]<\/p>\n<h2 style=\"text-align: center;\">Global recycled standard<\/h2>\n<p>Les trois mots que vous voyez \u00e0 partir d\u2019aujourd\u2019hui \u00e0 c\u00f4t\u00e9 du nom de notre entreprise sont notre plus grand remerciement pour de longues ann\u00e9es de succ\u00e8s. Obtenir ce certificat signifie \u00eatre universellement reconnue comme une entreprise durable et responsable proposant une gamme de tissus et de produits cousus recycl\u00e9s.<br \/>\nControl Union assure depuis 2008 la d\u00e9livrance de ces certificats uniquement aux entreprises qui r\u00e9pondent aux exigences d\u2019une cha\u00eene de production, de pratiques sociales et environnementales et de restrictions chimiques transparentes. Apr\u00e8s une longue qu\u00eate, ce certificat est d\u00e9sormais entre nos mains, ce qui ne fait que renforcer notre engagement en tant que fabricant \u00e0 \u00e9largir notre gamme de tissus recycl\u00e9s.<br \/>\nNous sommes parmi les premiers \u00e0 avoir commenc\u00e9 \u00e0 d\u00e9velopper cette gamme en recyclant les chutes de lin de notre propre production. Le projet de recyclage a \u00e9t\u00e9 r\u00e9alis\u00e9 avec notre partenaire espagnol Belda Llorens, et la partie la plus r\u00e9jouissante de ce projet est que d\u00e9sormais notre production ne laisse aucun d\u00e9chet de lin\u00a0! Souvent, le fil recycl\u00e9 est synth\u00e9tique, mais nous avons r\u00e9ussi \u00e0 innover sur le march\u00e9 en vous proposant un fil de lin 100\u00a0% recycl\u00e9 ainsi que des tissus et des produits fabriqu\u00e9s \u00e0 partir de ce fil.<\/p>\n<p><img loading=\"lazy\" decoding=\"async\" class=\"alignnone size-full wp-image-13501\" src=\"https:\/\/linas.lt\/wp-content\/uploads\/2022\/06\/GRS-logo.png\" alt=\"\" width=\"1354\" height=\"393\" srcset=\"https:\/\/linas.lt\/wp-content\/uploads\/2022\/06\/GRS-logo.png 1354w, https:\/\/linas.lt\/wp-content\/uploads\/2022\/06\/GRS-logo-300x87.png 300w, https:\/\/linas.lt\/wp-content\/uploads\/2022\/06\/GRS-logo-1024x297.png 1024w, https:\/\/linas.lt\/wp-content\/uploads\/2022\/06\/GRS-logo-768x223.png 768w\" sizes=\"auto, (max-width: 1354px) 100vw, 1354px\" \/>[\/vc_column_text][\/vc_column][\/vc_row][vc_row][vc_column][vc_column_text]<\/p>\n<h2 style=\"text-align: center;\">Une approche en \u00e9volution<\/h2>\n<p>Sans aucun doute, les grands gestes ne sont pas les seuls \u00e0 m\u00e9riter le nom d\u2019\u00e9cologiques ou \u00ab verts \u00bb. Dans notre activit\u00e9 quotidienne, nous nous appuyons sur plusieurs principes dont l\u2019impact \u00e0 long terme n\u2019est pas moindre :<\/p>\n<p>\u2022Nous ne jetons pas les chutes de tissus, nous en faisons don aux \u00e9tablissements sociaux dont les enfants, les personnes \u00e2g\u00e9s et les personnes handicap\u00e9es en font divers objets;<br \/>\n\u2022 Nous proposons de remplacer les sacs de courses en plastique par des sacs durables en lin;<br \/>\n\u2022 Respectons le \u00ab R\u00e9fl\u00e9chir avant d\u2019imprimer \u00bb, nous diminuerons ainsi le gaspillage de papier;<br \/>\n\u2022 L\u2019ensemble de notre processus de production a lieu sur un seul territoire et cela garantit un minimum de pollution pour le transport des produits dans les ateliers;<br \/>\n\u2022 Et, bien s\u00fbr, nous trions toujours les d\u00e9chets.<br \/>\nLorsqu\u2019une personne est inform\u00e9e de sa contribution petite mais importante \u00e0 une am\u00e9lioration, les r\u00e9sultats parlent d\u2019eux-m\u00eames. Nous sommes convaincus que ce sont nos actions, qui ne sont que le d\u00e9but de ce que nous avons commenc\u00e9, incitent \u00e0 penser de fa\u00e7on positive \u00e0 l\u2019\u00e9cologie. Une approche en \u00e9volution, de nouvelles possibilit\u00e9s et technologies\u00a0: tout cela est dans nos plans. Il n\u2019y a jamais eu et il n\u2019y aura jamais trop de pr\u00e9occupation pour l\u2019environnement qui nous entoure.[\/vc_column_text][\/vc_column][\/vc_row][vc_row][vc_column][vc_column_text]<\/p>\n<p id=\"tw-target-text\" class=\"tw-data-text tw-text-large tw-ta\" dir=\"ltr\" data-placeholder=\"Vertimas\"><span class=\"Y2IQFc\" lang=\"fr\"><strong>Captage du carbone<br \/>\n<\/strong>Chaque hectare de lin (plante \u00e0 partir de laquelle est fabriqu\u00e9 le fil de lin) capte 3,7 tonnes de CO2.<\/span><\/p>\n<p class=\"tw-data-text tw-text-large tw-ta\" dir=\"ltr\" data-placeholder=\"Vertimas\"><span class=\"Y2IQFc\" lang=\"fr\"><strong>Maintient la qualit\u00e9 du sol<br \/>\n<\/strong>La production de lin ne nuit pas \u00e0 la nature, car la plante qui pousse n&rsquo;\u00e9puise pas le sol. Le lin fonctionne comme culture de rotation; lorsqu&rsquo;il est \u00e9chang\u00e9 sur terre tous les 6 \u00e0 7 ans, il peut am\u00e9liorer la qualit\u00e9 du sol, et augmenter les rendements de la r\u00e9colte suivante.<\/span><\/p>\n<p class=\"tw-data-text tw-text-large tw-ta\" dir=\"ltr\" data-placeholder=\"Vertimas\"><span class=\"Y2IQFc\" lang=\"fr\"><strong>Consommation d&rsquo;eau r\u00e9duite<br \/>\n<\/strong>Les plantes de lin poussent assez rapidement, il n&rsquo;est donc pas n\u00e9cessaire de nourrir les plantes, de traiter avec des pesticides comme beaucoup d&rsquo;autres plantes qui sont utilis\u00e9es pour la production de tissus. Si le lin \u00e9tait remplac\u00e9 par la culture du coton, il faudrait 650 000 millions de m\u00e8tres cubes d&rsquo;eau suppl\u00e9mentaires. Les cultures de lin ne n\u00e9cessitent pas d&rsquo;irrigation (eau suppl\u00e9mentaire), la culture peut pousser avec la pluie seule. Le lin de couleur naturelle est enti\u00e8rement biod\u00e9gradable<\/span><\/p>\n<p class=\"tw-data-text tw-text-large tw-ta\" dir=\"ltr\" data-placeholder=\"Vertimas\"><strong><span class=\"Y2IQFc\" lang=\"fr\">Essayer d&rsquo;\u00eatre \u00e9cologique<br \/>\n<\/span><\/strong><span class=\"Y2IQFc\" lang=\"fr\">Tous les produits chimiques et colorants utilis\u00e9s dans notre usine sont conformes \u00e0 la l\u00e9gislation europ\u00e9enne de conformit\u00e9 REACH. Tous les d\u00e9chets plastiques et papiers sont s\u00e9par\u00e9s et envoy\u00e9s au recyclage.<\/span><\/p>\n<p>[\/vc_column_text][\/vc_column][\/vc_row]<\/p>\n","protected":false},"excerpt":{"rendered":"<p>[vc_row][vc_column][vc_column_text] VERS LA DURABILIT\u00c9\u00a0! &nbsp; Nos 60 ans d\u2019exp\u00e9rience en tant que fabricant nous ont appris beaucoup, \u00e0 commencer par la s\u00e9lection de fibres de qualit\u00e9 sup\u00e9rieure jusqu\u2019\u00e0 la perception des cons\u00e9quences de nos actes qui, par une r\u00e9action en cha\u00eene, peuvent ouvrir la voie vers un meilleur lendemain. Dans notre id\u00e9ologie, le plus important [&hellip;]<\/p>\n","protected":false},"author":1,"featured_media":13920,"parent":2304,"menu_order":31,"comment_status":"closed","ping_status":"closed","template":"page-about-us.php","meta":{"_acf_changed":false,"footnotes":""},"class_list":["post-2317","page","type-page","status-publish","has-post-thumbnail","hentry"],"acf":[],"yoast_head":"<!-- This site is optimized with the Yoast SEO plugin v25.8 - https:\/\/yoast.com\/wordpress\/plugins\/seo\/ -->\n<title>Politique de durabilit\u00e9 - linas.lt<\/title>\n<meta name=\"robots\" content=\"index, follow, max-snippet:-1, max-image-preview:large, max-video-preview:-1\" \/>\n<link rel=\"canonical\" href=\"https:\/\/linas.lt\/fr\/apie-mus\/politique-de-durabilite\/\" \/>\n<meta property=\"og:locale\" content=\"fr_FR\" \/>\n<meta property=\"og:type\" content=\"article\" \/>\n<meta property=\"og:title\" content=\"Politique de durabilit\u00e9 - linas.lt\" \/>\n<meta property=\"og:description\" content=\"[vc_row][vc_column][vc_column_text] VERS LA DURABILIT\u00c9\u00a0! &nbsp; Nos 60 ans d\u2019exp\u00e9rience en tant que fabricant nous ont appris beaucoup, \u00e0 commencer par la s\u00e9lection de fibres de qualit\u00e9 sup\u00e9rieure jusqu\u2019\u00e0 la perception des cons\u00e9quences de nos actes qui, par une r\u00e9action en cha\u00eene, peuvent ouvrir la voie vers un meilleur lendemain. Dans notre id\u00e9ologie, le plus important [&hellip;]\" \/>\n<meta property=\"og:url\" content=\"https:\/\/linas.lt\/fr\/apie-mus\/politique-de-durabilite\/\" \/>\n<meta property=\"og:site_name\" content=\"linas.lt\" \/>\n<meta property=\"article:modified_time\" content=\"2022-12-20T19:23:34+00:00\" \/>\n<meta property=\"og:image\" content=\"https:\/\/linas.lt\/wp-content\/uploads\/2022\/10\/Untitled-2-1-scaled.jpg\" \/>\n\t<meta property=\"og:image:width\" content=\"2560\" \/>\n\t<meta property=\"og:image:height\" content=\"1024\" \/>\n\t<meta property=\"og:image:type\" content=\"image\/jpeg\" \/>\n<meta name=\"twitter:card\" content=\"summary_large_image\" \/>\n<meta name=\"twitter:label1\" content=\"Dur\u00e9e de lecture estim\u00e9e\" \/>\n\t<meta name=\"twitter:data1\" content=\"9 minutes\" \/>\n<script type=\"application\/ld+json\" class=\"yoast-schema-graph\">{\"@context\":\"https:\/\/schema.org\",\"@graph\":[{\"@type\":\"WebPage\",\"@id\":\"https:\/\/linas.lt\/fr\/apie-mus\/politique-de-durabilite\/\",\"url\":\"https:\/\/linas.lt\/fr\/apie-mus\/politique-de-durabilite\/\",\"name\":\"Politique de durabilit\u00e9 - linas.lt\",\"isPartOf\":{\"@id\":\"https:\/\/linas.lt\/en\/#website\"},\"primaryImageOfPage\":{\"@id\":\"https:\/\/linas.lt\/fr\/apie-mus\/politique-de-durabilite\/#primaryimage\"},\"image\":{\"@id\":\"https:\/\/linas.lt\/fr\/apie-mus\/politique-de-durabilite\/#primaryimage\"},\"thumbnailUrl\":\"https:\/\/linas.lt\/wp-content\/uploads\/2022\/10\/Untitled-2-1-scaled.jpg\",\"datePublished\":\"2021-07-05T08:55:32+00:00\",\"dateModified\":\"2022-12-20T19:23:34+00:00\",\"breadcrumb\":{\"@id\":\"https:\/\/linas.lt\/fr\/apie-mus\/politique-de-durabilite\/#breadcrumb\"},\"inLanguage\":\"fr-FR\",\"potentialAction\":[{\"@type\":\"ReadAction\",\"target\":[\"https:\/\/linas.lt\/fr\/apie-mus\/politique-de-durabilite\/\"]}]},{\"@type\":\"ImageObject\",\"inLanguage\":\"fr-FR\",\"@id\":\"https:\/\/linas.lt\/fr\/apie-mus\/politique-de-durabilite\/#primaryimage\",\"url\":\"https:\/\/linas.lt\/wp-content\/uploads\/2022\/10\/Untitled-2-1-scaled.jpg\",\"contentUrl\":\"https:\/\/linas.lt\/wp-content\/uploads\/2022\/10\/Untitled-2-1-scaled.jpg\",\"width\":2560,\"height\":1024},{\"@type\":\"BreadcrumbList\",\"@id\":\"https:\/\/linas.lt\/fr\/apie-mus\/politique-de-durabilite\/#breadcrumb\",\"itemListElement\":[{\"@type\":\"ListItem\",\"position\":1,\"name\":\"Home\",\"item\":\"https:\/\/linas.lt\/fr\/\"},{\"@type\":\"ListItem\",\"position\":2,\"name\":\"\u00c0 notre propos\",\"item\":\"https:\/\/linas.lt\/fr\/apie-mus\/\"},{\"@type\":\"ListItem\",\"position\":3,\"name\":\"Politique de durabilit\u00e9\"}]},{\"@type\":\"WebSite\",\"@id\":\"https:\/\/linas.lt\/en\/#website\",\"url\":\"https:\/\/linas.lt\/en\/\",\"name\":\"linas.lt\",\"description\":\"Viena did\u017eiausi\u0173 lin\u0173 tekstil\u0117s gamintoj\u0173 Lietuvoje ir Baltijos valstyb\u0117se. Gilios tradicijos, ilgamet\u0117 darbo patirtis puosel\u0117jama nuo 1957 m.\",\"potentialAction\":[{\"@type\":\"SearchAction\",\"target\":{\"@type\":\"EntryPoint\",\"urlTemplate\":\"https:\/\/linas.lt\/en\/?s={search_term_string}\"},\"query-input\":{\"@type\":\"PropertyValueSpecification\",\"valueRequired\":true,\"valueName\":\"search_term_string\"}}],\"inLanguage\":\"fr-FR\"}]}<\/script>\n<!-- \/ Yoast SEO plugin. -->","yoast_head_json":{"title":"Politique de durabilit\u00e9 - linas.lt","robots":{"index":"index","follow":"follow","max-snippet":"max-snippet:-1","max-image-preview":"max-image-preview:large","max-video-preview":"max-video-preview:-1"},"canonical":"https:\/\/linas.lt\/fr\/apie-mus\/politique-de-durabilite\/","og_locale":"fr_FR","og_type":"article","og_title":"Politique de durabilit\u00e9 - linas.lt","og_description":"[vc_row][vc_column][vc_column_text] VERS LA DURABILIT\u00c9\u00a0! &nbsp; Nos 60 ans d\u2019exp\u00e9rience en tant que fabricant nous ont appris beaucoup, \u00e0 commencer par la s\u00e9lection de fibres de qualit\u00e9 sup\u00e9rieure jusqu\u2019\u00e0 la perception des cons\u00e9quences de nos actes qui, par une r\u00e9action en cha\u00eene, peuvent ouvrir la voie vers un meilleur lendemain. Dans notre id\u00e9ologie, le plus important [&hellip;]","og_url":"https:\/\/linas.lt\/fr\/apie-mus\/politique-de-durabilite\/","og_site_name":"linas.lt","article_modified_time":"2022-12-20T19:23:34+00:00","og_image":[{"width":2560,"height":1024,"url":"https:\/\/linas.lt\/wp-content\/uploads\/2022\/10\/Untitled-2-1-scaled.jpg","type":"image\/jpeg"}],"twitter_card":"summary_large_image","twitter_misc":{"Dur\u00e9e de lecture estim\u00e9e":"9 minutes"},"schema":{"@context":"https:\/\/schema.org","@graph":[{"@type":"WebPage","@id":"https:\/\/linas.lt\/fr\/apie-mus\/politique-de-durabilite\/","url":"https:\/\/linas.lt\/fr\/apie-mus\/politique-de-durabilite\/","name":"Politique de durabilit\u00e9 - linas.lt","isPartOf":{"@id":"https:\/\/linas.lt\/en\/#website"},"primaryImageOfPage":{"@id":"https:\/\/linas.lt\/fr\/apie-mus\/politique-de-durabilite\/#primaryimage"},"image":{"@id":"https:\/\/linas.lt\/fr\/apie-mus\/politique-de-durabilite\/#primaryimage"},"thumbnailUrl":"https:\/\/linas.lt\/wp-content\/uploads\/2022\/10\/Untitled-2-1-scaled.jpg","datePublished":"2021-07-05T08:55:32+00:00","dateModified":"2022-12-20T19:23:34+00:00","breadcrumb":{"@id":"https:\/\/linas.lt\/fr\/apie-mus\/politique-de-durabilite\/#breadcrumb"},"inLanguage":"fr-FR","potentialAction":[{"@type":"ReadAction","target":["https:\/\/linas.lt\/fr\/apie-mus\/politique-de-durabilite\/"]}]},{"@type":"ImageObject","inLanguage":"fr-FR","@id":"https:\/\/linas.lt\/fr\/apie-mus\/politique-de-durabilite\/#primaryimage","url":"https:\/\/linas.lt\/wp-content\/uploads\/2022\/10\/Untitled-2-1-scaled.jpg","contentUrl":"https:\/\/linas.lt\/wp-content\/uploads\/2022\/10\/Untitled-2-1-scaled.jpg","width":2560,"height":1024},{"@type":"BreadcrumbList","@id":"https:\/\/linas.lt\/fr\/apie-mus\/politique-de-durabilite\/#breadcrumb","itemListElement":[{"@type":"ListItem","position":1,"name":"Home","item":"https:\/\/linas.lt\/fr\/"},{"@type":"ListItem","position":2,"name":"\u00c0 notre propos","item":"https:\/\/linas.lt\/fr\/apie-mus\/"},{"@type":"ListItem","position":3,"name":"Politique de durabilit\u00e9"}]},{"@type":"WebSite","@id":"https:\/\/linas.lt\/en\/#website","url":"https:\/\/linas.lt\/en\/","name":"linas.lt","description":"Viena did\u017eiausi\u0173 lin\u0173 tekstil\u0117s gamintoj\u0173 Lietuvoje ir Baltijos valstyb\u0117se. Gilios tradicijos, ilgamet\u0117 darbo patirtis puosel\u0117jama nuo 1957 m.","potentialAction":[{"@type":"SearchAction","target":{"@type":"EntryPoint","urlTemplate":"https:\/\/linas.lt\/en\/?s={search_term_string}"},"query-input":{"@type":"PropertyValueSpecification","valueRequired":true,"valueName":"search_term_string"}}],"inLanguage":"fr-FR"}]}},"_links":{"self":[{"href":"https:\/\/linas.lt\/fr\/wp-json\/wp\/v2\/pages\/2317","targetHints":{"allow":["GET"]}}],"collection":[{"href":"https:\/\/linas.lt\/fr\/wp-json\/wp\/v2\/pages"}],"about":[{"href":"https:\/\/linas.lt\/fr\/wp-json\/wp\/v2\/types\/page"}],"author":[{"embeddable":true,"href":"https:\/\/linas.lt\/fr\/wp-json\/wp\/v2\/users\/1"}],"replies":[{"embeddable":true,"href":"https:\/\/linas.lt\/fr\/wp-json\/wp\/v2\/comments?post=2317"}],"version-history":[{"count":17,"href":"https:\/\/linas.lt\/fr\/wp-json\/wp\/v2\/pages\/2317\/revisions"}],"predecessor-version":[{"id":13930,"href":"https:\/\/linas.lt\/fr\/wp-json\/wp\/v2\/pages\/2317\/revisions\/13930"}],"up":[{"embeddable":true,"href":"https:\/\/linas.lt\/fr\/wp-json\/wp\/v2\/pages\/2304"}],"wp:featuredmedia":[{"embeddable":true,"href":"https:\/\/linas.lt\/fr\/wp-json\/wp\/v2\/media\/13920"}],"wp:attachment":[{"href":"https:\/\/linas.lt\/fr\/wp-json\/wp\/v2\/media?parent=2317"}],"curies":[{"name":"wp","href":"https:\/\/api.w.org\/{rel}","templated":true}]}}