{"id":2320,"date":"2021-07-05T08:55:18","date_gmt":"2021-07-05T08:55:18","guid":{"rendered":"https:\/\/linas.lt\/apie-mus\/kodel-verta-rinktis-mus\/"},"modified":"2024-05-08T07:50:42","modified_gmt":"2024-05-08T04:50:42","slug":"kodel-verta-rinktis-mus","status":"publish","type":"page","link":"https:\/\/linas.lt\/fr\/apie-mus\/kodel-verta-rinktis-mus\/","title":{"rendered":"Pourquoi nous choisir?"},"content":{"rendered":"<p>[vc_row][vc_column width=\u00a0\u00bb2\/3&Prime;][vc_column_text]<b>15 arguments en faveur du choix de UAB Linas LT comme fournisseur:<\/b><\/p>\n<ol>\n<li>Plus de 65 ans d\u2019exp\u00e9rience dans l\u2019industrie du textile en lin;<\/li>\n<li>Une \u00e9quipe anglophone et russophone professionnelle et exp\u00e9riment\u00e9e qui est pr\u00eate \u00e0 vous conseiller pour la conception des collections;<\/li>\n<li>Une \u00e9quipe solide de designers et une coop\u00e9ration \u00e9troite avec les fournisseurs de produits chimiques permettent de d\u00e9velopper la gamme et de nouveaux produits en fonction des besoins des clients;<\/li>\n<li>Un large choix de tissus et de finitions suppl\u00e9mentaires (poids 70-400 g\/m2, largeur 150-300 cm);<\/li>\n<li>Des stocks des tissus de bases et des produits des diverses collections pour une ex\u00e9cution des commandes particuli\u00e8rement rapide;<\/li>\n<li>Son propre laboratoire de qualit\u00e9;<\/li>\n<li>Une pr\u00e9paration et un envoi rapides des \u00e9chantillons\u00a0: \u00e9chantillons de laboratoire, cartes de couleurs, \u00e9talons, cintres et albums de tissus;<\/li>\n<li>La possibilit\u00e9s d\u2019avoir l\u2019exclusivit\u00e9 des droits pour les dessins;<\/li>\n<li>La pr\u00e9paration des certificats et des descriptifs technique;<\/li>\n<li>Toute la collection et les services de production dans une seule entreprise (tissage, finition, confection, conditionnement);<\/li>\n<li>Depuis 2003, la soci\u00e9t\u00e9 travaille selon des exigences de qualit\u00e9 universellement accept\u00e9es qui correspondent aux normes OEKO-TEX 100;<\/li>\n<li>La soci\u00e9t\u00e9 utilise de l\u2019\u00e9lectricit\u00e9 issue de sources d\u2019\u00e9nergie renouvelables;<\/li>\n<li>Nous sommes certifi\u00e9s CrefoCert STABILUS.<\/li>\n<li>Nous sommes certifi\u00e9s GRS et RCS.<\/li>\n<li>Nous sommes membres de l&rsquo;association European Flax.<\/li>\n<\/ol>\n<p>[\/vc_column_text][\/vc_column][vc_column width=\u00a0\u00bb1\/3&Prime;][vc_single_image image=\u00a0\u00bb174&Prime; img_size=\u00a0\u00bbfull\u00a0\u00bb][vc_single_image image=\u00a0\u00bb173&Prime; img_size=\u00a0\u00bbfull\u00a0\u00bb][vc_single_image image=\u00a0\u00bb1796&Prime; img_size=\u00a0\u00bbmedium\u00a0\u00bb][\/vc_column][\/vc_row][vc_row][vc_column][vc_row_inner][vc_column_inner][vc_column_text css=\u00a0\u00bb.vc_custom_1627971747789{padding-top: 40px !important;padding-bottom: 30px !important;}\u00a0\u00bb]<\/p>\n<h2 style=\"text-align: center;\">Mes priklausome \u0161ioms organizacijoms<\/h2>\n<p>[\/vc_column_text][\/vc_column_inner][\/vc_row_inner][vc_row_inner][vc_column_inner width=\u00a0\u00bb1\/4&Prime;][vc_single_image image=\u00a0\u00bb1800&Prime; alignment=\u00a0\u00bbcenter\u00a0\u00bb][\/vc_column_inner][vc_column_inner width=\u00a0\u00bb1\/4&Prime;][vc_single_image image=\u00a0\u00bb13450&Prime; alignment=\u00a0\u00bbcenter\u00a0\u00bb][\/vc_column_inner][vc_column_inner width=\u00a0\u00bb1\/4&Prime;][vc_single_image image=\u00a0\u00bb13445&Prime; img_size=\u00a0\u00bbmedium\u00a0\u00bb alignment=\u00a0\u00bbcenter\u00a0\u00bb][\/vc_column_inner][vc_column_inner width=\u00a0\u00bb1\/4&Prime;][vc_single_image image=\u00a0\u00bb13633&Prime; alignment=\u00a0\u00bbcenter\u00a0\u00bb][\/vc_column_inner][\/vc_row_inner][\/vc_column][\/vc_row]<\/p>\n","protected":false},"excerpt":{"rendered":"<p>[vc_row][vc_column width=\u00a0\u00bb2\/3&Prime;][vc_column_text]15 arguments en faveur du choix de UAB Linas LT comme fournisseur: Plus de 65 ans d\u2019exp\u00e9rience dans l\u2019industrie du textile en lin; Une \u00e9quipe anglophone et russophone professionnelle et exp\u00e9riment\u00e9e qui est pr\u00eate \u00e0 vous conseiller pour la conception des collections; Une \u00e9quipe solide de designers et une coop\u00e9ration \u00e9troite avec les fournisseurs [&hellip;]<\/p>\n","protected":false},"author":1,"featured_media":2322,"parent":2304,"menu_order":32,"comment_status":"closed","ping_status":"closed","template":"page-about-us.php","meta":{"_acf_changed":false,"footnotes":""},"class_list":["post-2320","page","type-page","status-publish","has-post-thumbnail","hentry"],"acf":[],"yoast_head":"<!-- This site is optimized with the Yoast SEO plugin v25.8 - https:\/\/yoast.com\/wordpress\/plugins\/seo\/ -->\n<title>Pourquoi nous choisir? - linas.lt<\/title>\n<meta name=\"robots\" content=\"index, follow, max-snippet:-1, max-image-preview:large, max-video-preview:-1\" \/>\n<link rel=\"canonical\" href=\"https:\/\/linas.lt\/fr\/apie-mus\/kodel-verta-rinktis-mus\/\" \/>\n<meta property=\"og:locale\" content=\"fr_FR\" \/>\n<meta property=\"og:type\" content=\"article\" \/>\n<meta property=\"og:title\" content=\"Pourquoi nous choisir? - linas.lt\" \/>\n<meta property=\"og:description\" content=\"[vc_row][vc_column width=\u00a0\u00bb2\/3&Prime;][vc_column_text]15 arguments en faveur du choix de UAB Linas LT comme fournisseur: Plus de 65 ans d\u2019exp\u00e9rience dans l\u2019industrie du textile en lin; Une \u00e9quipe anglophone et russophone professionnelle et exp\u00e9riment\u00e9e qui est pr\u00eate \u00e0 vous conseiller pour la conception des collections; Une \u00e9quipe solide de designers et une coop\u00e9ration \u00e9troite avec les fournisseurs [&hellip;]\" \/>\n<meta property=\"og:url\" content=\"https:\/\/linas.lt\/fr\/apie-mus\/kodel-verta-rinktis-mus\/\" \/>\n<meta property=\"og:site_name\" content=\"linas.lt\" \/>\n<meta property=\"article:modified_time\" content=\"2024-05-08T04:50:42+00:00\" \/>\n<meta property=\"og:image\" content=\"https:\/\/linas.lt\/wp-content\/uploads\/2021\/07\/our-products.png\" \/>\n\t<meta property=\"og:image:width\" content=\"1170\" \/>\n\t<meta property=\"og:image:height\" content=\"423\" \/>\n\t<meta property=\"og:image:type\" content=\"image\/png\" \/>\n<meta name=\"twitter:card\" content=\"summary_large_image\" \/>\n<meta name=\"twitter:label1\" content=\"Dur\u00e9e de lecture estim\u00e9e\" \/>\n\t<meta name=\"twitter:data1\" content=\"2 minutes\" \/>\n<script type=\"application\/ld+json\" class=\"yoast-schema-graph\">{\"@context\":\"https:\/\/schema.org\",\"@graph\":[{\"@type\":\"WebPage\",\"@id\":\"https:\/\/linas.lt\/fr\/apie-mus\/kodel-verta-rinktis-mus\/\",\"url\":\"https:\/\/linas.lt\/fr\/apie-mus\/kodel-verta-rinktis-mus\/\",\"name\":\"Pourquoi nous choisir? - linas.lt\",\"isPartOf\":{\"@id\":\"https:\/\/linas.lt\/en\/#website\"},\"primaryImageOfPage\":{\"@id\":\"https:\/\/linas.lt\/fr\/apie-mus\/kodel-verta-rinktis-mus\/#primaryimage\"},\"image\":{\"@id\":\"https:\/\/linas.lt\/fr\/apie-mus\/kodel-verta-rinktis-mus\/#primaryimage\"},\"thumbnailUrl\":\"https:\/\/linas.lt\/wp-content\/uploads\/2021\/07\/our-products.png\",\"datePublished\":\"2021-07-05T08:55:18+00:00\",\"dateModified\":\"2024-05-08T04:50:42+00:00\",\"breadcrumb\":{\"@id\":\"https:\/\/linas.lt\/fr\/apie-mus\/kodel-verta-rinktis-mus\/#breadcrumb\"},\"inLanguage\":\"fr-FR\",\"potentialAction\":[{\"@type\":\"ReadAction\",\"target\":[\"https:\/\/linas.lt\/fr\/apie-mus\/kodel-verta-rinktis-mus\/\"]}]},{\"@type\":\"ImageObject\",\"inLanguage\":\"fr-FR\",\"@id\":\"https:\/\/linas.lt\/fr\/apie-mus\/kodel-verta-rinktis-mus\/#primaryimage\",\"url\":\"https:\/\/linas.lt\/wp-content\/uploads\/2021\/07\/our-products.png\",\"contentUrl\":\"https:\/\/linas.lt\/wp-content\/uploads\/2021\/07\/our-products.png\",\"width\":1170,\"height\":423},{\"@type\":\"BreadcrumbList\",\"@id\":\"https:\/\/linas.lt\/fr\/apie-mus\/kodel-verta-rinktis-mus\/#breadcrumb\",\"itemListElement\":[{\"@type\":\"ListItem\",\"position\":1,\"name\":\"Home\",\"item\":\"https:\/\/linas.lt\/fr\/\"},{\"@type\":\"ListItem\",\"position\":2,\"name\":\"\u00c0 notre propos\",\"item\":\"https:\/\/linas.lt\/fr\/apie-mus\/\"},{\"@type\":\"ListItem\",\"position\":3,\"name\":\"Pourquoi nous choisir?\"}]},{\"@type\":\"WebSite\",\"@id\":\"https:\/\/linas.lt\/en\/#website\",\"url\":\"https:\/\/linas.lt\/en\/\",\"name\":\"linas.lt\",\"description\":\"Viena did\u017eiausi\u0173 lin\u0173 tekstil\u0117s gamintoj\u0173 Lietuvoje ir Baltijos valstyb\u0117se. Gilios tradicijos, ilgamet\u0117 darbo patirtis puosel\u0117jama nuo 1957 m.\",\"potentialAction\":[{\"@type\":\"SearchAction\",\"target\":{\"@type\":\"EntryPoint\",\"urlTemplate\":\"https:\/\/linas.lt\/en\/?s={search_term_string}\"},\"query-input\":{\"@type\":\"PropertyValueSpecification\",\"valueRequired\":true,\"valueName\":\"search_term_string\"}}],\"inLanguage\":\"fr-FR\"}]}<\/script>\n<!-- \/ Yoast SEO plugin. -->","yoast_head_json":{"title":"Pourquoi nous choisir? - linas.lt","robots":{"index":"index","follow":"follow","max-snippet":"max-snippet:-1","max-image-preview":"max-image-preview:large","max-video-preview":"max-video-preview:-1"},"canonical":"https:\/\/linas.lt\/fr\/apie-mus\/kodel-verta-rinktis-mus\/","og_locale":"fr_FR","og_type":"article","og_title":"Pourquoi nous choisir? - linas.lt","og_description":"[vc_row][vc_column width=\u00a0\u00bb2\/3&Prime;][vc_column_text]15 arguments en faveur du choix de UAB Linas LT comme fournisseur: Plus de 65 ans d\u2019exp\u00e9rience dans l\u2019industrie du textile en lin; Une \u00e9quipe anglophone et russophone professionnelle et exp\u00e9riment\u00e9e qui est pr\u00eate \u00e0 vous conseiller pour la conception des collections; Une \u00e9quipe solide de designers et une coop\u00e9ration \u00e9troite avec les fournisseurs [&hellip;]","og_url":"https:\/\/linas.lt\/fr\/apie-mus\/kodel-verta-rinktis-mus\/","og_site_name":"linas.lt","article_modified_time":"2024-05-08T04:50:42+00:00","og_image":[{"width":1170,"height":423,"url":"https:\/\/linas.lt\/wp-content\/uploads\/2021\/07\/our-products.png","type":"image\/png"}],"twitter_card":"summary_large_image","twitter_misc":{"Dur\u00e9e de lecture estim\u00e9e":"2 minutes"},"schema":{"@context":"https:\/\/schema.org","@graph":[{"@type":"WebPage","@id":"https:\/\/linas.lt\/fr\/apie-mus\/kodel-verta-rinktis-mus\/","url":"https:\/\/linas.lt\/fr\/apie-mus\/kodel-verta-rinktis-mus\/","name":"Pourquoi nous choisir? - linas.lt","isPartOf":{"@id":"https:\/\/linas.lt\/en\/#website"},"primaryImageOfPage":{"@id":"https:\/\/linas.lt\/fr\/apie-mus\/kodel-verta-rinktis-mus\/#primaryimage"},"image":{"@id":"https:\/\/linas.lt\/fr\/apie-mus\/kodel-verta-rinktis-mus\/#primaryimage"},"thumbnailUrl":"https:\/\/linas.lt\/wp-content\/uploads\/2021\/07\/our-products.png","datePublished":"2021-07-05T08:55:18+00:00","dateModified":"2024-05-08T04:50:42+00:00","breadcrumb":{"@id":"https:\/\/linas.lt\/fr\/apie-mus\/kodel-verta-rinktis-mus\/#breadcrumb"},"inLanguage":"fr-FR","potentialAction":[{"@type":"ReadAction","target":["https:\/\/linas.lt\/fr\/apie-mus\/kodel-verta-rinktis-mus\/"]}]},{"@type":"ImageObject","inLanguage":"fr-FR","@id":"https:\/\/linas.lt\/fr\/apie-mus\/kodel-verta-rinktis-mus\/#primaryimage","url":"https:\/\/linas.lt\/wp-content\/uploads\/2021\/07\/our-products.png","contentUrl":"https:\/\/linas.lt\/wp-content\/uploads\/2021\/07\/our-products.png","width":1170,"height":423},{"@type":"BreadcrumbList","@id":"https:\/\/linas.lt\/fr\/apie-mus\/kodel-verta-rinktis-mus\/#breadcrumb","itemListElement":[{"@type":"ListItem","position":1,"name":"Home","item":"https:\/\/linas.lt\/fr\/"},{"@type":"ListItem","position":2,"name":"\u00c0 notre propos","item":"https:\/\/linas.lt\/fr\/apie-mus\/"},{"@type":"ListItem","position":3,"name":"Pourquoi nous choisir?"}]},{"@type":"WebSite","@id":"https:\/\/linas.lt\/en\/#website","url":"https:\/\/linas.lt\/en\/","name":"linas.lt","description":"Viena did\u017eiausi\u0173 lin\u0173 tekstil\u0117s gamintoj\u0173 Lietuvoje ir Baltijos valstyb\u0117se. Gilios tradicijos, ilgamet\u0117 darbo patirtis puosel\u0117jama nuo 1957 m.","potentialAction":[{"@type":"SearchAction","target":{"@type":"EntryPoint","urlTemplate":"https:\/\/linas.lt\/en\/?s={search_term_string}"},"query-input":{"@type":"PropertyValueSpecification","valueRequired":true,"valueName":"search_term_string"}}],"inLanguage":"fr-FR"}]}},"_links":{"self":[{"href":"https:\/\/linas.lt\/fr\/wp-json\/wp\/v2\/pages\/2320","targetHints":{"allow":["GET"]}}],"collection":[{"href":"https:\/\/linas.lt\/fr\/wp-json\/wp\/v2\/pages"}],"about":[{"href":"https:\/\/linas.lt\/fr\/wp-json\/wp\/v2\/types\/page"}],"author":[{"embeddable":true,"href":"https:\/\/linas.lt\/fr\/wp-json\/wp\/v2\/users\/1"}],"replies":[{"embeddable":true,"href":"https:\/\/linas.lt\/fr\/wp-json\/wp\/v2\/comments?post=2320"}],"version-history":[{"count":6,"href":"https:\/\/linas.lt\/fr\/wp-json\/wp\/v2\/pages\/2320\/revisions"}],"predecessor-version":[{"id":16028,"href":"https:\/\/linas.lt\/fr\/wp-json\/wp\/v2\/pages\/2320\/revisions\/16028"}],"up":[{"embeddable":true,"href":"https:\/\/linas.lt\/fr\/wp-json\/wp\/v2\/pages\/2304"}],"wp:featuredmedia":[{"embeddable":true,"href":"https:\/\/linas.lt\/fr\/wp-json\/wp\/v2\/media\/2322"}],"wp:attachment":[{"href":"https:\/\/linas.lt\/fr\/wp-json\/wp\/v2\/media?parent=2320"}],"curies":[{"name":"wp","href":"https:\/\/api.w.org\/{rel}","templated":true}]}}