{"id":2334,"date":"2021-07-05T08:55:04","date_gmt":"2021-07-05T08:55:04","guid":{"rendered":"https:\/\/linas.lt\/apie-mus\/parodos\/"},"modified":"2026-02-27T10:37:32","modified_gmt":"2026-02-27T08:37:32","slug":"parodos","status":"publish","type":"page","link":"https:\/\/linas.lt\/fr\/apie-mus\/parodos\/","title":{"rendered":"Expositions"},"content":{"rendered":"<p>[vc_row][vc_column][vc_column_text]<\/p>\n<h2>SALLE D&rsquo;EXPOSITION VIRTUELLE<\/h2>\n<p>Bienvenue dans notre showroom num\u00e9rique. Vous trouverez ici les derni\u00e8res collections, des id\u00e9es et une large s\u00e9lection de tissus et de produits cousus. Si vous avez des questions, veuillez nous contacter par e-mail: <a href=\"mailto:office@linas.lt\">office@linas.lt<\/a> &#8211; notre \u00e9quipe est pr\u00eate \u00e0 vous aider \u00e0 prendre les meilleures d\u00e9cisions.<\/p>\n<p>Cliquez sur la collection s\u00e9lectionn\u00e9e pour la visualiser.[\/vc_column_text][vc_raw_html]JTNDZGl2JTIwY2xhc3MlM0QlMjJpbWFnZS1tYXAtd3JhcHBlciUyMiUzRSUwQSUyMCUyMCUyMCUyMCUzQ2ltZyUyMGNsYXNzJTNEJTIyYWxpZ25ub25lJTIwc2l6ZS1tZWRpdW0lMjB3cC1pbWFnZS0xNTczJTIyJTIwc3JjJTNEJTIyaHR0cHMlM0ElMkYlMkZsaW5hcy5sdCUyRndwLWNvbnRlbnQlMkZ1cGxvYWRzJTJGMjAyMSUyRjEwJTJGU1RFTkRBUy1lbi1zY2FsZWQuanBnJTIyJTIwYWx0JTNEJTIyJTIyJTNFJTNDYnIlM0UlMEElMjAlMjAlMjAlMjAlM0NhJTIwY2xhc3MlM0QlMjJpdGJsaW5raXRlbSUyMHNhbmRlbGlvYXNydGltZW50YXMlMjIlMjB0YXJnZXQlM0QlMjJfYmxhbmslMjIlMjBocmVmJTNEJTIyaHR0cHMlM0ElMkYlMkZsaW5hcy5sdCUyRmVuJTJGc3RvY2tzJTJGJTIyJTIwdGl0bGUlM0QlMjJQbGF0dXMlMjBhdWRpbmklQzUlQjMlMjBpciUyMGdhbWluaSVDNSVCMyUyMHBhc2lyaW5raW1hcyUyQyUyMGt1ciVDNCVBRiUyMHR1cmltZSUyMHNhbmQlQzQlOTdseWplJTIyJTIwcmVsJTNEJTIybm9vcGVuZXIlMjIlM0UlM0MlMkZhJTNFJTNDYnIlM0UlMEElMjAlMjAlMjAlMjAlM0NhJTIwY2xhc3MlM0QlMjJpdGJsaW5raXRlbSUyMGJhemluaWFpYXVkaW5pYWklMjIlMjB0YXJnZXQlM0QlMjJfYmxhbmslMjIlMjBocmVmJTNEJTIyaHR0cHMlM0ElMkYlMkZsaW5hcy5sdCUyRndwLWNvbnRlbnQlMkZ1cGxvYWRzJTJGMjAyMSUyRjA3JTJGUE9QLWJhemVzLTIwLW1hemFzLnBkZiUyMiUyMHRpdGxlJTNEJTIyQXVkaW5pJUM1JUIzJTIwa29sZWtjaWphJTJDJTIwa3VyaWFpJTIwbmV0YWlrb21hcyUyMG1pbmltYWxhdXMlMjB1JUM1JUJFc2FreW1vJTIwa2lla2lzJTIyJTIwcmVsJTNEJTIybm9vcGVuZXIlMjIlM0UlM0MlMkZhJTNFJTBBJTIwJTIwJTIwJTIwJTNDYSUyMGhyZWYlM0QlMjJodHRwcyUzQSUyRiUyRmxpbmFzLmx0JTJGd3AtY29udGVudCUyRnVwbG9hZHMlMkYyMDI0JTJGMDUlMkZUaGUtbGF0ZXN0LWNvbGxlY3Rpb24tb2Ytc2V3bi1wcm9kdWN0cy5wZGYlMjIlMjBjbGFzcyUzRCUyMml0YmxpbmtpdGVtJTIwYnJhbmRrb2xla2NpamElMjIlMjB0YXJnZXQlM0QlMjJfYmxhbmslMjIlMjByZWwlM0QlMjJub29wZW5lciUyMiUzRSUzQyUyRmElM0UlMEElM0MlMkZkaXYlM0UlMEE=[\/vc_raw_html][vc_column_text]<a href=\"https:\/\/linas.lt\/en\/catalog\/stocks\/\" target=\"_blank\" rel=\"noopener\">Un large choix de tissus et produits que nous avons en stock<\/a><\/p>\n<p><a href=\"https:\/\/linas.lt\/wp-content\/uploads\/2021\/09\/BRAND-COLLECTIONS.pdf\" target=\"_blank\" rel=\"noopener\">La derni\u00e8re collection de produits cousus<\/a><\/p>\n<p><a href=\"https:\/\/linas.lt\/wp-content\/uploads\/2024\/05\/Collection-de-tissus-qui-ne-sapplique-pas-a-la-quantite-minimum-de-commande.pdf\">Collection de tissus qui ne s&rsquo;applique pas \u00e0 la quantit\u00e9 minimum de commande<\/a>[\/vc_column_text][\/vc_column][\/vc_row][vc_row][vc_column][vc_column_text]<\/p>\n<h2>SALONS 2025 AUXQUELS NOUS PARTICIPONS:<\/h2>\n<p>[\/vc_column_text][vc_row_inner][vc_column_inner width=\u00a0\u00bb1\/3&Prime;][vc_single_image image=\u00a0\u00bb16703&Prime; img_size=\u00a0\u00bbmedium\u00a0\u00bb alignment=\u00a0\u00bbcenter\u00a0\u00bb][vc_column_text]<\/p>\n<p style=\"text-align: center;\">Fast textile (Pologne)<\/p>\n<p>[\/vc_column_text][\/vc_column_inner][vc_column_inner width=\u00a0\u00bb1\/3&Prime;][vc_single_image image=\u00a0\u00bb16706&Prime; img_size=\u00a0\u00bbfull\u00a0\u00bb alignment=\u00a0\u00bbcenter\u00a0\u00bb][vc_column_text]<\/p>\n<p style=\"text-align: center;\">Premiere Vision (France-Paris)<\/p>\n<p>[\/vc_column_text][\/vc_column_inner][vc_column_inner width=\u00a0\u00bb1\/3&Prime;][vc_single_image image=\u00a0\u00bb16715&Prime; img_size=\u00a0\u00bbmedium\u00a0\u00bb alignment=\u00a0\u00bbcenter\u00a0\u00bb][vc_column_text]<\/p>\n<p style=\"text-align: center;\">Heimtextil (Allemagne-Francfort)<\/p>\n<p>[\/vc_column_text][\/vc_column_inner][\/vc_row_inner][vc_row_inner][vc_column_inner width=\u00a0\u00bb1\/3&Prime;][vc_single_image image=\u00a0\u00bb16712&Prime; img_size=\u00a0\u00bbmedium\u00a0\u00bb alignment=\u00a0\u00bbcenter\u00a0\u00bb][vc_column_text]<\/p>\n<p style=\"text-align: center;\">The London Textile Fair (Royaume-Uni-Londres)<\/p>\n<p>[\/vc_column_text][\/vc_column_inner][vc_column_inner width=\u00a0\u00bb1\/3&Prime;][vc_single_image image=\u00a0\u00bb16709&Prime; img_size=\u00a0\u00bbfull\u00a0\u00bb alignment=\u00a0\u00bbcenter\u00a0\u00bb][vc_column_text]<\/p>\n<p style=\"text-align: center;\">Unica (Italie-Milan)<\/p>\n<p>[\/vc_column_text][\/vc_column_inner][\/vc_row_inner][\/vc_column][\/vc_row]<\/p>\n","protected":false},"excerpt":{"rendered":"<p>[vc_row][vc_column][vc_column_text] SALLE D&rsquo;EXPOSITION VIRTUELLE Bienvenue dans notre showroom num\u00e9rique. Vous trouverez ici les derni\u00e8res collections, des id\u00e9es et une large s\u00e9lection de tissus et de produits cousus. Si vous avez des questions, veuillez nous contacter par e-mail: office@linas.lt &#8211; notre \u00e9quipe est pr\u00eate \u00e0 vous aider \u00e0 prendre les meilleures d\u00e9cisions. Cliquez sur la collection [&hellip;]<\/p>\n","protected":false},"author":1,"featured_media":2285,"parent":2304,"menu_order":35,"comment_status":"closed","ping_status":"closed","template":"page-about-us.php","meta":{"_acf_changed":false,"footnotes":""},"class_list":["post-2334","page","type-page","status-publish","has-post-thumbnail","hentry"],"acf":[],"yoast_head":"<!-- This site is optimized with the Yoast SEO plugin v25.8 - https:\/\/yoast.com\/wordpress\/plugins\/seo\/ -->\n<title>Expositions - linas.lt<\/title>\n<meta name=\"robots\" content=\"index, follow, max-snippet:-1, max-image-preview:large, max-video-preview:-1\" \/>\n<link rel=\"canonical\" href=\"https:\/\/linas.lt\/fr\/apie-mus\/parodos\/\" \/>\n<meta property=\"og:locale\" content=\"fr_FR\" \/>\n<meta property=\"og:type\" content=\"article\" \/>\n<meta property=\"og:title\" content=\"Expositions - linas.lt\" \/>\n<meta property=\"og:description\" content=\"[vc_row][vc_column][vc_column_text] SALLE D&rsquo;EXPOSITION VIRTUELLE Bienvenue dans notre showroom num\u00e9rique. Vous trouverez ici les derni\u00e8res collections, des id\u00e9es et une large s\u00e9lection de tissus et de produits cousus. Si vous avez des questions, veuillez nous contacter par e-mail: office@linas.lt &#8211; notre \u00e9quipe est pr\u00eate \u00e0 vous aider \u00e0 prendre les meilleures d\u00e9cisions. Cliquez sur la collection [&hellip;]\" \/>\n<meta property=\"og:url\" content=\"https:\/\/linas.lt\/fr\/apie-mus\/parodos\/\" \/>\n<meta property=\"og:site_name\" content=\"linas.lt\" \/>\n<meta property=\"article:modified_time\" content=\"2026-02-27T08:37:32+00:00\" \/>\n<meta property=\"og:image\" content=\"https:\/\/linas.lt\/wp-content\/uploads\/2021\/07\/contacts-header-1.png\" \/>\n\t<meta property=\"og:image:width\" content=\"1170\" \/>\n\t<meta property=\"og:image:height\" content=\"423\" \/>\n\t<meta property=\"og:image:type\" content=\"image\/png\" \/>\n<meta name=\"twitter:card\" content=\"summary_large_image\" \/>\n<meta name=\"twitter:label1\" content=\"Dur\u00e9e de lecture estim\u00e9e\" \/>\n\t<meta name=\"twitter:data1\" content=\"2 minutes\" \/>\n<script type=\"application\/ld+json\" class=\"yoast-schema-graph\">{\"@context\":\"https:\/\/schema.org\",\"@graph\":[{\"@type\":\"WebPage\",\"@id\":\"https:\/\/linas.lt\/fr\/apie-mus\/parodos\/\",\"url\":\"https:\/\/linas.lt\/fr\/apie-mus\/parodos\/\",\"name\":\"Expositions - linas.lt\",\"isPartOf\":{\"@id\":\"https:\/\/linas.lt\/en\/#website\"},\"primaryImageOfPage\":{\"@id\":\"https:\/\/linas.lt\/fr\/apie-mus\/parodos\/#primaryimage\"},\"image\":{\"@id\":\"https:\/\/linas.lt\/fr\/apie-mus\/parodos\/#primaryimage\"},\"thumbnailUrl\":\"https:\/\/linas.lt\/wp-content\/uploads\/2021\/07\/contacts-header-1.png\",\"datePublished\":\"2021-07-05T08:55:04+00:00\",\"dateModified\":\"2026-02-27T08:37:32+00:00\",\"breadcrumb\":{\"@id\":\"https:\/\/linas.lt\/fr\/apie-mus\/parodos\/#breadcrumb\"},\"inLanguage\":\"fr-FR\",\"potentialAction\":[{\"@type\":\"ReadAction\",\"target\":[\"https:\/\/linas.lt\/fr\/apie-mus\/parodos\/\"]}]},{\"@type\":\"ImageObject\",\"inLanguage\":\"fr-FR\",\"@id\":\"https:\/\/linas.lt\/fr\/apie-mus\/parodos\/#primaryimage\",\"url\":\"https:\/\/linas.lt\/wp-content\/uploads\/2021\/07\/contacts-header-1.png\",\"contentUrl\":\"https:\/\/linas.lt\/wp-content\/uploads\/2021\/07\/contacts-header-1.png\",\"width\":1170,\"height\":423},{\"@type\":\"BreadcrumbList\",\"@id\":\"https:\/\/linas.lt\/fr\/apie-mus\/parodos\/#breadcrumb\",\"itemListElement\":[{\"@type\":\"ListItem\",\"position\":1,\"name\":\"Home\",\"item\":\"https:\/\/linas.lt\/fr\/\"},{\"@type\":\"ListItem\",\"position\":2,\"name\":\"\u00c0 notre propos\",\"item\":\"https:\/\/linas.lt\/fr\/apie-mus\/\"},{\"@type\":\"ListItem\",\"position\":3,\"name\":\"Expositions\"}]},{\"@type\":\"WebSite\",\"@id\":\"https:\/\/linas.lt\/en\/#website\",\"url\":\"https:\/\/linas.lt\/en\/\",\"name\":\"linas.lt\",\"description\":\"Viena did\u017eiausi\u0173 lin\u0173 tekstil\u0117s gamintoj\u0173 Lietuvoje ir Baltijos valstyb\u0117se. Gilios tradicijos, ilgamet\u0117 darbo patirtis puosel\u0117jama nuo 1957 m.\",\"potentialAction\":[{\"@type\":\"SearchAction\",\"target\":{\"@type\":\"EntryPoint\",\"urlTemplate\":\"https:\/\/linas.lt\/en\/?s={search_term_string}\"},\"query-input\":{\"@type\":\"PropertyValueSpecification\",\"valueRequired\":true,\"valueName\":\"search_term_string\"}}],\"inLanguage\":\"fr-FR\"}]}<\/script>\n<!-- \/ Yoast SEO plugin. -->","yoast_head_json":{"title":"Expositions - linas.lt","robots":{"index":"index","follow":"follow","max-snippet":"max-snippet:-1","max-image-preview":"max-image-preview:large","max-video-preview":"max-video-preview:-1"},"canonical":"https:\/\/linas.lt\/fr\/apie-mus\/parodos\/","og_locale":"fr_FR","og_type":"article","og_title":"Expositions - linas.lt","og_description":"[vc_row][vc_column][vc_column_text] SALLE D&rsquo;EXPOSITION VIRTUELLE Bienvenue dans notre showroom num\u00e9rique. Vous trouverez ici les derni\u00e8res collections, des id\u00e9es et une large s\u00e9lection de tissus et de produits cousus. Si vous avez des questions, veuillez nous contacter par e-mail: office@linas.lt &#8211; notre \u00e9quipe est pr\u00eate \u00e0 vous aider \u00e0 prendre les meilleures d\u00e9cisions. Cliquez sur la collection [&hellip;]","og_url":"https:\/\/linas.lt\/fr\/apie-mus\/parodos\/","og_site_name":"linas.lt","article_modified_time":"2026-02-27T08:37:32+00:00","og_image":[{"width":1170,"height":423,"url":"https:\/\/linas.lt\/wp-content\/uploads\/2021\/07\/contacts-header-1.png","type":"image\/png"}],"twitter_card":"summary_large_image","twitter_misc":{"Dur\u00e9e de lecture estim\u00e9e":"2 minutes"},"schema":{"@context":"https:\/\/schema.org","@graph":[{"@type":"WebPage","@id":"https:\/\/linas.lt\/fr\/apie-mus\/parodos\/","url":"https:\/\/linas.lt\/fr\/apie-mus\/parodos\/","name":"Expositions - linas.lt","isPartOf":{"@id":"https:\/\/linas.lt\/en\/#website"},"primaryImageOfPage":{"@id":"https:\/\/linas.lt\/fr\/apie-mus\/parodos\/#primaryimage"},"image":{"@id":"https:\/\/linas.lt\/fr\/apie-mus\/parodos\/#primaryimage"},"thumbnailUrl":"https:\/\/linas.lt\/wp-content\/uploads\/2021\/07\/contacts-header-1.png","datePublished":"2021-07-05T08:55:04+00:00","dateModified":"2026-02-27T08:37:32+00:00","breadcrumb":{"@id":"https:\/\/linas.lt\/fr\/apie-mus\/parodos\/#breadcrumb"},"inLanguage":"fr-FR","potentialAction":[{"@type":"ReadAction","target":["https:\/\/linas.lt\/fr\/apie-mus\/parodos\/"]}]},{"@type":"ImageObject","inLanguage":"fr-FR","@id":"https:\/\/linas.lt\/fr\/apie-mus\/parodos\/#primaryimage","url":"https:\/\/linas.lt\/wp-content\/uploads\/2021\/07\/contacts-header-1.png","contentUrl":"https:\/\/linas.lt\/wp-content\/uploads\/2021\/07\/contacts-header-1.png","width":1170,"height":423},{"@type":"BreadcrumbList","@id":"https:\/\/linas.lt\/fr\/apie-mus\/parodos\/#breadcrumb","itemListElement":[{"@type":"ListItem","position":1,"name":"Home","item":"https:\/\/linas.lt\/fr\/"},{"@type":"ListItem","position":2,"name":"\u00c0 notre propos","item":"https:\/\/linas.lt\/fr\/apie-mus\/"},{"@type":"ListItem","position":3,"name":"Expositions"}]},{"@type":"WebSite","@id":"https:\/\/linas.lt\/en\/#website","url":"https:\/\/linas.lt\/en\/","name":"linas.lt","description":"Viena did\u017eiausi\u0173 lin\u0173 tekstil\u0117s gamintoj\u0173 Lietuvoje ir Baltijos valstyb\u0117se. Gilios tradicijos, ilgamet\u0117 darbo patirtis puosel\u0117jama nuo 1957 m.","potentialAction":[{"@type":"SearchAction","target":{"@type":"EntryPoint","urlTemplate":"https:\/\/linas.lt\/en\/?s={search_term_string}"},"query-input":{"@type":"PropertyValueSpecification","valueRequired":true,"valueName":"search_term_string"}}],"inLanguage":"fr-FR"}]}},"_links":{"self":[{"href":"https:\/\/linas.lt\/fr\/wp-json\/wp\/v2\/pages\/2334","targetHints":{"allow":["GET"]}}],"collection":[{"href":"https:\/\/linas.lt\/fr\/wp-json\/wp\/v2\/pages"}],"about":[{"href":"https:\/\/linas.lt\/fr\/wp-json\/wp\/v2\/types\/page"}],"author":[{"embeddable":true,"href":"https:\/\/linas.lt\/fr\/wp-json\/wp\/v2\/users\/1"}],"replies":[{"embeddable":true,"href":"https:\/\/linas.lt\/fr\/wp-json\/wp\/v2\/comments?post=2334"}],"version-history":[{"count":62,"href":"https:\/\/linas.lt\/fr\/wp-json\/wp\/v2\/pages\/2334\/revisions"}],"predecessor-version":[{"id":17080,"href":"https:\/\/linas.lt\/fr\/wp-json\/wp\/v2\/pages\/2334\/revisions\/17080"}],"up":[{"embeddable":true,"href":"https:\/\/linas.lt\/fr\/wp-json\/wp\/v2\/pages\/2304"}],"wp:featuredmedia":[{"embeddable":true,"href":"https:\/\/linas.lt\/fr\/wp-json\/wp\/v2\/media\/2285"}],"wp:attachment":[{"href":"https:\/\/linas.lt\/fr\/wp-json\/wp\/v2\/media?parent=2334"}],"curies":[{"name":"wp","href":"https:\/\/api.w.org\/{rel}","templated":true}]}}