{"id":2350,"date":"2021-06-10T21:01:45","date_gmt":"2021-06-10T21:01:45","guid":{"rendered":"https:\/\/linas.lt\/salygos-ir-taisykles\/"},"modified":"2024-06-01T09:24:15","modified_gmt":"2024-06-01T06:24:15","slug":"salygos-ir-taisykles","status":"publish","type":"page","link":"https:\/\/linas.lt\/fr\/salygos-ir-taisykles\/","title":{"rendered":"Termes et conditions"},"content":{"rendered":"<p>[vc_row][vc_column][vc_column_text]<strong>PROTECTION DES DONNEES<\/strong><\/p>\n<p>La pr\u00e9sente politique de protection de la vie priv\u00e9e et de cookies (ci-apr\u00e8s d\u00e9nomm\u00e9e \u00ab\u00a0Politique\u00a0\u00bb) est appliqu\u00e9e lorsque vous visitez le site Internet linas.lt. La pr\u00e9sente Politique n&rsquo;est pas appliqu\u00e9e quand vous naviguez sur les sites Internet linas.lt.<\/p>\n<p>Nous recueillons les donn\u00e9es des visiteurs de notre site en respectant la Loi de la R\u00e9publique de Lituanie sur la protection juridique des donn\u00e9es personnelles, la Loi de la R\u00e9publique de Lituanie sur les communications \u00e9lectroniques, les actes l\u00e9gislatifs de l&rsquo;Union Europ\u00e9enne en mati\u00e8re de protection des donn\u00e9es personnelles, les autres actes juridiques et les instructions des autorit\u00e9s de contr\u00f4le.<\/p>\n<p><strong>Donn\u00e9es recueillies<\/strong><\/p>\n<p>En utilisant des cookies, nous recueillons les donn\u00e9es relatives \u00e0 l&rsquo;utilisation du site. Les types et la destination des cookies sont pr\u00e9sent\u00e9s dans le tableau ci-dessous.<\/p>\n<p>Nous prot\u00e9geons les donn\u00e9es relatives aux visiteurs du site linas.lt contre la perte, l&rsquo;utilisation non autoris\u00e9e et les modifications. Les employ\u00e9s de linas.lt ont assum\u00e9 une obligation \u00e9crite de ne pas divulguer ni diffuser l&rsquo;information re\u00e7ue relative aux clients de la soci\u00e9t\u00e9, y compris les visiteurs du site linas.lt, aux tiers.<\/p>\n<p><strong>Utilisation des cookies<\/strong><\/p>\n<p><script id=\"CookieDeclaration\" data-culture=\"en\" src=\"https:\/\/consent.cookiebot.com\/c914d357-bb78-47ee-9c09-d90123eb5c18\/cd.js\" type=\"text\/javascript\" async><\/script><\/p>\n<p><strong>Information sur les cookies utilis\u00e9s<\/strong><\/p>\n<table>\n<thead>\n<tr>\n<td>D\u00e9nomination<\/td>\n<td>Description<\/td>\n<td width=\"366\">Moment de cr\u00e9ation\/ P\u00e9riode de validit\u00e9<\/td>\n<\/tr>\n<\/thead>\n<tbody>\n<tr>\n<td>CMSSESSIDX<\/td>\n<td>Un cooky standard utilis\u00e9 pour la prolongation d&rsquo;une session de l&rsquo;utilisateur.<\/td>\n<td width=\"366\">Au moment d&rsquo;entr\u00e9e dans la page \/<br \/>\navant la fermeture d&rsquo;une fen\u00eatre du site Internet<\/td>\n<\/tr>\n<tr>\n<td>cookiesAgree<\/td>\n<td>Un cooky utilis\u00e9 pour savoir si vous avez accept\u00e9 l&rsquo;utilisation des cookies dans notre site<\/td>\n<td width=\"366\">Depuis le consentement\/Jusqu&rsquo;\u00e0 l&rsquo;effacement<\/td>\n<\/tr>\n<tr>\n<td>cookiesLevelX<\/td>\n<td>Un cooky permettant de distinguer les cookies de notre site dont l&rsquo;utilisation est autoris\u00e9e par vous<\/td>\n<td width=\"366\">Depuis le consentement\/Jusqu&rsquo;\u00e0 l&rsquo;effacement<\/td>\n<\/tr>\n<tr>\n<td>_ga<\/td>\n<td>Ce cooky est utilis\u00e9 par \u00ab\u00a0Google Analytics\u00a0\u00bb pour l&rsquo;\u00e9valuation des objectifs des visites de l&rsquo;utilisateur, la pr\u00e9paration des rapports sur l&rsquo;activit\u00e9 de la page aux op\u00e9rateurs des sites et l&rsquo;am\u00e9lioration de l&rsquo;exp\u00e9rience du client visitant le site.<\/td>\n<td width=\"366\">Depuis le consentement\/<br \/>\n2 ann\u00e9es.<\/td>\n<\/tr>\n<tr>\n<td>_gat<\/td>\n<td>Ces cookies sont utilis\u00e9s par \u00ab\u00a0Google Analytics\u00a0\u00bb pour recueillir l&rsquo;information sur la fr\u00e9quence des visites du site.<\/td>\n<td width=\"366\">Au moment de la premi\u00e8re visite de la page\/<br \/>\njusqu&rsquo;\u00e0 la fin de la session<\/td>\n<\/tr>\n<tr>\n<td>_gid<\/td>\n<td>Ce cooky est utilis\u00e9 par \u00ab\u00a0Google Analytics\u00a0\u00bb pour la reconnaissance d&rsquo;une personne.<\/td>\n<td width=\"366\">Au moment de la premi\u00e8re visite de la page\/<br \/>\npendant 2 jours<\/td>\n<\/tr>\n<\/tbody>\n<\/table>\n<p>Pour en savoir plus sur les cookies, par exemple, comment les g\u00e9rer ou les effacer, vous pouvez visiter\u00a0<a href=\"http:\/\/www.allaboutcookies.org\/\">http:\/\/www.allaboutcookies.org<\/a><br \/>\nPour savoir comment supprimer le suivi des pages Internet au moyen des cookies de \u00ab\u00a0Google Analytics\u00a0\u00bb, vous pouvez visiter\u00a0<a href=\"http:\/\/tools.google.com\/dlpage\/gaoptout\">http:\/\/tools.google.com\/dlpage\/gaoptout<\/a><\/p>\n<p><strong>Types des cookies<\/strong><\/p>\n<p>Les cookies peuvent \u00eatre classifi\u00e9s comme cookies de session, cookies persistants, cookies de premi\u00e8re partie et cookies de tierce partie. Nous allons expliquer le sens de ces termes pour que vous puissiez comprendre mieux la nature et le but d&rsquo;utilisation de nos cookies.<\/p>\n<p><strong>Cookies de session<\/strong><br \/>\nLes cookies de session permettent de Vous reconna\u00eetre pendant une visite de notre site pour que tous les changements de page et tous les choix soient m\u00e9moris\u00e9s lors du passage d&rsquo;une page \u00e0 l&rsquo;autre. Ces cookies permettent de traverser rapidement et facilement plusieurs pages du site pour qu&rsquo;il n&rsquo;y ait pas de besoin d&rsquo;analyser it\u00e9rativement l&rsquo;information d&rsquo;une rubrique nouvellement visit\u00e9e. Les cookies de session sont temporaires et disparaissent d\u00e8s que vous fermez le navigateur ou vous d\u00e9connectez du site.<\/p>\n<p><strong>Cookies persistants<\/strong><br \/>\nLes cookies persistants sont des cookies qui sont conserv\u00e9s sur votre ordinateur apr\u00e8s une session de navigation, donc ils peuvent enregistrer certains choix ou actes des utilisateurs lors d&rsquo;une visite it\u00e9rative du site.<\/p>\n<p><strong>Cookies de premi\u00e8re partie<\/strong><br \/>\nLes cookies n\u00e9cessaires pour un fonctionnement correct du site linas.lt.<\/p>\n<p><strong>Cookies de tierce partie<\/strong><br \/>\nLes cookies utilis\u00e9s par les autres organisations par l&rsquo;interm\u00e9diaire de notre site. Dans notre cas, le site linas.lt utilise les cookies de \u00ab\u00a0Google Analytics\u00a0\u00bb destin\u00e9s \u00e0 l&rsquo;analyse de la fr\u00e9quence des visites du site. \u00ab\u00a0Google Analytics\u00a0\u00bb recueillit les renseignements anonymes sur le nombre des visiteurs, le lieu d&rsquo;utilisation de notre site et les parties du site qui ont \u00e9t\u00e9 visit\u00e9es. Ces cookies ont \u00e9t\u00e9 cr\u00e9\u00e9s par \u00ab\u00a0Google Analytics\u00a0\u00bb. Pour en savoir plus sur \u00ab\u00a0Google Analytics\u00a0\u00bb, visitez <a href=\"http:\/\/www.google.com\/analytics\">http:\/\/www.google.com\/analytics<\/a>.<\/p>\n<p>Tous les renseignements recueillis au moyen des cookies sont conserv\u00e9s jusqu&rsquo;\u00e0 la fin de validit\u00e9 des cookies et ne sont pas utilis\u00e9s \u00e0 d&rsquo;autres fins que celles pr\u00e9vues par la pr\u00e9sente politique.<\/p>\n<p>Notre site contient des r\u00e9f\u00e9rences aux sites Internet d&rsquo;autres personnes, entreprises et organisations. Nous attirons votre attention sur le fait que linas.lt n&rsquo;est pas responsable du contenu de tels sites Internet ou des principes de respect de la vie priv\u00e9e qui y sont appliqu\u00e9s. Aussi, si Vous cliquez sur une r\u00e9f\u00e9rence aux autres sites publi\u00e9e sur le site Internet linas.lt, Vous devriez vous int\u00e9resser \u00e0 la politique de respect de la vie priv\u00e9e de ces sites.<\/p>\n<p><strong>Vos droits<\/strong><\/p>\n<p>Vous avez le droit de prendre connaissance de vos donn\u00e9es qui ont \u00e9t\u00e9 recueillies au moyen des cookies et sont administr\u00e9es par nous. Vous avez \u00e9galement le droit de requ\u00e9rir que les donn\u00e9es incorrectes, incompl\u00e8tes et impr\u00e9cises soient corrig\u00e9es.<\/p>\n<p>Si vous avez des questions ou d\u00e9sirez r\u00e9aliser vos droits, n&rsquo;h\u00e9sitez pas \u00e0 nous contacter par courrier \u00e9lectronique \u00e0 l&rsquo;adresse\u00a0<a href=\"mailto:office@linas.lt\">office@linas.lt<\/a>\u00a0ou aux autres modes pr\u00e9vus sur ce site.[\/vc_column_text][\/vc_column][\/vc_row]<\/p>\n","protected":false},"excerpt":{"rendered":"<p>[vc_row][vc_column][vc_column_text]PROTECTION DES DONNEES La pr\u00e9sente politique de protection de la vie priv\u00e9e et de cookies (ci-apr\u00e8s d\u00e9nomm\u00e9e \u00ab\u00a0Politique\u00a0\u00bb) est appliqu\u00e9e lorsque vous visitez le site Internet linas.lt. La pr\u00e9sente Politique n&rsquo;est pas appliqu\u00e9e quand vous naviguez sur les sites Internet linas.lt. Nous recueillons les donn\u00e9es des visiteurs de notre site en respectant la Loi de [&hellip;]<\/p>\n","protected":false},"author":1,"featured_media":11103,"parent":0,"menu_order":50,"comment_status":"closed","ping_status":"open","template":"","meta":{"_acf_changed":false,"footnotes":""},"class_list":["post-2350","page","type-page","status-publish","has-post-thumbnail","hentry"],"acf":[],"yoast_head":"<!-- This site is optimized with the Yoast SEO plugin v25.8 - https:\/\/yoast.com\/wordpress\/plugins\/seo\/ -->\n<title>Termes et conditions - linas.lt<\/title>\n<meta name=\"robots\" content=\"index, follow, max-snippet:-1, max-image-preview:large, max-video-preview:-1\" \/>\n<link rel=\"canonical\" href=\"https:\/\/linas.lt\/fr\/salygos-ir-taisykles\/\" \/>\n<meta property=\"og:locale\" content=\"fr_FR\" \/>\n<meta property=\"og:type\" content=\"article\" \/>\n<meta property=\"og:title\" content=\"Termes et conditions - linas.lt\" \/>\n<meta property=\"og:description\" content=\"[vc_row][vc_column][vc_column_text]PROTECTION DES DONNEES La pr\u00e9sente politique de protection de la vie priv\u00e9e et de cookies (ci-apr\u00e8s d\u00e9nomm\u00e9e \u00ab\u00a0Politique\u00a0\u00bb) est appliqu\u00e9e lorsque vous visitez le site Internet linas.lt. La pr\u00e9sente Politique n&rsquo;est pas appliqu\u00e9e quand vous naviguez sur les sites Internet linas.lt. Nous recueillons les donn\u00e9es des visiteurs de notre site en respectant la Loi de [&hellip;]\" \/>\n<meta property=\"og:url\" content=\"https:\/\/linas.lt\/fr\/salygos-ir-taisykles\/\" \/>\n<meta property=\"og:site_name\" content=\"linas.lt\" \/>\n<meta property=\"article:modified_time\" content=\"2024-06-01T06:24:15+00:00\" \/>\n<meta property=\"og:image\" content=\"https:\/\/linas.lt\/wp-content\/uploads\/2021\/10\/duomenu-apsauga-scaled.jpg\" \/>\n\t<meta property=\"og:image:width\" content=\"2560\" \/>\n\t<meta property=\"og:image:height\" content=\"1024\" \/>\n\t<meta property=\"og:image:type\" content=\"image\/jpeg\" \/>\n<meta name=\"twitter:card\" content=\"summary_large_image\" \/>\n<meta name=\"twitter:label1\" content=\"Dur\u00e9e de lecture estim\u00e9e\" \/>\n\t<meta name=\"twitter:data1\" content=\"6 minutes\" \/>\n<script type=\"application\/ld+json\" class=\"yoast-schema-graph\">{\"@context\":\"https:\/\/schema.org\",\"@graph\":[{\"@type\":\"WebPage\",\"@id\":\"https:\/\/linas.lt\/fr\/salygos-ir-taisykles\/\",\"url\":\"https:\/\/linas.lt\/fr\/salygos-ir-taisykles\/\",\"name\":\"Termes et conditions - linas.lt\",\"isPartOf\":{\"@id\":\"https:\/\/linas.lt\/en\/#website\"},\"primaryImageOfPage\":{\"@id\":\"https:\/\/linas.lt\/fr\/salygos-ir-taisykles\/#primaryimage\"},\"image\":{\"@id\":\"https:\/\/linas.lt\/fr\/salygos-ir-taisykles\/#primaryimage\"},\"thumbnailUrl\":\"https:\/\/linas.lt\/wp-content\/uploads\/2021\/10\/duomenu-apsauga-scaled.jpg\",\"datePublished\":\"2021-06-10T21:01:45+00:00\",\"dateModified\":\"2024-06-01T06:24:15+00:00\",\"breadcrumb\":{\"@id\":\"https:\/\/linas.lt\/fr\/salygos-ir-taisykles\/#breadcrumb\"},\"inLanguage\":\"fr-FR\",\"potentialAction\":[{\"@type\":\"ReadAction\",\"target\":[\"https:\/\/linas.lt\/fr\/salygos-ir-taisykles\/\"]}]},{\"@type\":\"ImageObject\",\"inLanguage\":\"fr-FR\",\"@id\":\"https:\/\/linas.lt\/fr\/salygos-ir-taisykles\/#primaryimage\",\"url\":\"https:\/\/linas.lt\/wp-content\/uploads\/2021\/10\/duomenu-apsauga-scaled.jpg\",\"contentUrl\":\"https:\/\/linas.lt\/wp-content\/uploads\/2021\/10\/duomenu-apsauga-scaled.jpg\",\"width\":2560,\"height\":1024},{\"@type\":\"BreadcrumbList\",\"@id\":\"https:\/\/linas.lt\/fr\/salygos-ir-taisykles\/#breadcrumb\",\"itemListElement\":[{\"@type\":\"ListItem\",\"position\":1,\"name\":\"Home\",\"item\":\"https:\/\/linas.lt\/fr\/\"},{\"@type\":\"ListItem\",\"position\":2,\"name\":\"Termes et conditions\"}]},{\"@type\":\"WebSite\",\"@id\":\"https:\/\/linas.lt\/en\/#website\",\"url\":\"https:\/\/linas.lt\/en\/\",\"name\":\"linas.lt\",\"description\":\"Viena did\u017eiausi\u0173 lin\u0173 tekstil\u0117s gamintoj\u0173 Lietuvoje ir Baltijos valstyb\u0117se. Gilios tradicijos, ilgamet\u0117 darbo patirtis puosel\u0117jama nuo 1957 m.\",\"potentialAction\":[{\"@type\":\"SearchAction\",\"target\":{\"@type\":\"EntryPoint\",\"urlTemplate\":\"https:\/\/linas.lt\/en\/?s={search_term_string}\"},\"query-input\":{\"@type\":\"PropertyValueSpecification\",\"valueRequired\":true,\"valueName\":\"search_term_string\"}}],\"inLanguage\":\"fr-FR\"}]}<\/script>\n<!-- \/ Yoast SEO plugin. -->","yoast_head_json":{"title":"Termes et conditions - linas.lt","robots":{"index":"index","follow":"follow","max-snippet":"max-snippet:-1","max-image-preview":"max-image-preview:large","max-video-preview":"max-video-preview:-1"},"canonical":"https:\/\/linas.lt\/fr\/salygos-ir-taisykles\/","og_locale":"fr_FR","og_type":"article","og_title":"Termes et conditions - linas.lt","og_description":"[vc_row][vc_column][vc_column_text]PROTECTION DES DONNEES La pr\u00e9sente politique de protection de la vie priv\u00e9e et de cookies (ci-apr\u00e8s d\u00e9nomm\u00e9e \u00ab\u00a0Politique\u00a0\u00bb) est appliqu\u00e9e lorsque vous visitez le site Internet linas.lt. La pr\u00e9sente Politique n&rsquo;est pas appliqu\u00e9e quand vous naviguez sur les sites Internet linas.lt. Nous recueillons les donn\u00e9es des visiteurs de notre site en respectant la Loi de [&hellip;]","og_url":"https:\/\/linas.lt\/fr\/salygos-ir-taisykles\/","og_site_name":"linas.lt","article_modified_time":"2024-06-01T06:24:15+00:00","og_image":[{"width":2560,"height":1024,"url":"https:\/\/linas.lt\/wp-content\/uploads\/2021\/10\/duomenu-apsauga-scaled.jpg","type":"image\/jpeg"}],"twitter_card":"summary_large_image","twitter_misc":{"Dur\u00e9e de lecture estim\u00e9e":"6 minutes"},"schema":{"@context":"https:\/\/schema.org","@graph":[{"@type":"WebPage","@id":"https:\/\/linas.lt\/fr\/salygos-ir-taisykles\/","url":"https:\/\/linas.lt\/fr\/salygos-ir-taisykles\/","name":"Termes et conditions - linas.lt","isPartOf":{"@id":"https:\/\/linas.lt\/en\/#website"},"primaryImageOfPage":{"@id":"https:\/\/linas.lt\/fr\/salygos-ir-taisykles\/#primaryimage"},"image":{"@id":"https:\/\/linas.lt\/fr\/salygos-ir-taisykles\/#primaryimage"},"thumbnailUrl":"https:\/\/linas.lt\/wp-content\/uploads\/2021\/10\/duomenu-apsauga-scaled.jpg","datePublished":"2021-06-10T21:01:45+00:00","dateModified":"2024-06-01T06:24:15+00:00","breadcrumb":{"@id":"https:\/\/linas.lt\/fr\/salygos-ir-taisykles\/#breadcrumb"},"inLanguage":"fr-FR","potentialAction":[{"@type":"ReadAction","target":["https:\/\/linas.lt\/fr\/salygos-ir-taisykles\/"]}]},{"@type":"ImageObject","inLanguage":"fr-FR","@id":"https:\/\/linas.lt\/fr\/salygos-ir-taisykles\/#primaryimage","url":"https:\/\/linas.lt\/wp-content\/uploads\/2021\/10\/duomenu-apsauga-scaled.jpg","contentUrl":"https:\/\/linas.lt\/wp-content\/uploads\/2021\/10\/duomenu-apsauga-scaled.jpg","width":2560,"height":1024},{"@type":"BreadcrumbList","@id":"https:\/\/linas.lt\/fr\/salygos-ir-taisykles\/#breadcrumb","itemListElement":[{"@type":"ListItem","position":1,"name":"Home","item":"https:\/\/linas.lt\/fr\/"},{"@type":"ListItem","position":2,"name":"Termes et conditions"}]},{"@type":"WebSite","@id":"https:\/\/linas.lt\/en\/#website","url":"https:\/\/linas.lt\/en\/","name":"linas.lt","description":"Viena did\u017eiausi\u0173 lin\u0173 tekstil\u0117s gamintoj\u0173 Lietuvoje ir Baltijos valstyb\u0117se. Gilios tradicijos, ilgamet\u0117 darbo patirtis puosel\u0117jama nuo 1957 m.","potentialAction":[{"@type":"SearchAction","target":{"@type":"EntryPoint","urlTemplate":"https:\/\/linas.lt\/en\/?s={search_term_string}"},"query-input":{"@type":"PropertyValueSpecification","valueRequired":true,"valueName":"search_term_string"}}],"inLanguage":"fr-FR"}]}},"_links":{"self":[{"href":"https:\/\/linas.lt\/fr\/wp-json\/wp\/v2\/pages\/2350","targetHints":{"allow":["GET"]}}],"collection":[{"href":"https:\/\/linas.lt\/fr\/wp-json\/wp\/v2\/pages"}],"about":[{"href":"https:\/\/linas.lt\/fr\/wp-json\/wp\/v2\/types\/page"}],"author":[{"embeddable":true,"href":"https:\/\/linas.lt\/fr\/wp-json\/wp\/v2\/users\/1"}],"replies":[{"embeddable":true,"href":"https:\/\/linas.lt\/fr\/wp-json\/wp\/v2\/comments?post=2350"}],"version-history":[{"count":4,"href":"https:\/\/linas.lt\/fr\/wp-json\/wp\/v2\/pages\/2350\/revisions"}],"predecessor-version":[{"id":16096,"href":"https:\/\/linas.lt\/fr\/wp-json\/wp\/v2\/pages\/2350\/revisions\/16096"}],"wp:featuredmedia":[{"embeddable":true,"href":"https:\/\/linas.lt\/fr\/wp-json\/wp\/v2\/media\/11103"}],"wp:attachment":[{"href":"https:\/\/linas.lt\/fr\/wp-json\/wp\/v2\/media?parent=2350"}],"curies":[{"name":"wp","href":"https:\/\/api.w.org\/{rel}","templated":true}]}}